{"id":174,"date":"2019-06-09T11:47:57","date_gmt":"2019-06-09T08:47:57","guid":{"rendered":"https:\/\/tiviafi.test.cchosting.fi\/tietoturva\/?page_id=174"},"modified":"2024-05-31T13:43:38","modified_gmt":"2024-05-31T10:43:38","slug":"toiminnan-tarkoitus","status":"publish","type":"page","link":"https:\/\/tivia-jasenyhdistykset.fi\/tietoturva\/yhdistys\/toiminnan-tarkoitus\/","title":{"rendered":"Toiminnan tarkoitus"},"content":{"rendered":"<p>Tietoturva ry:n s\u00e4\u00e4nt\u00f6m\u00e4\u00e4r\u00e4isen\u00e4 tarkoituksena on toimia j\u00e4sentens\u00e4 yhdyssiteen\u00e4 ja edist\u00e4\u00e4 j\u00e4senten yhteistoimintaa, tukea j\u00e4senten pyrkimyksi\u00e4 kehitt\u00e4\u00e4 ja yll\u00e4pit\u00e4\u00e4 tietoturvatoiminnan ammattitaitoa ja laatua, edist\u00e4\u00e4 tietoturvallisuutta ja hyvien tietoturvatapojen noudattamista tietoturvallisuuden kaikilla eri osa-alueilla.<\/p>\n<p>Keskeisen\u00e4 tavoitteena on toimia yhteistoiminnan edist\u00e4j\u00e4n\u00e4 tietoturva-alalla ja j\u00e4sentens\u00e4 yhdyssiteen\u00e4.<\/p>\n<p>Keskeisin\u00e4 toimintamuotoina ovat erilaisten tapahtumien, keskustelutilaisuuksien ja yritysvierailuiden j\u00e4rjest\u00e4minen, sek\u00e4 esimerkiksi tietoturvasis\u00e4ll\u00f6n tuottaminen yhteisty\u00f6tahojen tilaisuuksiin. Lis\u00e4ksi tuemme erityisesti j\u00e4sentemme tietoturvallisuuden ammattitaidon kehitt\u00e4mist\u00e4 j\u00e4rjest\u00e4m\u00e4ll\u00e4 koulutustoimintaa yhteisty\u00f6kumppanien kanssa.<\/p>\n","protected":false},"excerpt":{"rendered":"<p>Tietoturva ry:n s\u00e4\u00e4nt\u00f6m\u00e4\u00e4r\u00e4isen\u00e4 tarkoituksena on toimia j\u00e4sentens\u00e4 yhdyssiteen\u00e4 ja edist\u00e4\u00e4 j\u00e4senten yhteistoimintaa, tukea j\u00e4senten pyrkimyksi\u00e4 kehitt\u00e4\u00e4 ja yll\u00e4pit\u00e4\u00e4 tietoturvatoiminnan ammattitaitoa ja laatua, edist\u00e4\u00e4 tietoturvallisuutta ja hyvien tietoturvatapojen noudattamista tietoturvallisuuden kaikilla eri osa-alueilla.<\/p>\n<p>Keskeisen\u00e4 tavoitteena on toimia yhteistoiminnan edist\u00e4j\u00e4n\u00e4 tietoturva-alalla ja j\u00e4sentens\u00e4 yhdyssiteen\u00e4.<\/p>\n","protected":false},"author":2408,"featured_media":0,"parent":76,"menu_order":0,"comment_status":"closed","ping_status":"closed","template":"","meta":{"_acf_changed":false,"footnotes":""},"class_list":["post-174","page","type-page","status-publish","hentry"],"acf":[],"yoast_head":"<!-- This site is optimized with the Yoast SEO plugin v27.5 - https:\/\/yoast.com\/product\/yoast-seo-wordpress\/ -->\n<title>Toiminnan tarkoitus - Tietoturva ry<\/title>\n<meta name=\"robots\" content=\"index, follow, max-snippet:-1, max-image-preview:large, max-video-preview:-1\" \/>\n<link rel=\"canonical\" href=\"https:\/\/tivia-jasenyhdistykset.fi\/tietoturva\/yhdistys\/toiminnan-tarkoitus\/\" \/>\n<meta property=\"og:locale\" content=\"fi_FI\" \/>\n<meta property=\"og:type\" content=\"article\" \/>\n<meta property=\"og:title\" content=\"Toiminnan tarkoitus - Tietoturva ry\" \/>\n<meta property=\"og:description\" content=\"Tietoturva ry:n s\u00e4\u00e4nt\u00f6m\u00e4\u00e4r\u00e4isen\u00e4 tarkoituksena on toimia j\u00e4sentens\u00e4 yhdyssiteen\u00e4 ja edist\u00e4\u00e4 j\u00e4senten yhteistoimintaa, tukea j\u00e4senten pyrkimyksi\u00e4 kehitt\u00e4\u00e4 ja yll\u00e4pit\u00e4\u00e4 tietoturvatoiminnan ammattitaitoa ja laatua, edist\u00e4\u00e4 tietoturvallisuutta ja hyvien tietoturvatapojen noudattamista tietoturvallisuuden kaikilla eri osa-alueilla. Keskeisen\u00e4 tavoitteena on toimia yhteistoiminnan edist\u00e4j\u00e4n\u00e4 tietoturva-alalla ja j\u00e4sentens\u00e4 yhdyssiteen\u00e4.\" \/>\n<meta property=\"og:url\" content=\"https:\/\/tivia-jasenyhdistykset.fi\/tietoturva\/yhdistys\/toiminnan-tarkoitus\/\" \/>\n<meta property=\"og:site_name\" content=\"Tietoturva ry\" \/>\n<meta property=\"article:publisher\" content=\"https:\/\/www.facebook.com\/TietoturvaRy\/\" \/>\n<meta property=\"article:modified_time\" content=\"2024-05-31T10:43:38+00:00\" \/>\n<meta property=\"og:image\" content=\"https:\/\/tivia-jasenyhdistykset.fi\/tietoturva\/wp-content\/uploads\/sites\/7\/2021\/05\/Tietoturva-logo-2018-100.png\" \/>\n\t<meta property=\"og:image:width\" content=\"73\" \/>\n\t<meta property=\"og:image:height\" content=\"100\" \/>\n\t<meta property=\"og:image:type\" content=\"image\/png\" \/>\n<meta name=\"twitter:card\" content=\"summary_large_image\" \/>\n<meta name=\"twitter:site\" content=\"@tietoturva_ry\" \/>\n<meta name=\"twitter:label1\" content=\"Arvioitu lukuaika\" \/>\n\t<meta name=\"twitter:data1\" content=\"1 minuutti\" \/>\n<script type=\"application\/ld+json\" class=\"yoast-schema-graph\">{\"@context\":\"https:\\\/\\\/schema.org\",\"@graph\":[{\"@type\":\"WebPage\",\"@id\":\"https:\\\/\\\/tivia-jasenyhdistykset.fi\\\/tietoturva\\\/yhdistys\\\/toiminnan-tarkoitus\\\/\",\"url\":\"https:\\\/\\\/tivia-jasenyhdistykset.fi\\\/tietoturva\\\/yhdistys\\\/toiminnan-tarkoitus\\\/\",\"name\":\"Toiminnan tarkoitus - Tietoturva ry\",\"isPartOf\":{\"@id\":\"https:\\\/\\\/tivia-jasenyhdistykset.fi\\\/tietoturva\\\/#website\"},\"datePublished\":\"2019-06-09T08:47:57+00:00\",\"dateModified\":\"2024-05-31T10:43:38+00:00\",\"breadcrumb\":{\"@id\":\"https:\\\/\\\/tivia-jasenyhdistykset.fi\\\/tietoturva\\\/yhdistys\\\/toiminnan-tarkoitus\\\/#breadcrumb\"},\"inLanguage\":\"fi\",\"potentialAction\":[{\"@type\":\"ReadAction\",\"target\":[\"https:\\\/\\\/tivia-jasenyhdistykset.fi\\\/tietoturva\\\/yhdistys\\\/toiminnan-tarkoitus\\\/\"]}]},{\"@type\":\"BreadcrumbList\",\"@id\":\"https:\\\/\\\/tivia-jasenyhdistykset.fi\\\/tietoturva\\\/yhdistys\\\/toiminnan-tarkoitus\\\/#breadcrumb\",\"itemListElement\":[{\"@type\":\"ListItem\",\"position\":1,\"name\":\"Etusivu\",\"item\":\"https:\\\/\\\/tivia-jasenyhdistykset.fi\\\/tietoturva\\\/\"},{\"@type\":\"ListItem\",\"position\":2,\"name\":\"Yhdistys\",\"item\":\"https:\\\/\\\/tivia-jasenyhdistykset.fi\\\/tietoturva\\\/yhdistys\\\/\"},{\"@type\":\"ListItem\",\"position\":3,\"name\":\"Toiminnan tarkoitus\"}]},{\"@type\":\"WebSite\",\"@id\":\"https:\\\/\\\/tivia-jasenyhdistykset.fi\\\/tietoturva\\\/#website\",\"url\":\"https:\\\/\\\/tivia-jasenyhdistykset.fi\\\/tietoturva\\\/\",\"name\":\"Tietoturva ry\",\"description\":\"Suomen suurin tietoturva-ammattilaisten verkosto\",\"publisher\":{\"@id\":\"https:\\\/\\\/tivia-jasenyhdistykset.fi\\\/tietoturva\\\/#organization\"},\"potentialAction\":[{\"@type\":\"SearchAction\",\"target\":{\"@type\":\"EntryPoint\",\"urlTemplate\":\"https:\\\/\\\/tivia-jasenyhdistykset.fi\\\/tietoturva\\\/?s={search_term_string}\"},\"query-input\":{\"@type\":\"PropertyValueSpecification\",\"valueRequired\":true,\"valueName\":\"search_term_string\"}}],\"inLanguage\":\"fi\"},{\"@type\":\"Organization\",\"@id\":\"https:\\\/\\\/tivia-jasenyhdistykset.fi\\\/tietoturva\\\/#organization\",\"name\":\"Tietoturva ry\",\"url\":\"https:\\\/\\\/tivia-jasenyhdistykset.fi\\\/tietoturva\\\/\",\"logo\":{\"@type\":\"ImageObject\",\"inLanguage\":\"fi\",\"@id\":\"https:\\\/\\\/tivia-jasenyhdistykset.fi\\\/tietoturva\\\/#\\\/schema\\\/logo\\\/image\\\/\",\"url\":\"https:\\\/\\\/tietoturva.fi\\\/wp-content\\\/uploads\\\/sites\\\/7\\\/2021\\\/05\\\/Tietoturva-logo-2018-100.png\",\"contentUrl\":\"https:\\\/\\\/tietoturva.fi\\\/wp-content\\\/uploads\\\/sites\\\/7\\\/2021\\\/05\\\/Tietoturva-logo-2018-100.png\",\"width\":73,\"height\":100,\"caption\":\"Tietoturva ry\"},\"image\":{\"@id\":\"https:\\\/\\\/tivia-jasenyhdistykset.fi\\\/tietoturva\\\/#\\\/schema\\\/logo\\\/image\\\/\"},\"sameAs\":[\"https:\\\/\\\/www.facebook.com\\\/TietoturvaRy\\\/\",\"https:\\\/\\\/x.com\\\/tietoturva_ry\",\"https:\\\/\\\/www.linkedin.com\\\/company\\\/tietoturva\\\/\",\"https:\\\/\\\/www.youtube.com\\\/channel\\\/UCmXkytjYpJ4_N2msCNy69sw\\\/\"]}]}<\/script>\n<!-- \/ Yoast SEO plugin. -->","yoast_head_json":{"title":"Toiminnan tarkoitus - Tietoturva ry","robots":{"index":"index","follow":"follow","max-snippet":"max-snippet:-1","max-image-preview":"max-image-preview:large","max-video-preview":"max-video-preview:-1"},"canonical":"https:\/\/tivia-jasenyhdistykset.fi\/tietoturva\/yhdistys\/toiminnan-tarkoitus\/","og_locale":"fi_FI","og_type":"article","og_title":"Toiminnan tarkoitus - Tietoturva ry","og_description":"Tietoturva ry:n s\u00e4\u00e4nt\u00f6m\u00e4\u00e4r\u00e4isen\u00e4 tarkoituksena on toimia j\u00e4sentens\u00e4 yhdyssiteen\u00e4 ja edist\u00e4\u00e4 j\u00e4senten yhteistoimintaa, tukea j\u00e4senten pyrkimyksi\u00e4 kehitt\u00e4\u00e4 ja yll\u00e4pit\u00e4\u00e4 tietoturvatoiminnan ammattitaitoa ja laatua, edist\u00e4\u00e4 tietoturvallisuutta ja hyvien tietoturvatapojen noudattamista tietoturvallisuuden kaikilla eri osa-alueilla. Keskeisen\u00e4 tavoitteena on toimia yhteistoiminnan edist\u00e4j\u00e4n\u00e4 tietoturva-alalla ja j\u00e4sentens\u00e4 yhdyssiteen\u00e4.","og_url":"https:\/\/tivia-jasenyhdistykset.fi\/tietoturva\/yhdistys\/toiminnan-tarkoitus\/","og_site_name":"Tietoturva ry","article_publisher":"https:\/\/www.facebook.com\/TietoturvaRy\/","article_modified_time":"2024-05-31T10:43:38+00:00","og_image":[{"width":73,"height":100,"url":"https:\/\/tivia-jasenyhdistykset.fi\/tietoturva\/wp-content\/uploads\/sites\/7\/2021\/05\/Tietoturva-logo-2018-100.png","type":"image\/png"}],"twitter_card":"summary_large_image","twitter_site":"@tietoturva_ry","twitter_misc":{"Arvioitu lukuaika":"1 minuutti"},"schema":{"@context":"https:\/\/schema.org","@graph":[{"@type":"WebPage","@id":"https:\/\/tivia-jasenyhdistykset.fi\/tietoturva\/yhdistys\/toiminnan-tarkoitus\/","url":"https:\/\/tivia-jasenyhdistykset.fi\/tietoturva\/yhdistys\/toiminnan-tarkoitus\/","name":"Toiminnan tarkoitus - Tietoturva ry","isPartOf":{"@id":"https:\/\/tivia-jasenyhdistykset.fi\/tietoturva\/#website"},"datePublished":"2019-06-09T08:47:57+00:00","dateModified":"2024-05-31T10:43:38+00:00","breadcrumb":{"@id":"https:\/\/tivia-jasenyhdistykset.fi\/tietoturva\/yhdistys\/toiminnan-tarkoitus\/#breadcrumb"},"inLanguage":"fi","potentialAction":[{"@type":"ReadAction","target":["https:\/\/tivia-jasenyhdistykset.fi\/tietoturva\/yhdistys\/toiminnan-tarkoitus\/"]}]},{"@type":"BreadcrumbList","@id":"https:\/\/tivia-jasenyhdistykset.fi\/tietoturva\/yhdistys\/toiminnan-tarkoitus\/#breadcrumb","itemListElement":[{"@type":"ListItem","position":1,"name":"Etusivu","item":"https:\/\/tivia-jasenyhdistykset.fi\/tietoturva\/"},{"@type":"ListItem","position":2,"name":"Yhdistys","item":"https:\/\/tivia-jasenyhdistykset.fi\/tietoturva\/yhdistys\/"},{"@type":"ListItem","position":3,"name":"Toiminnan tarkoitus"}]},{"@type":"WebSite","@id":"https:\/\/tivia-jasenyhdistykset.fi\/tietoturva\/#website","url":"https:\/\/tivia-jasenyhdistykset.fi\/tietoturva\/","name":"Tietoturva ry","description":"Suomen suurin tietoturva-ammattilaisten verkosto","publisher":{"@id":"https:\/\/tivia-jasenyhdistykset.fi\/tietoturva\/#organization"},"potentialAction":[{"@type":"SearchAction","target":{"@type":"EntryPoint","urlTemplate":"https:\/\/tivia-jasenyhdistykset.fi\/tietoturva\/?s={search_term_string}"},"query-input":{"@type":"PropertyValueSpecification","valueRequired":true,"valueName":"search_term_string"}}],"inLanguage":"fi"},{"@type":"Organization","@id":"https:\/\/tivia-jasenyhdistykset.fi\/tietoturva\/#organization","name":"Tietoturva ry","url":"https:\/\/tivia-jasenyhdistykset.fi\/tietoturva\/","logo":{"@type":"ImageObject","inLanguage":"fi","@id":"https:\/\/tivia-jasenyhdistykset.fi\/tietoturva\/#\/schema\/logo\/image\/","url":"https:\/\/tietoturva.fi\/wp-content\/uploads\/sites\/7\/2021\/05\/Tietoturva-logo-2018-100.png","contentUrl":"https:\/\/tietoturva.fi\/wp-content\/uploads\/sites\/7\/2021\/05\/Tietoturva-logo-2018-100.png","width":73,"height":100,"caption":"Tietoturva ry"},"image":{"@id":"https:\/\/tivia-jasenyhdistykset.fi\/tietoturva\/#\/schema\/logo\/image\/"},"sameAs":["https:\/\/www.facebook.com\/TietoturvaRy\/","https:\/\/x.com\/tietoturva_ry","https:\/\/www.linkedin.com\/company\/tietoturva\/","https:\/\/www.youtube.com\/channel\/UCmXkytjYpJ4_N2msCNy69sw\/"]}]}},"_links":{"self":[{"href":"https:\/\/tivia-jasenyhdistykset.fi\/tietoturva\/wp-json\/wp\/v2\/pages\/174","targetHints":{"allow":["GET"]}}],"collection":[{"href":"https:\/\/tivia-jasenyhdistykset.fi\/tietoturva\/wp-json\/wp\/v2\/pages"}],"about":[{"href":"https:\/\/tivia-jasenyhdistykset.fi\/tietoturva\/wp-json\/wp\/v2\/types\/page"}],"author":[{"embeddable":true,"href":"https:\/\/tivia-jasenyhdistykset.fi\/tietoturva\/wp-json\/wp\/v2\/users\/2408"}],"replies":[{"embeddable":true,"href":"https:\/\/tivia-jasenyhdistykset.fi\/tietoturva\/wp-json\/wp\/v2\/comments?post=174"}],"version-history":[{"count":3,"href":"https:\/\/tivia-jasenyhdistykset.fi\/tietoturva\/wp-json\/wp\/v2\/pages\/174\/revisions"}],"predecessor-version":[{"id":1715,"href":"https:\/\/tivia-jasenyhdistykset.fi\/tietoturva\/wp-json\/wp\/v2\/pages\/174\/revisions\/1715"}],"up":[{"embeddable":true,"href":"https:\/\/tivia-jasenyhdistykset.fi\/tietoturva\/wp-json\/wp\/v2\/pages\/76"}],"wp:attachment":[{"href":"https:\/\/tivia-jasenyhdistykset.fi\/tietoturva\/wp-json\/wp\/v2\/media?parent=174"}],"curies":[{"name":"wp","href":"https:\/\/api.w.org\/{rel}","templated":true}]}}