{"id":183,"date":"2019-06-09T12:53:13","date_gmt":"2019-06-09T09:53:13","guid":{"rendered":"https:\/\/tiviafi.test.cchosting.fi\/tietoturva\/?page_id=183"},"modified":"2025-08-05T23:58:46","modified_gmt":"2025-08-05T20:58:46","slug":"yhteistyokumppanit-ja-jasenet","status":"publish","type":"page","link":"https:\/\/tivia-jasenyhdistykset.fi\/tietoturva\/yhdistys\/yhteistyokumppanit-ja-jasenet\/","title":{"rendered":"Yhteisty\u00f6kumppanit ja organisaatioj\u00e4senet"},"content":{"rendered":"<p data-start=\"143\" data-end=\"510\">Tietoturva ry on Suomen suurin tietoturva-ammattilaisten yhteis\u00f6 ja moni organisaatio haluaa olla mukana. Suomen suurin tietoturva-ammattilaisten yhteis\u00f6 ei toimi tyhji\u00f6ss\u00e4. Rakennamme tietoturvallisempaa Suomea yhdess\u00e4 niiden kanssa, jotka jakavat tavoitteemme: vahvistaa osaamista, lis\u00e4t\u00e4 tietoisuutta ja kehitt\u00e4\u00e4 toimintaymp\u00e4rist\u00f6\u00e4, jossa tietoturva on osa arkea ja p\u00e4\u00e4t\u00f6ksentekoa.<\/p>\n<p style=\"padding-left: 40px;\" data-start=\"109\" data-end=\"359\"><strong data-start=\"109\" data-end=\"359\">Yhteis\u00f6j\u00e4senyys<\/strong> on tarkoitettu yrityksille, viranomaisille, j\u00e4rjest\u00f6ille ja oppilaitoksille, jotka haluavat kehitt\u00e4\u00e4 tietoturvaosaamistaan, osallistua aktiivisesti verkoston toimintaan ja vahvistaa tietoturvan asemaa suomalaisessa yhteiskunnassa. Yhteis\u00f6j\u00e4senen\u00e4 koko henkil\u00f6st\u00f6nne p\u00e4\u00e4see osaksi asiantuntevaa verkostoa. Saatte n\u00e4kyvyytt\u00e4, osallistutte tapahtumiin ja vaikutatte alan kehitykseen yhdess\u00e4 muiden kanssa. Tutustukaa kaikkiin <a href=\"https:\/\/tivia.fi\/yritysjasenyys\" target=\"_blank\" rel=\"noopener\">j\u00e4senetuihin<\/a> ja <a href=\"https:\/\/tietoturva.fi\/jaseneksi\/\">liittyk\u00e4\u00e4 yhteis\u00f6j\u00e4seneksi<\/a>!<\/p>\n<p style=\"padding-left: 40px;\" data-start=\"505\" data-end=\"789\"><strong>Yhteisty\u00f6kumppaneidemme<\/strong> joukossa on alan johtavia yrityksi\u00e4, viranomaisia, j\u00e4rjest\u00f6j\u00e4 ja koulutusorganisaatioita. Heid\u00e4n kanssaan j\u00e4rjest\u00e4mme tapahtumia, jaamme asiantuntijuutta, tuotamme sis\u00e4lt\u00f6\u00e4 ja vaikutamme yhteiskunnalliseen keskusteluun.<\/p>\n<p data-start=\"505\" data-end=\"789\">Tervetuloa!<\/p>\n<h2 data-start=\"791\" data-end=\"1034\">Yhteisty\u00f6kumppanimme<\/h2>\n<p style=\"text-align: left;\"><a href=\"https:\/\/ecs-fi.arrow.com\/\">Arrow ECS Finland Oy<\/a> toimii Suomessa mm. Check Pointin, Citrixin, EC-Councilin, F5:n, IBM:n, Juniperin, Trend Micron, Veeamin ja VMwaren auktorisoituna koulutuskumppanina. Kurssitarjonta koostuu p\u00e4\u00e4miesten virallisista koulutuksista, jotka Arrow ECS Finland toteuttaa p\u00e4\u00e4miesten virallisilla koulutusmateriaaleillaan ja harjoituksillaan.\u00a0Arrow ECS tarjoaa IT-aiheisia peruskursseja, edistyneemmille ammattilaisille soveltuvia jatkokursseja sek\u00e4 yrityskohtaisia ja asiakkaiden tarpeisiin r\u00e4\u00e4t\u00e4l\u00f6ityj\u00e4 koulutuksia.<\/p>\n<p>Tietoturva ry:n j\u00e4senet saavat 20 % j\u00e4senalennuksen Arrow ECS:n koulutuksista.<\/p>\n<h2>Yhteis\u00f6j\u00e4senemme<\/h2>\n<p>2NS \u2013 Second Nature Security Oy<br \/>\nAsianajotoimisto Trust Oy<br \/>\nCheck Point Software Technologies<br \/>\nD-Fence Oy<br \/>\nE2 Software Oy<br \/>\nEmpower Oyj<br \/>\nIncrease AI Oy<br \/>\nInsta DefSec Oy<br \/>\nJyv\u00e4skyl\u00e4n Ammattikorkeakoulu IT-instituutti<br \/>\nKPMG Oy AB<br \/>\nLapit Oy<br \/>\nLexia Oy<br \/>\nLocotech Oy<br \/>\nLogiservice OY<br \/>\nLouhi Networks Oy<br \/>\nMaanpuolustuskorkeakoulu<br \/>\nMindop Ky<br \/>\nMint Security Oy<br \/>\nMonti Oy<br \/>\nNixu Oy<br \/>\nOtaverkko Oy<br \/>\nSamlink Oy<br \/>\nSorware avoin yhti\u00f6<br \/>\nS-Pankki Oy<br \/>\nSuojelupoliisi<br \/>\nVerizon Business<br \/>\nViestint\u00e4virasto \/ Kyberturvallisuuskeskus<br \/>\nXcure Solutions Oy<\/p>\n","protected":false},"excerpt":{"rendered":"<p data-start=\"143\" data-end=\"510\">Tietoturva ry on Suomen suurin tietoturva-ammattilaisten yhteis\u00f6 ja moni organisaatio haluaa olla mukana. Suomen suurin tietoturva-ammattilaisten yhteis\u00f6 ei toimi tyhji\u00f6ss\u00e4. Rakennamme tietoturvallisempaa Suomea yhdess\u00e4 niiden kanssa, jotka jakavat tavoitteemme: vahvistaa osaamista, lis\u00e4t\u00e4 tietoisuutta ja kehitt\u00e4\u00e4 toimintaymp\u00e4rist\u00f6\u00e4, jossa tietoturva on osa arkea ja p\u00e4\u00e4t\u00f6ksentekoa.<\/p>\n","protected":false},"author":2408,"featured_media":3149,"parent":76,"menu_order":0,"comment_status":"closed","ping_status":"closed","template":"","meta":{"_acf_changed":false,"footnotes":""},"class_list":["post-183","page","type-page","status-publish","has-post-thumbnail","hentry"],"acf":[],"yoast_head":"<!-- This site is optimized with the Yoast SEO plugin v27.5 - https:\/\/yoast.com\/product\/yoast-seo-wordpress\/ -->\n<title>Yhteisty\u00f6kumppanit ja organisaatioj\u00e4senet - Tietoturva ry<\/title>\n<meta name=\"robots\" content=\"index, follow, max-snippet:-1, max-image-preview:large, max-video-preview:-1\" \/>\n<link rel=\"canonical\" href=\"https:\/\/tivia-jasenyhdistykset.fi\/tietoturva\/yhdistys\/yhteistyokumppanit-ja-jasenet\/\" \/>\n<meta property=\"og:locale\" content=\"fi_FI\" \/>\n<meta property=\"og:type\" content=\"article\" \/>\n<meta property=\"og:title\" content=\"Yhteisty\u00f6kumppanit ja organisaatioj\u00e4senet - Tietoturva ry\" \/>\n<meta property=\"og:description\" content=\"Tietoturva ry on Suomen suurin tietoturva-ammattilaisten yhteis\u00f6 ja moni organisaatio haluaa olla mukana. Suomen suurin tietoturva-ammattilaisten yhteis\u00f6 ei toimi tyhji\u00f6ss\u00e4. Rakennamme tietoturvallisempaa Suomea yhdess\u00e4 niiden kanssa, jotka jakavat tavoitteemme: vahvistaa osaamista, lis\u00e4t\u00e4 tietoisuutta ja kehitt\u00e4\u00e4 toimintaymp\u00e4rist\u00f6\u00e4, jossa tietoturva on osa arkea ja p\u00e4\u00e4t\u00f6ksentekoa.\" \/>\n<meta property=\"og:url\" content=\"https:\/\/tivia-jasenyhdistykset.fi\/tietoturva\/yhdistys\/yhteistyokumppanit-ja-jasenet\/\" \/>\n<meta property=\"og:site_name\" content=\"Tietoturva ry\" \/>\n<meta property=\"article:publisher\" content=\"https:\/\/www.facebook.com\/TietoturvaRy\/\" \/>\n<meta property=\"article:modified_time\" content=\"2025-08-05T20:58:46+00:00\" \/>\n<meta property=\"og:image\" content=\"https:\/\/tivia-jasenyhdistykset.fi\/tietoturva\/wp-content\/uploads\/sites\/7\/2025\/08\/tietoturva-etusivu.jpg\" \/>\n\t<meta property=\"og:image:width\" content=\"1920\" \/>\n\t<meta property=\"og:image:height\" content=\"1080\" \/>\n\t<meta property=\"og:image:type\" content=\"image\/jpeg\" \/>\n<meta name=\"twitter:card\" content=\"summary_large_image\" \/>\n<meta name=\"twitter:site\" content=\"@tietoturva_ry\" \/>\n<meta name=\"twitter:label1\" content=\"Arvioitu lukuaika\" \/>\n\t<meta name=\"twitter:data1\" content=\"2 minuuttia\" \/>\n<script type=\"application\/ld+json\" class=\"yoast-schema-graph\">{\"@context\":\"https:\\\/\\\/schema.org\",\"@graph\":[{\"@type\":\"WebPage\",\"@id\":\"https:\\\/\\\/tivia-jasenyhdistykset.fi\\\/tietoturva\\\/yhdistys\\\/yhteistyokumppanit-ja-jasenet\\\/\",\"url\":\"https:\\\/\\\/tivia-jasenyhdistykset.fi\\\/tietoturva\\\/yhdistys\\\/yhteistyokumppanit-ja-jasenet\\\/\",\"name\":\"Yhteisty\u00f6kumppanit ja organisaatioj\u00e4senet - Tietoturva ry\",\"isPartOf\":{\"@id\":\"https:\\\/\\\/tivia-jasenyhdistykset.fi\\\/tietoturva\\\/#website\"},\"primaryImageOfPage\":{\"@id\":\"https:\\\/\\\/tivia-jasenyhdistykset.fi\\\/tietoturva\\\/yhdistys\\\/yhteistyokumppanit-ja-jasenet\\\/#primaryimage\"},\"image\":{\"@id\":\"https:\\\/\\\/tivia-jasenyhdistykset.fi\\\/tietoturva\\\/yhdistys\\\/yhteistyokumppanit-ja-jasenet\\\/#primaryimage\"},\"thumbnailUrl\":\"https:\\\/\\\/tivia-jasenyhdistykset.fi\\\/tietoturva\\\/wp-content\\\/uploads\\\/sites\\\/7\\\/2025\\\/08\\\/tietoturva-etusivu.jpg\",\"datePublished\":\"2019-06-09T09:53:13+00:00\",\"dateModified\":\"2025-08-05T20:58:46+00:00\",\"breadcrumb\":{\"@id\":\"https:\\\/\\\/tivia-jasenyhdistykset.fi\\\/tietoturva\\\/yhdistys\\\/yhteistyokumppanit-ja-jasenet\\\/#breadcrumb\"},\"inLanguage\":\"fi\",\"potentialAction\":[{\"@type\":\"ReadAction\",\"target\":[\"https:\\\/\\\/tivia-jasenyhdistykset.fi\\\/tietoturva\\\/yhdistys\\\/yhteistyokumppanit-ja-jasenet\\\/\"]}]},{\"@type\":\"ImageObject\",\"inLanguage\":\"fi\",\"@id\":\"https:\\\/\\\/tivia-jasenyhdistykset.fi\\\/tietoturva\\\/yhdistys\\\/yhteistyokumppanit-ja-jasenet\\\/#primaryimage\",\"url\":\"https:\\\/\\\/tivia-jasenyhdistykset.fi\\\/tietoturva\\\/wp-content\\\/uploads\\\/sites\\\/7\\\/2025\\\/08\\\/tietoturva-etusivu.jpg\",\"contentUrl\":\"https:\\\/\\\/tivia-jasenyhdistykset.fi\\\/tietoturva\\\/wp-content\\\/uploads\\\/sites\\\/7\\\/2025\\\/08\\\/tietoturva-etusivu.jpg\",\"width\":1920,\"height\":1080},{\"@type\":\"BreadcrumbList\",\"@id\":\"https:\\\/\\\/tivia-jasenyhdistykset.fi\\\/tietoturva\\\/yhdistys\\\/yhteistyokumppanit-ja-jasenet\\\/#breadcrumb\",\"itemListElement\":[{\"@type\":\"ListItem\",\"position\":1,\"name\":\"Etusivu\",\"item\":\"https:\\\/\\\/tivia-jasenyhdistykset.fi\\\/tietoturva\\\/\"},{\"@type\":\"ListItem\",\"position\":2,\"name\":\"Yhdistys\",\"item\":\"https:\\\/\\\/tivia-jasenyhdistykset.fi\\\/tietoturva\\\/yhdistys\\\/\"},{\"@type\":\"ListItem\",\"position\":3,\"name\":\"Yhteisty\u00f6kumppanit ja organisaatioj\u00e4senet\"}]},{\"@type\":\"WebSite\",\"@id\":\"https:\\\/\\\/tivia-jasenyhdistykset.fi\\\/tietoturva\\\/#website\",\"url\":\"https:\\\/\\\/tivia-jasenyhdistykset.fi\\\/tietoturva\\\/\",\"name\":\"Tietoturva ry\",\"description\":\"Suomen suurin tietoturva-ammattilaisten verkosto\",\"publisher\":{\"@id\":\"https:\\\/\\\/tivia-jasenyhdistykset.fi\\\/tietoturva\\\/#organization\"},\"potentialAction\":[{\"@type\":\"SearchAction\",\"target\":{\"@type\":\"EntryPoint\",\"urlTemplate\":\"https:\\\/\\\/tivia-jasenyhdistykset.fi\\\/tietoturva\\\/?s={search_term_string}\"},\"query-input\":{\"@type\":\"PropertyValueSpecification\",\"valueRequired\":true,\"valueName\":\"search_term_string\"}}],\"inLanguage\":\"fi\"},{\"@type\":\"Organization\",\"@id\":\"https:\\\/\\\/tivia-jasenyhdistykset.fi\\\/tietoturva\\\/#organization\",\"name\":\"Tietoturva ry\",\"url\":\"https:\\\/\\\/tivia-jasenyhdistykset.fi\\\/tietoturva\\\/\",\"logo\":{\"@type\":\"ImageObject\",\"inLanguage\":\"fi\",\"@id\":\"https:\\\/\\\/tivia-jasenyhdistykset.fi\\\/tietoturva\\\/#\\\/schema\\\/logo\\\/image\\\/\",\"url\":\"https:\\\/\\\/tietoturva.fi\\\/wp-content\\\/uploads\\\/sites\\\/7\\\/2021\\\/05\\\/Tietoturva-logo-2018-100.png\",\"contentUrl\":\"https:\\\/\\\/tietoturva.fi\\\/wp-content\\\/uploads\\\/sites\\\/7\\\/2021\\\/05\\\/Tietoturva-logo-2018-100.png\",\"width\":73,\"height\":100,\"caption\":\"Tietoturva ry\"},\"image\":{\"@id\":\"https:\\\/\\\/tivia-jasenyhdistykset.fi\\\/tietoturva\\\/#\\\/schema\\\/logo\\\/image\\\/\"},\"sameAs\":[\"https:\\\/\\\/www.facebook.com\\\/TietoturvaRy\\\/\",\"https:\\\/\\\/x.com\\\/tietoturva_ry\",\"https:\\\/\\\/www.linkedin.com\\\/company\\\/tietoturva\\\/\",\"https:\\\/\\\/www.youtube.com\\\/channel\\\/UCmXkytjYpJ4_N2msCNy69sw\\\/\"]}]}<\/script>\n<!-- \/ Yoast SEO plugin. -->","yoast_head_json":{"title":"Yhteisty\u00f6kumppanit ja organisaatioj\u00e4senet - Tietoturva ry","robots":{"index":"index","follow":"follow","max-snippet":"max-snippet:-1","max-image-preview":"max-image-preview:large","max-video-preview":"max-video-preview:-1"},"canonical":"https:\/\/tivia-jasenyhdistykset.fi\/tietoturva\/yhdistys\/yhteistyokumppanit-ja-jasenet\/","og_locale":"fi_FI","og_type":"article","og_title":"Yhteisty\u00f6kumppanit ja organisaatioj\u00e4senet - Tietoturva ry","og_description":"Tietoturva ry on Suomen suurin tietoturva-ammattilaisten yhteis\u00f6 ja moni organisaatio haluaa olla mukana. Suomen suurin tietoturva-ammattilaisten yhteis\u00f6 ei toimi tyhji\u00f6ss\u00e4. Rakennamme tietoturvallisempaa Suomea yhdess\u00e4 niiden kanssa, jotka jakavat tavoitteemme: vahvistaa osaamista, lis\u00e4t\u00e4 tietoisuutta ja kehitt\u00e4\u00e4 toimintaymp\u00e4rist\u00f6\u00e4, jossa tietoturva on osa arkea ja p\u00e4\u00e4t\u00f6ksentekoa.","og_url":"https:\/\/tivia-jasenyhdistykset.fi\/tietoturva\/yhdistys\/yhteistyokumppanit-ja-jasenet\/","og_site_name":"Tietoturva ry","article_publisher":"https:\/\/www.facebook.com\/TietoturvaRy\/","article_modified_time":"2025-08-05T20:58:46+00:00","og_image":[{"width":1920,"height":1080,"url":"https:\/\/tivia-jasenyhdistykset.fi\/tietoturva\/wp-content\/uploads\/sites\/7\/2025\/08\/tietoturva-etusivu.jpg","type":"image\/jpeg"}],"twitter_card":"summary_large_image","twitter_site":"@tietoturva_ry","twitter_misc":{"Arvioitu lukuaika":"2 minuuttia"},"schema":{"@context":"https:\/\/schema.org","@graph":[{"@type":"WebPage","@id":"https:\/\/tivia-jasenyhdistykset.fi\/tietoturva\/yhdistys\/yhteistyokumppanit-ja-jasenet\/","url":"https:\/\/tivia-jasenyhdistykset.fi\/tietoturva\/yhdistys\/yhteistyokumppanit-ja-jasenet\/","name":"Yhteisty\u00f6kumppanit ja organisaatioj\u00e4senet - Tietoturva ry","isPartOf":{"@id":"https:\/\/tivia-jasenyhdistykset.fi\/tietoturva\/#website"},"primaryImageOfPage":{"@id":"https:\/\/tivia-jasenyhdistykset.fi\/tietoturva\/yhdistys\/yhteistyokumppanit-ja-jasenet\/#primaryimage"},"image":{"@id":"https:\/\/tivia-jasenyhdistykset.fi\/tietoturva\/yhdistys\/yhteistyokumppanit-ja-jasenet\/#primaryimage"},"thumbnailUrl":"https:\/\/tivia-jasenyhdistykset.fi\/tietoturva\/wp-content\/uploads\/sites\/7\/2025\/08\/tietoturva-etusivu.jpg","datePublished":"2019-06-09T09:53:13+00:00","dateModified":"2025-08-05T20:58:46+00:00","breadcrumb":{"@id":"https:\/\/tivia-jasenyhdistykset.fi\/tietoturva\/yhdistys\/yhteistyokumppanit-ja-jasenet\/#breadcrumb"},"inLanguage":"fi","potentialAction":[{"@type":"ReadAction","target":["https:\/\/tivia-jasenyhdistykset.fi\/tietoturva\/yhdistys\/yhteistyokumppanit-ja-jasenet\/"]}]},{"@type":"ImageObject","inLanguage":"fi","@id":"https:\/\/tivia-jasenyhdistykset.fi\/tietoturva\/yhdistys\/yhteistyokumppanit-ja-jasenet\/#primaryimage","url":"https:\/\/tivia-jasenyhdistykset.fi\/tietoturva\/wp-content\/uploads\/sites\/7\/2025\/08\/tietoturva-etusivu.jpg","contentUrl":"https:\/\/tivia-jasenyhdistykset.fi\/tietoturva\/wp-content\/uploads\/sites\/7\/2025\/08\/tietoturva-etusivu.jpg","width":1920,"height":1080},{"@type":"BreadcrumbList","@id":"https:\/\/tivia-jasenyhdistykset.fi\/tietoturva\/yhdistys\/yhteistyokumppanit-ja-jasenet\/#breadcrumb","itemListElement":[{"@type":"ListItem","position":1,"name":"Etusivu","item":"https:\/\/tivia-jasenyhdistykset.fi\/tietoturva\/"},{"@type":"ListItem","position":2,"name":"Yhdistys","item":"https:\/\/tivia-jasenyhdistykset.fi\/tietoturva\/yhdistys\/"},{"@type":"ListItem","position":3,"name":"Yhteisty\u00f6kumppanit ja organisaatioj\u00e4senet"}]},{"@type":"WebSite","@id":"https:\/\/tivia-jasenyhdistykset.fi\/tietoturva\/#website","url":"https:\/\/tivia-jasenyhdistykset.fi\/tietoturva\/","name":"Tietoturva ry","description":"Suomen suurin tietoturva-ammattilaisten verkosto","publisher":{"@id":"https:\/\/tivia-jasenyhdistykset.fi\/tietoturva\/#organization"},"potentialAction":[{"@type":"SearchAction","target":{"@type":"EntryPoint","urlTemplate":"https:\/\/tivia-jasenyhdistykset.fi\/tietoturva\/?s={search_term_string}"},"query-input":{"@type":"PropertyValueSpecification","valueRequired":true,"valueName":"search_term_string"}}],"inLanguage":"fi"},{"@type":"Organization","@id":"https:\/\/tivia-jasenyhdistykset.fi\/tietoturva\/#organization","name":"Tietoturva ry","url":"https:\/\/tivia-jasenyhdistykset.fi\/tietoturva\/","logo":{"@type":"ImageObject","inLanguage":"fi","@id":"https:\/\/tivia-jasenyhdistykset.fi\/tietoturva\/#\/schema\/logo\/image\/","url":"https:\/\/tietoturva.fi\/wp-content\/uploads\/sites\/7\/2021\/05\/Tietoturva-logo-2018-100.png","contentUrl":"https:\/\/tietoturva.fi\/wp-content\/uploads\/sites\/7\/2021\/05\/Tietoturva-logo-2018-100.png","width":73,"height":100,"caption":"Tietoturva ry"},"image":{"@id":"https:\/\/tivia-jasenyhdistykset.fi\/tietoturva\/#\/schema\/logo\/image\/"},"sameAs":["https:\/\/www.facebook.com\/TietoturvaRy\/","https:\/\/x.com\/tietoturva_ry","https:\/\/www.linkedin.com\/company\/tietoturva\/","https:\/\/www.youtube.com\/channel\/UCmXkytjYpJ4_N2msCNy69sw\/"]}]}},"_links":{"self":[{"href":"https:\/\/tivia-jasenyhdistykset.fi\/tietoturva\/wp-json\/wp\/v2\/pages\/183","targetHints":{"allow":["GET"]}}],"collection":[{"href":"https:\/\/tivia-jasenyhdistykset.fi\/tietoturva\/wp-json\/wp\/v2\/pages"}],"about":[{"href":"https:\/\/tivia-jasenyhdistykset.fi\/tietoturva\/wp-json\/wp\/v2\/types\/page"}],"author":[{"embeddable":true,"href":"https:\/\/tivia-jasenyhdistykset.fi\/tietoturva\/wp-json\/wp\/v2\/users\/2408"}],"replies":[{"embeddable":true,"href":"https:\/\/tivia-jasenyhdistykset.fi\/tietoturva\/wp-json\/wp\/v2\/comments?post=183"}],"version-history":[{"count":12,"href":"https:\/\/tivia-jasenyhdistykset.fi\/tietoturva\/wp-json\/wp\/v2\/pages\/183\/revisions"}],"predecessor-version":[{"id":3226,"href":"https:\/\/tivia-jasenyhdistykset.fi\/tietoturva\/wp-json\/wp\/v2\/pages\/183\/revisions\/3226"}],"up":[{"embeddable":true,"href":"https:\/\/tivia-jasenyhdistykset.fi\/tietoturva\/wp-json\/wp\/v2\/pages\/76"}],"wp:featuredmedia":[{"embeddable":true,"href":"https:\/\/tivia-jasenyhdistykset.fi\/tietoturva\/wp-json\/wp\/v2\/media\/3149"}],"wp:attachment":[{"href":"https:\/\/tivia-jasenyhdistykset.fi\/tietoturva\/wp-json\/wp\/v2\/media?parent=183"}],"curies":[{"name":"wp","href":"https:\/\/api.w.org\/{rel}","templated":true}]}}