{"id":186,"date":"2020-02-19T20:53:11","date_gmt":"2020-02-19T18:53:11","guid":{"rendered":"https:\/\/tiviafi.test.cchosting.fi\/tietoturva\/?page_id=186"},"modified":"2026-01-08T14:50:29","modified_gmt":"2026-01-08T12:50:29","slug":"ciso","status":"publish","type":"page","link":"https:\/\/tivia-jasenyhdistykset.fi\/tietoturva\/toiminta\/ciso\/","title":{"rendered":"Vuoden Tietoturvap\u00e4\u00e4llikk\u00f6\u00ae -tunnustus"},"content":{"rendered":"<h2>Tietoturva ry:n Tietoturvap\u00e4\u00e4llikk\u00f6\u00ae -tunnustus<\/h2>\n<p>Tunnustuksen tarkoituksena on kannustaa tietoturva-ammattilaisia kehittym\u00e4\u00e4n omassa ty\u00f6ss\u00e4\u00e4n, sek\u00e4 edist\u00e4\u00e4 suomalaista tietoturvaosaamista ja sen arvostusta.<\/p>\n<h3>Tunnustuksen my\u00f6nt\u00e4misen s\u00e4\u00e4nn\u00f6t<\/h3>\n<p>Tunnustuksen saavan henkil\u00f6n tulee toimia Suomessa tietoturvap\u00e4\u00e4llik\u00f6n, tietoturvavastaavan tai tietoturvajohtajan teht\u00e4v\u00e4ss\u00e4. Henkil\u00f6n teht\u00e4v\u00e4nimike ei ole rajoittava tekij\u00e4, vaan my\u00f6s esimerkiksi kyber- tai turvallisuusp\u00e4\u00e4llikk\u00f6, -vastaava ja -johtaja voidaan my\u00f6s valita Vuoden Tietoturvap\u00e4\u00e4llik\u00f6ksi. Mik\u00e4li henkil\u00f6 on konsultti, niin t\u00e4ll\u00f6in hakemuksessa tulee pysty\u00e4 osoittamaan henkil\u00f6n toimivan vaaditussa teht\u00e4v\u00e4ss\u00e4.<\/p>\n<p>Tunnustuksen saajaa valittaessa k\u00e4ytet\u00e4\u00e4n valinnan perusteena yht\u00e4 tai useampaa seuraavista valintakriteereist\u00e4:<\/p>\n<ul>\n<li>Vuoden tietoturvap\u00e4\u00e4llik\u00f6ksi etsit\u00e4\u00e4n henkil\u00f6\u00e4, joka on organisaatiossa ennakkoluulottomasti ja esimerkillisesti kehitt\u00e4nyt tietoturvan tai kyberturvallisuuden toimintatapoja sek\u00e4 edellytyksi\u00e4 ja\/tai omalla toiminnallaan merkitt\u00e4v\u00e4sti edist\u00e4nyt tietoturva-ammattilaisten verkostoitumista ja osaamista sek\u00e4 tiedon jakamista organisaatiorajojen yli.<\/li>\n<\/ul>\n<hr \/>\n<h2>Ehdokasasettelun aikataulu vuodelle 2026<\/h2>\n<p>Tunnustuksen avoin ehdokasasettelu on auki 31.10.2026 asti. Ehdotukset palkittavasta henkil\u00f6st\u00e4 perusteluineen pyydet\u00e4\u00e4n l\u00e4hett\u00e4m\u00e4\u00e4n s\u00e4hk\u00f6postitse osoitteeseen ciso@tietoturva.fi.<\/p>\n<h3>Tunnustuksen saajan valinta<\/h3>\n<p>Tietoturva ry:n hallitus valitsee Vuoden Tietoturvap\u00e4\u00e4llik\u00f6n ehdokkaiden joukosta mainittujen palkintokriteerien perusteella. Tietoturva ry:n hallituksen j\u00e4sent\u00e4 ei voi valita Vuoden tietoturvap\u00e4\u00e4llik\u00f6ksi.<\/p>\n<h3>Tunnustuksen sis\u00e4lt\u00f6<\/h3>\n<p>Palkinnoksi Vuoden Tietoturvap\u00e4\u00e4llikk\u00f6 saa Tietoturva ry:n lahjoittaman kunniamaininnan sek\u00e4 yhden (1) vuoden mittaisen Tietoturva ry:n j\u00e4senyyden, joka oikeuttaa osallistumaan yhdistyksen j\u00e4rjest\u00e4miin tilaisuuksiin ja muihin j\u00e4senetuihin sek\u00e4 erikseen kumppanimme palkintojenjakotilaisuudessa luovuttaman palkinnon.<\/p>\n<h3>Tunnustuksen saajan julkistaminen<\/h3>\n<p>Vuoden 2026 Tietoturvap\u00e4\u00e4llik\u00f6n tunnustus julkistetaan loppuvuodesta 2026.<\/p>\n<hr \/>\n<h2>Aikaisemmat voittajat<\/h2>\n<ul>\n<li>2025 Heidi Valkama<\/li>\n<li>2024 Juha Malmivaara<\/li>\n<li>2023 Juha H\u00e4rk\u00f6nen<\/li>\n<li>2022 Teemu Ylh\u00e4isi<\/li>\n<li>2021 Samuli Bergstr\u00f6m<\/li>\n<li>2020 Teemu M\u00e4kel\u00e4<\/li>\n<li>2019 Matti Parviainen<\/li>\n<li>2018 Tomi Pitk\u00e4nen<\/li>\n<li>2017 Jari Pirhonen<\/li>\n<li>2016 Leo Niemel\u00e4<\/li>\n<li>2015 Kimmo Rousku<\/li>\n<li>2014 Helvi Salminen<\/li>\n<li>2013 Jani Arnell<\/li>\n<li>2012 Jyri-Petteri Aro<\/li>\n<\/ul>\n<hr \/>\n<p><em>Vuooden tietoturvap\u00e4\u00e4llikk\u00f6 \u00ae on Tietoturva ry:lle rekister\u00f6ity tavaramerkki.<\/em><\/p>\n","protected":false},"excerpt":{"rendered":"<p>Tietoturva ry:n Tietoturvap\u00e4\u00e4llikk\u00f6\u00ae -tunnustus<\/p>\n<p>Tunnustuksen tarkoituksena on kannustaa tietoturva-ammattilaisia kehittym\u00e4\u00e4n omassa ty\u00f6ss\u00e4\u00e4n, sek\u00e4 edist\u00e4\u00e4 suomalaista tietoturvaosaamista ja sen arvostusta.<\/p>\n<p>Tunnustuksen my\u00f6nt\u00e4misen s\u00e4\u00e4nn\u00f6t<\/p>\n<p>Tunnustuksen saavan henkil\u00f6n tulee toimia Suomessa tietoturvap\u00e4\u00e4llik\u00f6n, tietoturvavastaavan tai tietoturvajohtajan teht\u00e4v\u00e4ss\u00e4. Henkil\u00f6n teht\u00e4v\u00e4nimike ei ole rajoittava tekij\u00e4,<\/p>\n","protected":false},"author":2408,"featured_media":141,"parent":436,"menu_order":0,"comment_status":"closed","ping_status":"closed","template":"","meta":{"_acf_changed":false,"footnotes":""},"class_list":["post-186","page","type-page","status-publish","has-post-thumbnail","hentry"],"acf":[],"yoast_head":"<!-- This site is optimized with the Yoast SEO plugin v27.5 - https:\/\/yoast.com\/product\/yoast-seo-wordpress\/ -->\n<title>Vuoden Tietoturvap\u00e4\u00e4llikk\u00f6\u00ae -tunnustus - Tietoturva ry<\/title>\n<meta name=\"robots\" content=\"index, follow, max-snippet:-1, max-image-preview:large, max-video-preview:-1\" \/>\n<link rel=\"canonical\" href=\"https:\/\/tivia-jasenyhdistykset.fi\/tietoturva\/toiminta\/ciso\/\" \/>\n<meta property=\"og:locale\" content=\"fi_FI\" \/>\n<meta property=\"og:type\" content=\"article\" \/>\n<meta property=\"og:title\" content=\"Vuoden Tietoturvap\u00e4\u00e4llikk\u00f6\u00ae -tunnustus - Tietoturva ry\" \/>\n<meta property=\"og:description\" content=\"Tietoturva ry:n Tietoturvap\u00e4\u00e4llikk\u00f6\u00ae -tunnustus Tunnustuksen tarkoituksena on kannustaa tietoturva-ammattilaisia kehittym\u00e4\u00e4n omassa ty\u00f6ss\u00e4\u00e4n, sek\u00e4 edist\u00e4\u00e4 suomalaista tietoturvaosaamista ja sen arvostusta. Tunnustuksen my\u00f6nt\u00e4misen s\u00e4\u00e4nn\u00f6t Tunnustuksen saavan henkil\u00f6n tulee toimia Suomessa tietoturvap\u00e4\u00e4llik\u00f6n, tietoturvavastaavan tai tietoturvajohtajan teht\u00e4v\u00e4ss\u00e4. Henkil\u00f6n teht\u00e4v\u00e4nimike ei ole rajoittava tekij\u00e4,\" \/>\n<meta property=\"og:url\" content=\"https:\/\/tivia-jasenyhdistykset.fi\/tietoturva\/toiminta\/ciso\/\" \/>\n<meta property=\"og:site_name\" content=\"Tietoturva ry\" \/>\n<meta property=\"article:publisher\" content=\"https:\/\/www.facebook.com\/TietoturvaRy\/\" \/>\n<meta property=\"article:modified_time\" content=\"2026-01-08T12:50:29+00:00\" \/>\n<meta property=\"og:image\" content=\"https:\/\/tivia-jasenyhdistykset.fi\/tietoturva\/wp-content\/uploads\/sites\/7\/2019\/05\/Vuoden-CISO.jpg\" \/>\n\t<meta property=\"og:image:width\" content=\"1000\" \/>\n\t<meta property=\"og:image:height\" content=\"333\" \/>\n\t<meta property=\"og:image:type\" content=\"image\/jpeg\" \/>\n<meta name=\"twitter:card\" content=\"summary_large_image\" \/>\n<meta name=\"twitter:site\" content=\"@tietoturva_ry\" \/>\n<meta name=\"twitter:label1\" content=\"Arvioitu lukuaika\" \/>\n\t<meta name=\"twitter:data1\" content=\"2 minuuttia\" \/>\n<script type=\"application\/ld+json\" class=\"yoast-schema-graph\">{\"@context\":\"https:\\\/\\\/schema.org\",\"@graph\":[{\"@type\":\"WebPage\",\"@id\":\"https:\\\/\\\/tivia-jasenyhdistykset.fi\\\/tietoturva\\\/toiminta\\\/ciso\\\/\",\"url\":\"https:\\\/\\\/tivia-jasenyhdistykset.fi\\\/tietoturva\\\/toiminta\\\/ciso\\\/\",\"name\":\"Vuoden Tietoturvap\u00e4\u00e4llikk\u00f6\u00ae -tunnustus - Tietoturva ry\",\"isPartOf\":{\"@id\":\"https:\\\/\\\/tivia-jasenyhdistykset.fi\\\/tietoturva\\\/#website\"},\"primaryImageOfPage\":{\"@id\":\"https:\\\/\\\/tivia-jasenyhdistykset.fi\\\/tietoturva\\\/toiminta\\\/ciso\\\/#primaryimage\"},\"image\":{\"@id\":\"https:\\\/\\\/tivia-jasenyhdistykset.fi\\\/tietoturva\\\/toiminta\\\/ciso\\\/#primaryimage\"},\"thumbnailUrl\":\"https:\\\/\\\/tivia-jasenyhdistykset.fi\\\/tietoturva\\\/wp-content\\\/uploads\\\/sites\\\/7\\\/2019\\\/05\\\/Vuoden-CISO.jpg\",\"datePublished\":\"2020-02-19T18:53:11+00:00\",\"dateModified\":\"2026-01-08T12:50:29+00:00\",\"breadcrumb\":{\"@id\":\"https:\\\/\\\/tivia-jasenyhdistykset.fi\\\/tietoturva\\\/toiminta\\\/ciso\\\/#breadcrumb\"},\"inLanguage\":\"fi\",\"potentialAction\":[{\"@type\":\"ReadAction\",\"target\":[\"https:\\\/\\\/tivia-jasenyhdistykset.fi\\\/tietoturva\\\/toiminta\\\/ciso\\\/\"]}]},{\"@type\":\"ImageObject\",\"inLanguage\":\"fi\",\"@id\":\"https:\\\/\\\/tivia-jasenyhdistykset.fi\\\/tietoturva\\\/toiminta\\\/ciso\\\/#primaryimage\",\"url\":\"https:\\\/\\\/tivia-jasenyhdistykset.fi\\\/tietoturva\\\/wp-content\\\/uploads\\\/sites\\\/7\\\/2019\\\/05\\\/Vuoden-CISO.jpg\",\"contentUrl\":\"https:\\\/\\\/tivia-jasenyhdistykset.fi\\\/tietoturva\\\/wp-content\\\/uploads\\\/sites\\\/7\\\/2019\\\/05\\\/Vuoden-CISO.jpg\",\"width\":1000,\"height\":333},{\"@type\":\"BreadcrumbList\",\"@id\":\"https:\\\/\\\/tivia-jasenyhdistykset.fi\\\/tietoturva\\\/toiminta\\\/ciso\\\/#breadcrumb\",\"itemListElement\":[{\"@type\":\"ListItem\",\"position\":1,\"name\":\"Etusivu\",\"item\":\"https:\\\/\\\/tivia-jasenyhdistykset.fi\\\/tietoturva\\\/\"},{\"@type\":\"ListItem\",\"position\":2,\"name\":\"Toiminta\",\"item\":\"https:\\\/\\\/tivia-jasenyhdistykset.fi\\\/tietoturva\\\/toiminta\\\/\"},{\"@type\":\"ListItem\",\"position\":3,\"name\":\"Vuoden Tietoturvap\u00e4\u00e4llikk\u00f6\u00ae -tunnustus\"}]},{\"@type\":\"WebSite\",\"@id\":\"https:\\\/\\\/tivia-jasenyhdistykset.fi\\\/tietoturva\\\/#website\",\"url\":\"https:\\\/\\\/tivia-jasenyhdistykset.fi\\\/tietoturva\\\/\",\"name\":\"Tietoturva ry\",\"description\":\"Suomen suurin tietoturva-ammattilaisten verkosto\",\"publisher\":{\"@id\":\"https:\\\/\\\/tivia-jasenyhdistykset.fi\\\/tietoturva\\\/#organization\"},\"potentialAction\":[{\"@type\":\"SearchAction\",\"target\":{\"@type\":\"EntryPoint\",\"urlTemplate\":\"https:\\\/\\\/tivia-jasenyhdistykset.fi\\\/tietoturva\\\/?s={search_term_string}\"},\"query-input\":{\"@type\":\"PropertyValueSpecification\",\"valueRequired\":true,\"valueName\":\"search_term_string\"}}],\"inLanguage\":\"fi\"},{\"@type\":\"Organization\",\"@id\":\"https:\\\/\\\/tivia-jasenyhdistykset.fi\\\/tietoturva\\\/#organization\",\"name\":\"Tietoturva ry\",\"url\":\"https:\\\/\\\/tivia-jasenyhdistykset.fi\\\/tietoturva\\\/\",\"logo\":{\"@type\":\"ImageObject\",\"inLanguage\":\"fi\",\"@id\":\"https:\\\/\\\/tivia-jasenyhdistykset.fi\\\/tietoturva\\\/#\\\/schema\\\/logo\\\/image\\\/\",\"url\":\"https:\\\/\\\/tietoturva.fi\\\/wp-content\\\/uploads\\\/sites\\\/7\\\/2021\\\/05\\\/Tietoturva-logo-2018-100.png\",\"contentUrl\":\"https:\\\/\\\/tietoturva.fi\\\/wp-content\\\/uploads\\\/sites\\\/7\\\/2021\\\/05\\\/Tietoturva-logo-2018-100.png\",\"width\":73,\"height\":100,\"caption\":\"Tietoturva ry\"},\"image\":{\"@id\":\"https:\\\/\\\/tivia-jasenyhdistykset.fi\\\/tietoturva\\\/#\\\/schema\\\/logo\\\/image\\\/\"},\"sameAs\":[\"https:\\\/\\\/www.facebook.com\\\/TietoturvaRy\\\/\",\"https:\\\/\\\/x.com\\\/tietoturva_ry\",\"https:\\\/\\\/www.linkedin.com\\\/company\\\/tietoturva\\\/\",\"https:\\\/\\\/www.youtube.com\\\/channel\\\/UCmXkytjYpJ4_N2msCNy69sw\\\/\"]}]}<\/script>\n<!-- \/ Yoast SEO plugin. -->","yoast_head_json":{"title":"Vuoden Tietoturvap\u00e4\u00e4llikk\u00f6\u00ae -tunnustus - Tietoturva ry","robots":{"index":"index","follow":"follow","max-snippet":"max-snippet:-1","max-image-preview":"max-image-preview:large","max-video-preview":"max-video-preview:-1"},"canonical":"https:\/\/tivia-jasenyhdistykset.fi\/tietoturva\/toiminta\/ciso\/","og_locale":"fi_FI","og_type":"article","og_title":"Vuoden Tietoturvap\u00e4\u00e4llikk\u00f6\u00ae -tunnustus - Tietoturva ry","og_description":"Tietoturva ry:n Tietoturvap\u00e4\u00e4llikk\u00f6\u00ae -tunnustus Tunnustuksen tarkoituksena on kannustaa tietoturva-ammattilaisia kehittym\u00e4\u00e4n omassa ty\u00f6ss\u00e4\u00e4n, sek\u00e4 edist\u00e4\u00e4 suomalaista tietoturvaosaamista ja sen arvostusta. Tunnustuksen my\u00f6nt\u00e4misen s\u00e4\u00e4nn\u00f6t Tunnustuksen saavan henkil\u00f6n tulee toimia Suomessa tietoturvap\u00e4\u00e4llik\u00f6n, tietoturvavastaavan tai tietoturvajohtajan teht\u00e4v\u00e4ss\u00e4. Henkil\u00f6n teht\u00e4v\u00e4nimike ei ole rajoittava tekij\u00e4,","og_url":"https:\/\/tivia-jasenyhdistykset.fi\/tietoturva\/toiminta\/ciso\/","og_site_name":"Tietoturva ry","article_publisher":"https:\/\/www.facebook.com\/TietoturvaRy\/","article_modified_time":"2026-01-08T12:50:29+00:00","og_image":[{"width":1000,"height":333,"url":"https:\/\/tivia-jasenyhdistykset.fi\/tietoturva\/wp-content\/uploads\/sites\/7\/2019\/05\/Vuoden-CISO.jpg","type":"image\/jpeg"}],"twitter_card":"summary_large_image","twitter_site":"@tietoturva_ry","twitter_misc":{"Arvioitu lukuaika":"2 minuuttia"},"schema":{"@context":"https:\/\/schema.org","@graph":[{"@type":"WebPage","@id":"https:\/\/tivia-jasenyhdistykset.fi\/tietoturva\/toiminta\/ciso\/","url":"https:\/\/tivia-jasenyhdistykset.fi\/tietoturva\/toiminta\/ciso\/","name":"Vuoden Tietoturvap\u00e4\u00e4llikk\u00f6\u00ae -tunnustus - Tietoturva ry","isPartOf":{"@id":"https:\/\/tivia-jasenyhdistykset.fi\/tietoturva\/#website"},"primaryImageOfPage":{"@id":"https:\/\/tivia-jasenyhdistykset.fi\/tietoturva\/toiminta\/ciso\/#primaryimage"},"image":{"@id":"https:\/\/tivia-jasenyhdistykset.fi\/tietoturva\/toiminta\/ciso\/#primaryimage"},"thumbnailUrl":"https:\/\/tivia-jasenyhdistykset.fi\/tietoturva\/wp-content\/uploads\/sites\/7\/2019\/05\/Vuoden-CISO.jpg","datePublished":"2020-02-19T18:53:11+00:00","dateModified":"2026-01-08T12:50:29+00:00","breadcrumb":{"@id":"https:\/\/tivia-jasenyhdistykset.fi\/tietoturva\/toiminta\/ciso\/#breadcrumb"},"inLanguage":"fi","potentialAction":[{"@type":"ReadAction","target":["https:\/\/tivia-jasenyhdistykset.fi\/tietoturva\/toiminta\/ciso\/"]}]},{"@type":"ImageObject","inLanguage":"fi","@id":"https:\/\/tivia-jasenyhdistykset.fi\/tietoturva\/toiminta\/ciso\/#primaryimage","url":"https:\/\/tivia-jasenyhdistykset.fi\/tietoturva\/wp-content\/uploads\/sites\/7\/2019\/05\/Vuoden-CISO.jpg","contentUrl":"https:\/\/tivia-jasenyhdistykset.fi\/tietoturva\/wp-content\/uploads\/sites\/7\/2019\/05\/Vuoden-CISO.jpg","width":1000,"height":333},{"@type":"BreadcrumbList","@id":"https:\/\/tivia-jasenyhdistykset.fi\/tietoturva\/toiminta\/ciso\/#breadcrumb","itemListElement":[{"@type":"ListItem","position":1,"name":"Etusivu","item":"https:\/\/tivia-jasenyhdistykset.fi\/tietoturva\/"},{"@type":"ListItem","position":2,"name":"Toiminta","item":"https:\/\/tivia-jasenyhdistykset.fi\/tietoturva\/toiminta\/"},{"@type":"ListItem","position":3,"name":"Vuoden Tietoturvap\u00e4\u00e4llikk\u00f6\u00ae -tunnustus"}]},{"@type":"WebSite","@id":"https:\/\/tivia-jasenyhdistykset.fi\/tietoturva\/#website","url":"https:\/\/tivia-jasenyhdistykset.fi\/tietoturva\/","name":"Tietoturva ry","description":"Suomen suurin tietoturva-ammattilaisten verkosto","publisher":{"@id":"https:\/\/tivia-jasenyhdistykset.fi\/tietoturva\/#organization"},"potentialAction":[{"@type":"SearchAction","target":{"@type":"EntryPoint","urlTemplate":"https:\/\/tivia-jasenyhdistykset.fi\/tietoturva\/?s={search_term_string}"},"query-input":{"@type":"PropertyValueSpecification","valueRequired":true,"valueName":"search_term_string"}}],"inLanguage":"fi"},{"@type":"Organization","@id":"https:\/\/tivia-jasenyhdistykset.fi\/tietoturva\/#organization","name":"Tietoturva ry","url":"https:\/\/tivia-jasenyhdistykset.fi\/tietoturva\/","logo":{"@type":"ImageObject","inLanguage":"fi","@id":"https:\/\/tivia-jasenyhdistykset.fi\/tietoturva\/#\/schema\/logo\/image\/","url":"https:\/\/tietoturva.fi\/wp-content\/uploads\/sites\/7\/2021\/05\/Tietoturva-logo-2018-100.png","contentUrl":"https:\/\/tietoturva.fi\/wp-content\/uploads\/sites\/7\/2021\/05\/Tietoturva-logo-2018-100.png","width":73,"height":100,"caption":"Tietoturva ry"},"image":{"@id":"https:\/\/tivia-jasenyhdistykset.fi\/tietoturva\/#\/schema\/logo\/image\/"},"sameAs":["https:\/\/www.facebook.com\/TietoturvaRy\/","https:\/\/x.com\/tietoturva_ry","https:\/\/www.linkedin.com\/company\/tietoturva\/","https:\/\/www.youtube.com\/channel\/UCmXkytjYpJ4_N2msCNy69sw\/"]}]}},"_links":{"self":[{"href":"https:\/\/tivia-jasenyhdistykset.fi\/tietoturva\/wp-json\/wp\/v2\/pages\/186","targetHints":{"allow":["GET"]}}],"collection":[{"href":"https:\/\/tivia-jasenyhdistykset.fi\/tietoturva\/wp-json\/wp\/v2\/pages"}],"about":[{"href":"https:\/\/tivia-jasenyhdistykset.fi\/tietoturva\/wp-json\/wp\/v2\/types\/page"}],"author":[{"embeddable":true,"href":"https:\/\/tivia-jasenyhdistykset.fi\/tietoturva\/wp-json\/wp\/v2\/users\/2408"}],"replies":[{"embeddable":true,"href":"https:\/\/tivia-jasenyhdistykset.fi\/tietoturva\/wp-json\/wp\/v2\/comments?post=186"}],"version-history":[{"count":36,"href":"https:\/\/tivia-jasenyhdistykset.fi\/tietoturva\/wp-json\/wp\/v2\/pages\/186\/revisions"}],"predecessor-version":[{"id":3502,"href":"https:\/\/tivia-jasenyhdistykset.fi\/tietoturva\/wp-json\/wp\/v2\/pages\/186\/revisions\/3502"}],"up":[{"embeddable":true,"href":"https:\/\/tivia-jasenyhdistykset.fi\/tietoturva\/wp-json\/wp\/v2\/pages\/436"}],"wp:featuredmedia":[{"embeddable":true,"href":"https:\/\/tivia-jasenyhdistykset.fi\/tietoturva\/wp-json\/wp\/v2\/media\/141"}],"wp:attachment":[{"href":"https:\/\/tivia-jasenyhdistykset.fi\/tietoturva\/wp-json\/wp\/v2\/media?parent=186"}],"curies":[{"name":"wp","href":"https:\/\/api.w.org\/{rel}","templated":true}]}}