{"id":2374,"date":"2024-03-14T21:05:51","date_gmt":"2024-03-14T19:05:51","guid":{"rendered":"https:\/\/tietoturva.fi\/?page_id=2374"},"modified":"2024-11-28T15:01:26","modified_gmt":"2024-11-28T13:01:26","slug":"liity-yhteisojaseneksi-tai-kumppaniksi","status":"publish","type":"page","link":"https:\/\/tivia-jasenyhdistykset.fi\/tietoturva\/liity-yhteisojaseneksi-tai-kumppaniksi\/","title":{"rendered":"Liity yhteis\u00f6j\u00e4seneksi tai tule kumppaniksi"},"content":{"rendered":"<h2>Tule Suomen suurimpaan tietoturva-asiantuntijoiden verkostoon yhteis\u00f6j\u00e4seneksi tai kumppaniksi<\/h2>\n<p><strong>Tietoturva ry<\/strong> avaa oven ainutlaatuiseen yhteis\u00f6\u00f6n, joka yhdist\u00e4\u00e4 Suomen ter\u00e4vimm\u00e4t tietoturvan ammattilaiset, innokkaat opiskelijat ja tietoturvasta kiinnostuneet henkil\u00f6t. Yhdess\u00e4 meill\u00e4 on voima rakentaa turvallisempi digitaalinen tulevaisuus.<\/p>\n<ul>\n<li><strong>Yhteis\u00f6j\u00e4senyys<\/strong>: Alkaen vain 200 \u20ac\/vuosi, tarjoa organisaatiollesi arvokasta n\u00e4kyvyytt\u00e4, verkostoja ja ajankohtaista tietoa tietoturva-alalta.<\/li>\n<li>Tutustu yhteis\u00f6j\u00e4syyteen ja sen tuomiin etuihin <a href=\"https:\/\/tivia.fi\/yritysjasenyys\">t\u00e4\u00e4lt\u00e4<\/a>.<\/li>\n<\/ul>\n<h3><span style=\"color: #ff0000;\"><a style=\"color: #ff0000;\" href=\"https:\/\/tivia.fi\/shop\/yhteisojasen-2#attr=745,590,538\" target=\"_blank\" rel=\"noopener\">&gt;&gt; Liity yhteis\u00f6j\u00e4seneksi t\u00e4st\u00e4<\/a><\/span><\/h3>\n<hr \/>\n<h3>J\u00c4SENEDUT<\/h3>\n<p><strong>Tietoturva ry:n omat j\u00e4senedut yhteis\u00f6j\u00e4senelle<\/strong><\/p>\n<ul>\n<li>Ty\u00f6paikkailmoitukset veloituksetta Tietoturva ry:n kanavissa (ilmoituksen hinta yhdistyksen ulkopuolisille: 500 \u20ac \/ kerta).<\/li>\n<li>R\u00e4\u00e4t\u00e4l\u00f6id\u00e4\u00e4n yhdess\u00e4 tarpeisiinne sopiva kokonaisuus, joka voi sis\u00e4lt\u00e4\u00e4 esimerkiksi tapahtuman, blogivuoroja ja luonnollisesti n\u00e4ist\u00e4 sosiaalisen median nostoja.<\/li>\n<\/ul>\n<p><strong>Yhteis\u00f6j\u00e4senedut &#8211; TIVIA<\/strong><\/p>\n<ul>\n<li>Tutustu yhteis\u00f6j\u00e4syyteen ja sen tuomiin etuihin <a href=\"https:\/\/tivia.fi\/yritysjasenyys\">t\u00e4\u00e4lt\u00e4<\/a>.<\/li>\n<\/ul>\n<hr \/>\n<h2>Tule Tietoturva ry:n kumppaniksi tai sponsoriksi<\/h2>\n<p>Tietoturva ry etsii aktiivisesti kumppaneita ja sponsoreita toimintansa monipuoliseen tukemiseen. Olipa kyseess\u00e4 tapahtumien j\u00e4rjestely, koulutusyhteisty\u00f6, tietoisuuden levitt\u00e4minen tai muu toimintamme tukeminen, kumppanuutesi on meille arvokas. Jos yrityksesi tai yhteis\u00f6si on kiinnostunut laajemmasta yhteisty\u00f6st\u00e4 kanssamme, olemme innokkaita kuulemaan ehdotuksiasi.<\/p>\n<p>Ota yhteytt\u00e4, niin keskustellaan yhteisty\u00f6n mahdollisuuksista ja siit\u00e4, miten voimme yhdess\u00e4 edist\u00e4\u00e4 tietoturvan alaa!\u00a0<span style=\"color: #ff0000;\"><strong><a style=\"color: #ff0000;\" href=\"https:\/\/tietoturva.fi\/yhteystiedot\/\">&gt;&gt; Yhteystiedot<\/a><\/strong><\/span><\/p>\n<p>&nbsp;<\/p>\n","protected":false},"excerpt":{"rendered":"<p>Tule Suomen suurimpaan tietoturva-asiantuntijoiden verkostoon yhteis\u00f6j\u00e4seneksi tai kumppaniksi<\/p>\n<p>Tietoturva ry avaa oven ainutlaatuiseen yhteis\u00f6\u00f6n, joka yhdist\u00e4\u00e4 Suomen ter\u00e4vimm\u00e4t tietoturvan ammattilaiset, innokkaat opiskelijat ja tietoturvasta kiinnostuneet henkil\u00f6t. Yhdess\u00e4 meill\u00e4 on voima rakentaa turvallisempi digitaalinen tulevaisuus.<\/p>\n<ul>\n<li>Yhteis\u00f6j\u00e4senyys: Alkaen vain 200 \u20ac\/vuosi,<\/li>\n<\/ul>\n","protected":false},"author":2408,"featured_media":0,"parent":0,"menu_order":0,"comment_status":"closed","ping_status":"closed","template":"","meta":{"_acf_changed":false,"footnotes":""},"class_list":["post-2374","page","type-page","status-publish","hentry"],"acf":[],"yoast_head":"<!-- This site is optimized with the Yoast SEO plugin v27.5 - https:\/\/yoast.com\/product\/yoast-seo-wordpress\/ -->\n<title>Liity yhteis\u00f6j\u00e4seneksi tai tule kumppaniksi - Tietoturva ry<\/title>\n<meta name=\"robots\" content=\"index, follow, max-snippet:-1, max-image-preview:large, max-video-preview:-1\" \/>\n<link rel=\"canonical\" href=\"https:\/\/tivia-jasenyhdistykset.fi\/tietoturva\/liity-yhteisojaseneksi-tai-kumppaniksi\/\" \/>\n<meta property=\"og:locale\" content=\"fi_FI\" \/>\n<meta property=\"og:type\" content=\"article\" \/>\n<meta property=\"og:title\" content=\"Liity yhteis\u00f6j\u00e4seneksi tai tule kumppaniksi - Tietoturva ry\" \/>\n<meta property=\"og:description\" content=\"Tule Suomen suurimpaan tietoturva-asiantuntijoiden verkostoon yhteis\u00f6j\u00e4seneksi tai kumppaniksi Tietoturva ry avaa oven ainutlaatuiseen yhteis\u00f6\u00f6n, joka yhdist\u00e4\u00e4 Suomen ter\u00e4vimm\u00e4t tietoturvan ammattilaiset, innokkaat opiskelijat ja tietoturvasta kiinnostuneet henkil\u00f6t. Yhdess\u00e4 meill\u00e4 on voima rakentaa turvallisempi digitaalinen tulevaisuus. Yhteis\u00f6j\u00e4senyys: Alkaen vain 200 \u20ac\/vuosi,\" \/>\n<meta property=\"og:url\" content=\"https:\/\/tivia-jasenyhdistykset.fi\/tietoturva\/liity-yhteisojaseneksi-tai-kumppaniksi\/\" \/>\n<meta property=\"og:site_name\" content=\"Tietoturva ry\" \/>\n<meta property=\"article:publisher\" content=\"https:\/\/www.facebook.com\/TietoturvaRy\/\" \/>\n<meta property=\"article:modified_time\" content=\"2024-11-28T13:01:26+00:00\" \/>\n<meta property=\"og:image\" content=\"https:\/\/tivia-jasenyhdistykset.fi\/tietoturva\/wp-content\/uploads\/sites\/7\/2021\/05\/Tietoturva-logo-2018-100.png\" \/>\n\t<meta property=\"og:image:width\" content=\"73\" \/>\n\t<meta property=\"og:image:height\" content=\"100\" \/>\n\t<meta property=\"og:image:type\" content=\"image\/png\" \/>\n<meta name=\"twitter:card\" content=\"summary_large_image\" \/>\n<meta name=\"twitter:site\" content=\"@tietoturva_ry\" \/>\n<meta name=\"twitter:label1\" content=\"Arvioitu lukuaika\" \/>\n\t<meta name=\"twitter:data1\" content=\"2 minuuttia\" \/>\n<script type=\"application\/ld+json\" class=\"yoast-schema-graph\">{\"@context\":\"https:\\\/\\\/schema.org\",\"@graph\":[{\"@type\":\"WebPage\",\"@id\":\"https:\\\/\\\/tivia-jasenyhdistykset.fi\\\/tietoturva\\\/liity-yhteisojaseneksi-tai-kumppaniksi\\\/\",\"url\":\"https:\\\/\\\/tivia-jasenyhdistykset.fi\\\/tietoturva\\\/liity-yhteisojaseneksi-tai-kumppaniksi\\\/\",\"name\":\"Liity yhteis\u00f6j\u00e4seneksi tai tule kumppaniksi - Tietoturva ry\",\"isPartOf\":{\"@id\":\"https:\\\/\\\/tivia-jasenyhdistykset.fi\\\/tietoturva\\\/#website\"},\"datePublished\":\"2024-03-14T19:05:51+00:00\",\"dateModified\":\"2024-11-28T13:01:26+00:00\",\"breadcrumb\":{\"@id\":\"https:\\\/\\\/tivia-jasenyhdistykset.fi\\\/tietoturva\\\/liity-yhteisojaseneksi-tai-kumppaniksi\\\/#breadcrumb\"},\"inLanguage\":\"fi\",\"potentialAction\":[{\"@type\":\"ReadAction\",\"target\":[\"https:\\\/\\\/tivia-jasenyhdistykset.fi\\\/tietoturva\\\/liity-yhteisojaseneksi-tai-kumppaniksi\\\/\"]}]},{\"@type\":\"BreadcrumbList\",\"@id\":\"https:\\\/\\\/tivia-jasenyhdistykset.fi\\\/tietoturva\\\/liity-yhteisojaseneksi-tai-kumppaniksi\\\/#breadcrumb\",\"itemListElement\":[{\"@type\":\"ListItem\",\"position\":1,\"name\":\"Etusivu\",\"item\":\"https:\\\/\\\/tivia-jasenyhdistykset.fi\\\/tietoturva\\\/\"},{\"@type\":\"ListItem\",\"position\":2,\"name\":\"Liity yhteis\u00f6j\u00e4seneksi tai tule kumppaniksi\"}]},{\"@type\":\"WebSite\",\"@id\":\"https:\\\/\\\/tivia-jasenyhdistykset.fi\\\/tietoturva\\\/#website\",\"url\":\"https:\\\/\\\/tivia-jasenyhdistykset.fi\\\/tietoturva\\\/\",\"name\":\"Tietoturva ry\",\"description\":\"Suomen suurin tietoturva-ammattilaisten verkosto\",\"publisher\":{\"@id\":\"https:\\\/\\\/tivia-jasenyhdistykset.fi\\\/tietoturva\\\/#organization\"},\"potentialAction\":[{\"@type\":\"SearchAction\",\"target\":{\"@type\":\"EntryPoint\",\"urlTemplate\":\"https:\\\/\\\/tivia-jasenyhdistykset.fi\\\/tietoturva\\\/?s={search_term_string}\"},\"query-input\":{\"@type\":\"PropertyValueSpecification\",\"valueRequired\":true,\"valueName\":\"search_term_string\"}}],\"inLanguage\":\"fi\"},{\"@type\":\"Organization\",\"@id\":\"https:\\\/\\\/tivia-jasenyhdistykset.fi\\\/tietoturva\\\/#organization\",\"name\":\"Tietoturva ry\",\"url\":\"https:\\\/\\\/tivia-jasenyhdistykset.fi\\\/tietoturva\\\/\",\"logo\":{\"@type\":\"ImageObject\",\"inLanguage\":\"fi\",\"@id\":\"https:\\\/\\\/tivia-jasenyhdistykset.fi\\\/tietoturva\\\/#\\\/schema\\\/logo\\\/image\\\/\",\"url\":\"https:\\\/\\\/tietoturva.fi\\\/wp-content\\\/uploads\\\/sites\\\/7\\\/2021\\\/05\\\/Tietoturva-logo-2018-100.png\",\"contentUrl\":\"https:\\\/\\\/tietoturva.fi\\\/wp-content\\\/uploads\\\/sites\\\/7\\\/2021\\\/05\\\/Tietoturva-logo-2018-100.png\",\"width\":73,\"height\":100,\"caption\":\"Tietoturva ry\"},\"image\":{\"@id\":\"https:\\\/\\\/tivia-jasenyhdistykset.fi\\\/tietoturva\\\/#\\\/schema\\\/logo\\\/image\\\/\"},\"sameAs\":[\"https:\\\/\\\/www.facebook.com\\\/TietoturvaRy\\\/\",\"https:\\\/\\\/x.com\\\/tietoturva_ry\",\"https:\\\/\\\/www.linkedin.com\\\/company\\\/tietoturva\\\/\",\"https:\\\/\\\/www.youtube.com\\\/channel\\\/UCmXkytjYpJ4_N2msCNy69sw\\\/\"]}]}<\/script>\n<!-- \/ Yoast SEO plugin. -->","yoast_head_json":{"title":"Liity yhteis\u00f6j\u00e4seneksi tai tule kumppaniksi - Tietoturva ry","robots":{"index":"index","follow":"follow","max-snippet":"max-snippet:-1","max-image-preview":"max-image-preview:large","max-video-preview":"max-video-preview:-1"},"canonical":"https:\/\/tivia-jasenyhdistykset.fi\/tietoturva\/liity-yhteisojaseneksi-tai-kumppaniksi\/","og_locale":"fi_FI","og_type":"article","og_title":"Liity yhteis\u00f6j\u00e4seneksi tai tule kumppaniksi - Tietoturva ry","og_description":"Tule Suomen suurimpaan tietoturva-asiantuntijoiden verkostoon yhteis\u00f6j\u00e4seneksi tai kumppaniksi Tietoturva ry avaa oven ainutlaatuiseen yhteis\u00f6\u00f6n, joka yhdist\u00e4\u00e4 Suomen ter\u00e4vimm\u00e4t tietoturvan ammattilaiset, innokkaat opiskelijat ja tietoturvasta kiinnostuneet henkil\u00f6t. Yhdess\u00e4 meill\u00e4 on voima rakentaa turvallisempi digitaalinen tulevaisuus. Yhteis\u00f6j\u00e4senyys: Alkaen vain 200 \u20ac\/vuosi,","og_url":"https:\/\/tivia-jasenyhdistykset.fi\/tietoturva\/liity-yhteisojaseneksi-tai-kumppaniksi\/","og_site_name":"Tietoturva ry","article_publisher":"https:\/\/www.facebook.com\/TietoturvaRy\/","article_modified_time":"2024-11-28T13:01:26+00:00","og_image":[{"width":73,"height":100,"url":"https:\/\/tivia-jasenyhdistykset.fi\/tietoturva\/wp-content\/uploads\/sites\/7\/2021\/05\/Tietoturva-logo-2018-100.png","type":"image\/png"}],"twitter_card":"summary_large_image","twitter_site":"@tietoturva_ry","twitter_misc":{"Arvioitu lukuaika":"2 minuuttia"},"schema":{"@context":"https:\/\/schema.org","@graph":[{"@type":"WebPage","@id":"https:\/\/tivia-jasenyhdistykset.fi\/tietoturva\/liity-yhteisojaseneksi-tai-kumppaniksi\/","url":"https:\/\/tivia-jasenyhdistykset.fi\/tietoturva\/liity-yhteisojaseneksi-tai-kumppaniksi\/","name":"Liity yhteis\u00f6j\u00e4seneksi tai tule kumppaniksi - Tietoturva ry","isPartOf":{"@id":"https:\/\/tivia-jasenyhdistykset.fi\/tietoturva\/#website"},"datePublished":"2024-03-14T19:05:51+00:00","dateModified":"2024-11-28T13:01:26+00:00","breadcrumb":{"@id":"https:\/\/tivia-jasenyhdistykset.fi\/tietoturva\/liity-yhteisojaseneksi-tai-kumppaniksi\/#breadcrumb"},"inLanguage":"fi","potentialAction":[{"@type":"ReadAction","target":["https:\/\/tivia-jasenyhdistykset.fi\/tietoturva\/liity-yhteisojaseneksi-tai-kumppaniksi\/"]}]},{"@type":"BreadcrumbList","@id":"https:\/\/tivia-jasenyhdistykset.fi\/tietoturva\/liity-yhteisojaseneksi-tai-kumppaniksi\/#breadcrumb","itemListElement":[{"@type":"ListItem","position":1,"name":"Etusivu","item":"https:\/\/tivia-jasenyhdistykset.fi\/tietoturva\/"},{"@type":"ListItem","position":2,"name":"Liity yhteis\u00f6j\u00e4seneksi tai tule kumppaniksi"}]},{"@type":"WebSite","@id":"https:\/\/tivia-jasenyhdistykset.fi\/tietoturva\/#website","url":"https:\/\/tivia-jasenyhdistykset.fi\/tietoturva\/","name":"Tietoturva ry","description":"Suomen suurin tietoturva-ammattilaisten verkosto","publisher":{"@id":"https:\/\/tivia-jasenyhdistykset.fi\/tietoturva\/#organization"},"potentialAction":[{"@type":"SearchAction","target":{"@type":"EntryPoint","urlTemplate":"https:\/\/tivia-jasenyhdistykset.fi\/tietoturva\/?s={search_term_string}"},"query-input":{"@type":"PropertyValueSpecification","valueRequired":true,"valueName":"search_term_string"}}],"inLanguage":"fi"},{"@type":"Organization","@id":"https:\/\/tivia-jasenyhdistykset.fi\/tietoturva\/#organization","name":"Tietoturva ry","url":"https:\/\/tivia-jasenyhdistykset.fi\/tietoturva\/","logo":{"@type":"ImageObject","inLanguage":"fi","@id":"https:\/\/tivia-jasenyhdistykset.fi\/tietoturva\/#\/schema\/logo\/image\/","url":"https:\/\/tietoturva.fi\/wp-content\/uploads\/sites\/7\/2021\/05\/Tietoturva-logo-2018-100.png","contentUrl":"https:\/\/tietoturva.fi\/wp-content\/uploads\/sites\/7\/2021\/05\/Tietoturva-logo-2018-100.png","width":73,"height":100,"caption":"Tietoturva ry"},"image":{"@id":"https:\/\/tivia-jasenyhdistykset.fi\/tietoturva\/#\/schema\/logo\/image\/"},"sameAs":["https:\/\/www.facebook.com\/TietoturvaRy\/","https:\/\/x.com\/tietoturva_ry","https:\/\/www.linkedin.com\/company\/tietoturva\/","https:\/\/www.youtube.com\/channel\/UCmXkytjYpJ4_N2msCNy69sw\/"]}]}},"_links":{"self":[{"href":"https:\/\/tivia-jasenyhdistykset.fi\/tietoturva\/wp-json\/wp\/v2\/pages\/2374","targetHints":{"allow":["GET"]}}],"collection":[{"href":"https:\/\/tivia-jasenyhdistykset.fi\/tietoturva\/wp-json\/wp\/v2\/pages"}],"about":[{"href":"https:\/\/tivia-jasenyhdistykset.fi\/tietoturva\/wp-json\/wp\/v2\/types\/page"}],"author":[{"embeddable":true,"href":"https:\/\/tivia-jasenyhdistykset.fi\/tietoturva\/wp-json\/wp\/v2\/users\/2408"}],"replies":[{"embeddable":true,"href":"https:\/\/tivia-jasenyhdistykset.fi\/tietoturva\/wp-json\/wp\/v2\/comments?post=2374"}],"version-history":[{"count":9,"href":"https:\/\/tivia-jasenyhdistykset.fi\/tietoturva\/wp-json\/wp\/v2\/pages\/2374\/revisions"}],"predecessor-version":[{"id":2896,"href":"https:\/\/tivia-jasenyhdistykset.fi\/tietoturva\/wp-json\/wp\/v2\/pages\/2374\/revisions\/2896"}],"wp:attachment":[{"href":"https:\/\/tivia-jasenyhdistykset.fi\/tietoturva\/wp-json\/wp\/v2\/media?parent=2374"}],"curies":[{"name":"wp","href":"https:\/\/api.w.org\/{rel}","templated":true}]}}