{"id":36,"date":"2018-10-08T16:01:37","date_gmt":"2018-10-08T13:01:37","guid":{"rendered":"http:\/\/tivia.diginortti.fi\/oulu\/?page_id=36"},"modified":"2024-05-31T13:43:37","modified_gmt":"2024-05-31T10:43:37","slug":"saannot","status":"publish","type":"page","link":"https:\/\/tivia-jasenyhdistykset.fi\/tietoturva\/yhdistys\/saannot\/","title":{"rendered":"S\u00e4\u00e4nn\u00f6t"},"content":{"rendered":"<div class=\"entry-content\">\n<h2><strong>1\u00a7 Yhdistyksen nimi ja kotipaikka<\/strong><\/h2>\n<p>Yhdistyksen nimi on Tietoturva \u2013 Finnish Information Security Association ry ja sen kotipaikka on Helsingin kaupunki.<\/p>\n<h2><strong>2\u00a7 Tarkoitus ja toiminnan laatu<\/strong><\/h2>\n<p>Yhdistyksen tarkoituksena on edist\u00e4\u00e4 tietoturvallisuutta ja hyvien tietoturvatapojen noudattamista tietoturvallisuuden kaikilla eri osa-alueilla, toimia j\u00e4sentens\u00e4 yhdyssiteen\u00e4 ja edist\u00e4\u00e4 j\u00e4senten verkostoitumista, sek\u00e4 tukea j\u00e4seni\u00e4 kehitt\u00e4m\u00e4\u00e4n ja yll\u00e4pit\u00e4m\u00e4\u00e4n tietoturvatoiminnan ammattitaitoa ja laatua.<\/p>\n<p>Yhdistyksen tarkoituksena ei ole toiminnallaan tuottaa siihen osallistuville voittoa eik\u00e4 v\u00e4lit\u00f6nt\u00e4 taloudellista ansiota eik\u00e4 sen toiminta muutenkaan voi muodostua p\u00e4\u00e4asiallisesti taloudelliseksi. Yhdistyksen tarkoituksena ei my\u00f6sk\u00e4\u00e4n ole toimia j\u00e4sentens\u00e4 etuja ajavana ty\u00f6markkinaj\u00e4rjest\u00f6n\u00e4.<\/p>\n<p>Tarkoituksensa toteuttamiseksi yhdistys j\u00e4rjest\u00e4\u00e4 kokouksia, koulutus- ja keskustelu- ja verkostoitumistilaisuuksia ja vierailuja, harjoittaa tiedotus- ja julkaisutoimintaa, antaa lausuntoja, my\u00f6nt\u00e4\u00e4 tunnustuksia, seuraa tietoturvallisuuden kotimaista ja kansainv\u00e4list\u00e4 kehityst\u00e4, sek\u00e4 pit\u00e4\u00e4 yhteytt\u00e4 muihin j\u00e4rjest\u00f6ihin, tietoturvallisuuskoulutusta antaviin oppilaitoksiin ja muihin tietoturvallisuuden vaikuttajatahoihin Suomessa ja ulkomailla toimien n\u00e4iden kanssa yhteisty\u00f6ss\u00e4 tietoturvallisuuden edist\u00e4miseksi.<\/p>\n<p>Toimintansa tukemiseksi yhdistys voi j\u00e4rjest\u00e4\u00e4 maksullisia seminaareja ja muita vastaavia tilaisuuksia, ottaa vastaan avustuksia, lahjoituksia ja testamentteja, omistaa toimintaansa varten tarpeellista kiinte\u00e4\u00e4 ja irtainta omaisuutta.<\/p>\n<h3><strong>3\u00a7 J\u00e4senyytt\u00e4 koskevat m\u00e4\u00e4r\u00e4ykset<\/strong><\/h3>\n<p>Yhdistyksess\u00e4 voi olla henkil\u00f6j\u00e4seni\u00e4, yhteis\u00f6j\u00e4seni\u00e4 ja kunniaj\u00e4seni\u00e4.<\/p>\n<p>Yhteis\u00f6j\u00e4seneksi voidaan hyv\u00e4ksy\u00e4 oikeuskelpoinen yhteis\u00f6, joka on kiinnostunut yhdistyksen tarkoituksen edist\u00e4misest\u00e4.<br \/>\nHenkil\u00f6j\u00e4seneksi voidaan hyv\u00e4ksy\u00e4 yksityinen henkil\u00f6, joka on kiinnostunut yhdistyksen tarkoituksen edist\u00e4misest\u00e4 ja joka ty\u00f6skentelee tietoturvallisuuden parissa, opiskelee alaa tai on muuten kiinnostunut alasta. Henkil\u00f6j\u00e4seneksi voidaan hyv\u00e4ksy\u00e4 my\u00f6s yhteis\u00f6j\u00e4senen suosittelema yksityinen henkil\u00f6.<\/p>\n<p>Henkil\u00f6j\u00e4senien ja yhteis\u00f6j\u00e4senien hyv\u00e4ksymisest\u00e4 p\u00e4\u00e4tt\u00e4\u00e4 hallitus. Yhdistys voi hallituksen esityksest\u00e4 kutsua kunniaj\u00e4seneksi henkil\u00f6n, joka on merkitt\u00e4v\u00e4ll\u00e4 tavalla edist\u00e4nyt yhdistyksen toimintaa tai tietoturvatoimintaa Suomessa.<br \/>\nHallitus voi erottaa j\u00e4senen yhdistyksest\u00e4, jos j\u00e4sen on j\u00e4tt\u00e4nyt er\u00e4\u00e4ntyneen j\u00e4senmaksunsa maksamatta tai muuten j\u00e4tt\u00e4nyt t\u00e4ytt\u00e4m\u00e4tt\u00e4 ne velvoitukset, joihin h\u00e4n on yhdistykseen liittym\u00e4ll\u00e4 sitoutunut tai on menettelyll\u00e4\u00e4n yhdistyksess\u00e4 tai sen ulkopuolella huomattavasti vahingoittanut yhdistyst\u00e4 tai sen mainetta tai ei en\u00e4\u00e4 t\u00e4yt\u00e4 laissa taikka yhdistyksen s\u00e4\u00e4nn\u00f6iss\u00e4 mainittuja j\u00e4senyyden ehtoja tai jos j\u00e4sen tuomitaan rikoksesta vankeusrangaistukseen.<\/p>\n<h3><strong>4\u00a7 J\u00e4senmaksut<\/strong><\/h3>\n<p>J\u00e4sen suorittaa yhdistykselle vuosittain j\u00e4senmaksun, jonka suuruuden yhdistyksen syyskokous m\u00e4\u00e4r\u00e4\u00e4. Yhteis\u00f6j\u00e4senten sek\u00e4 henkil\u00f6j\u00e4senten j\u00e4senmaksut voivat olla erisuuruisia. Kunniaj\u00e4senell\u00e4 ei ole j\u00e4senmaksuvelvollisuutta.<\/p>\n<p>Mik\u00e4li j\u00e4sen eroaa yhdistyksen j\u00e4senyydest\u00e4, on j\u00e4sen kuitenkin velvollinen maksamaan vuosikokouksen kyseist\u00e4 kalenterivuotta varten vahvistaman j\u00e4senmaksun kokonaisuudessaan.<\/p>\n<h3><strong>5\u00a7 Yhdistyksen j\u00e4senyys eri yhteis\u00f6iss\u00e4<\/strong><\/h3>\n<p>Yhdistys voi kuulua j\u00e4senen\u00e4 kotimaisiin ja ulkomaisiin tietotekniikka- tai tietoturvallisuusalan eri yhteis\u00f6ihin, joiden tarkoitus vastaa yhdistyksen tarkoitusta tai on sit\u00e4 l\u00e4hell\u00e4. Liittymisest\u00e4 ja eroamisesta p\u00e4\u00e4tet\u00e4\u00e4n yhdistyksen kokouksessa. Liittymis- tai eroamisp\u00e4\u00e4t\u00f6ksen hyv\u00e4ksymiseksi vaaditaan 3\/4 yhdistyksen kokouksessa annetuista \u00e4\u00e4nist\u00e4.<\/p>\n<h3><strong>6\u00a7 Hallitus<\/strong><\/h3>\n<p>Yhdistyksen asioita hoitaa hallitus, johon kuuluu syyskokouksessa valitut puheenjohtaja, varapuheenjohtaja ja 3-6 muuta varsinaista j\u00e4sent\u00e4 sek\u00e4 0-2 varaj\u00e4sent\u00e4. Hallitus valitsee keskuudestaan varainhoitajan, sihteerin ja muut tarvittavat toimihenkil\u00f6t.<\/p>\n<p>Hallituksen toimikausi on kalenterivuosi. Kukin henkil\u00f6 voi toimia hallituksessa samassa teht\u00e4v\u00e4ss\u00e4 korkeintaan kolmen per\u00e4kk\u00e4isen toimikauden ajan. Jos hallituksen j\u00e4sen eroaa ennen toimikautensa p\u00e4\u00e4ttymist\u00e4, h\u00e4nen tilalleen valitaan yhdistyksen seuraavassa kokouksessa uusi j\u00e4sen siksi ajaksi, jonka eronnut olisi ollut viel\u00e4 hallituksen j\u00e4senen\u00e4.<\/p>\n<p>Hallituksen varsinaisilla j\u00e4senill\u00e4 ei ole henkil\u00f6kohtaista varaj\u00e4sent\u00e4. Varaj\u00e4senill\u00e4 on l\u00e4sn\u00e4olo- ja puheoikeus hallituksen kokouksissa. Varaj\u00e4senell\u00e4 on \u00e4\u00e4nivalta hallituksen kokouksissa, mik\u00e4li varsinainen j\u00e4sen on estynyt osallistumaan kokoukseen. Varaj\u00e4senten keskin\u00e4inen \u00e4\u00e4nivaltaisuusetusija ratkaistaan siten, ett\u00e4 heid\u00e4t asetetaan arvalla ratkaistavaan etusijaj\u00e4rjestykseen yhdistyksen syyskokouksessa.<\/p>\n<p>Hallitus kokoontuu puheenjohtajan tai h\u00e4nen estyneen\u00e4 ollessaan varapuheenjohtajan kutsusta, kun he katsovat siihen olevan aihetta tai kun v\u00e4hint\u00e4\u00e4n puolet hallituksen j\u00e4senist\u00e4 sit\u00e4 vaatii.<\/p>\n<p>Hallitus on p\u00e4\u00e4t\u00f6svaltainen, kun puheenjohtaja tai varapuheenjohtaja ja v\u00e4hint\u00e4\u00e4n puolet muista hallituksen \u00e4\u00e4nivaltaisista j\u00e4senist\u00e4 on paikalla. \u00c4\u00e4nestykset ratkaistaan ehdottomalla \u00e4\u00e4ntenenemmist\u00f6ll\u00e4. \u00c4\u00e4nten menness\u00e4 tasan ratkaisee puheenjohtajan \u00e4\u00e4ni, vaaleissa kuitenkin arpa.<\/p>\n<p>Hallituksen teht\u00e4v\u00e4n\u00e4 on toimia yhdistyksen tarkoituksen ja p\u00e4\u00e4m\u00e4\u00e4rien toteuttamiseksi. T\u00e4ss\u00e4 tarkoituksessa hallitus<\/p>\n<p>edustaa yhdistyst\u00e4 ja tekee yhdistyksen puolesta sitoumuksia;<br \/>\nkutsuu koolle yhdistyksen kokoukset ja valmistelee niiss\u00e4 esitett\u00e4v\u00e4t asiat;<br \/>\nvalvoo yhdistyksen kokouksissa tehtyjen p\u00e4\u00e4t\u00f6sten noudattamista;<br \/>\nhoitaa yhdistyksen talouden ja j\u00e4senrekisterin;<br \/>\non oikeutettu palkkaamaan yhdistykselle toimihenkil\u00f6it\u00e4 tai ostamaan yhdistyksen tarvitsemia v\u00e4lineit\u00e4 ja palveluita;<br \/>\nlaatii vuosikertomukset ja tilinp\u00e4\u00e4t\u00f6kset;<br \/>\nlaatii ehdotukset yhdistyksen toimintasuunnitelmaksi ja talousarvioksi;<br \/>\ntoteuttaa muut yhdistyksen asioiden hoitamiseksi tarpeelliset teht\u00e4v\u00e4t.<\/p>\n<h3><strong>7\u00a7 Yhdistyksen nimen kirjoittaminen<\/strong><\/h3>\n<p>Yhdistyksen nimen kirjoittaa hallituksen puheenjohtaja, varapuheenjohtaja tai hallituksen keskuudestaan m\u00e4\u00e4r\u00e4\u00e4m\u00e4 hallituksen j\u00e4sen kaksi yhdess\u00e4 tai joku heist\u00e4 hallituksen siihen m\u00e4\u00e4r\u00e4\u00e4m\u00e4n henkil\u00f6n kanssa. Hallitus voi valita yhden tai useamman henkil\u00f6n kirjoittamaan yhdistyksen nimen yksin.<\/p>\n<h3><strong>8\u00a7 Tilikausi ja toiminnantarkastus<\/strong><\/h3>\n<p>Yhdistyksen tilikausi on kalenterivuosi. Tilinp\u00e4\u00e4t\u00f6s tarvittavine asiakirjoineen ja hallituksen vuosikertomus on annettava toiminnantarkastajille viimeist\u00e4\u00e4n kuukautta ennen kev\u00e4tkokousta. Toiminnantarkastajien tulee antaa kirjallinen lausuntonsa viimeist\u00e4\u00e4n kaksi viikkoa ennen kev\u00e4tkokousta hallitukselle.<\/p>\n<h3><strong>9\u00a7 Yhdistyksen kokoukset<\/strong><\/h3>\n<p>Yhdistys pit\u00e4\u00e4 vuosittain kaksi varsinaista kokousta. Yhdistyksen kev\u00e4tkokous pidet\u00e4\u00e4n tammi-toukokuussa ja syyskokous syys-joulukuussa hallituksen m\u00e4\u00e4r\u00e4\u00e4m\u00e4n\u00e4 p\u00e4iv\u00e4n\u00e4.<\/p>\n<p>Ylim\u00e4\u00e4r\u00e4inen kokous pidet\u00e4\u00e4n, kun yhdistyksen kokous niin p\u00e4\u00e4tt\u00e4\u00e4 tai kun hallitus katsoo siihen olevan aihetta tai kun v\u00e4hint\u00e4\u00e4n kymmenesosa (1\/10) yhdistyksen \u00e4\u00e4nioikeutetuista j\u00e4senist\u00e4 sit\u00e4 hallitukselta erityisesti ilmoitettua asiaa varten kirjallisesti vaatii. Kokous on pidett\u00e4v\u00e4 kolmenkymmenen vuorokauden kuluessa siit\u00e4, kun vaatimus sen pit\u00e4misest\u00e4 on esitetty jollekin hallituksen j\u00e4senelle.<\/p>\n<p>Yhdistyksen kokouksissa on jokaisella henkil\u00f6- ja yhteis\u00f6j\u00e4senell\u00e4 on yksi \u00e4\u00e4ni. Kunniaj\u00e4senill\u00e4 on puhe- ja l\u00e4sn\u00e4olo-oikeus. Yhteis\u00f6j\u00e4senen \u00e4\u00e4nivaltaa yhdistyksess\u00e4 k\u00e4ytt\u00e4\u00e4 j\u00e4senen nime\u00e4m\u00e4 yhteyshenkil\u00f6. Henkil\u00f6j\u00e4sen voi olla kokouksessa edustettuna valtakirjalla, kuitenkin siten, ett\u00e4 yksi henkil\u00f6 voi edustaa valtakirjalla korkeintaan viitt\u00e4 (5) j\u00e4sent\u00e4.<\/p>\n<p>Yhdistyksen kokouksen p\u00e4\u00e4t\u00f6kseksi tulee, ellei n\u00e4iss\u00e4 s\u00e4\u00e4nn\u00f6iss\u00e4 toisin mainita, se mielipide, jota on kannattanut yli puolet annetuista \u00e4\u00e4nist\u00e4. \u00c4\u00e4nten menness\u00e4 tasan ratkaisee kokouksen puheenjohtajan \u00e4\u00e4ni, vaaleissa kuitenkin arpa.<\/p>\n<h3><strong>10\u00a7 Yhdistyksen kokousten koollekutsuminen<\/strong><\/h3>\n<p>Hallituksen on kutsuttava yhdistyksen kokoukset koolle v\u00e4hint\u00e4\u00e4n kaksi viikkoa ennen kokousta l\u00e4hetett\u00e4v\u00e4ll\u00e4 kutsulla. Kutsu toimitetaan yhdistyksen j\u00e4senrekisterin kautta s\u00e4hk\u00f6postitse ja kutsu julkaistaan my\u00f6s yhdistyksen Internet-sivuilla.<\/p>\n<h3><strong>11\u00a7 Varsinaiset kokoukset<\/strong><\/h3>\n<p>Yhdistyksen kev\u00e4tkokouksessa k\u00e4sitell\u00e4\u00e4n seuraavat asiat:<\/p>\n<p>Kokouksen avaus<br \/>\nValitaan kokouksen puheenjohtaja, sihteeri, kaksi p\u00f6yt\u00e4kirjantarkastajaa ja tarvittaessa kaksi \u00e4\u00e4ntenlaskijaa<br \/>\nTodetaan kokouksen laillisuus ja p\u00e4\u00e4t\u00f6svaltaisuus<br \/>\nHyv\u00e4ksyt\u00e4\u00e4n kokouksen ty\u00f6j\u00e4rjestys<br \/>\nEsitet\u00e4\u00e4n vuosikertomus<br \/>\nEsitet\u00e4\u00e4n tilinp\u00e4\u00e4t\u00f6s ja toiminnantarkastajien lausunto<br \/>\nP\u00e4\u00e4tet\u00e4\u00e4n tilinp\u00e4\u00e4t\u00f6ksen vahvistamisesta ja vastuuvapauden my\u00f6nt\u00e4misest\u00e4 hallitukselle ja muille vastuuvelvollisille<br \/>\nK\u00e4sitell\u00e4\u00e4n muut kokouskutsussa mainitut asiat.<\/p>\n<p>Yhdistyksen syyskokouksessa k\u00e4sitell\u00e4\u00e4n seuraavat asiat:<\/p>\n<ol>\n<li>Kokouksen avaus<\/li>\n<li>Valitaan kokouksen puheenjohtaja, sihteeri, kaksi p\u00f6yt\u00e4kirjantarkastajaa ja tarvittaessa kaksi \u00e4\u00e4ntenlaskijaa<\/li>\n<li>Todetaan kokouksen laillisuus ja p\u00e4\u00e4t\u00f6svaltaisuus<\/li>\n<li>Hyv\u00e4ksyt\u00e4\u00e4n kokouksen ty\u00f6j\u00e4rjestys<\/li>\n<li>Vahvistetaan toimintasuunnitelma, talousarvio seuraavalle kalenterivuodelle<\/li>\n<li>Vahvistetaan j\u00e4senmaksujen suuruudet<\/li>\n<li>P\u00e4\u00e4tet\u00e4\u00e4n hallituksen varsinaisten j\u00e4senten ja varaj\u00e4senten lukum\u00e4\u00e4r\u00e4<\/li>\n<li>P\u00e4\u00e4tet\u00e4\u00e4n hallituksen kokouspalkkioiden ja toiminnantarkastajien palkkioiden suuruus<\/li>\n<li>Valitaan hallituksen puheenjohtaja, varapuheenjohtaja, muut j\u00e4senet (3-6) ja mahdolliset varaj\u00e4senet (0-2)<\/li>\n<li>Valitaan kaksi toiminnantarkastajaa<\/li>\n<li>Valitaan yhdistyksen edustajat ja ehdokkaat niiden yhteis\u00f6jen hallintoelimiin, joissa yhdistys on j\u00e4senen\u00e4<\/li>\n<li>K\u00e4sitell\u00e4\u00e4n muut kokouskutsussa mainitut asiat.<\/li>\n<\/ol>\n<p>Mik\u00e4li yhdistyksen j\u00e4sen haluaa saada jonkin asian yhdistyksen kev\u00e4t- tai syyskokouksen k\u00e4sitelt\u00e4v\u00e4ksi, on h\u00e4nen ilmoitettava siit\u00e4 kirjallisesti hallitukselle niin hyviss\u00e4 ajoin, ett\u00e4 asia voidaan sis\u00e4llytt\u00e4\u00e4 kokouskutsuun.<\/p>\n<h3><strong>12\u00a7 S\u00e4\u00e4nt\u00f6jen muuttaminen ja yhdistyksen purkaminen<\/strong><\/h3>\n<p>P\u00e4\u00e4t\u00f6s s\u00e4\u00e4nt\u00f6jen muuttamisesta ja yhdistyksen purkamisesta on teht\u00e4v\u00e4 yhdistyksen kokouksessa v\u00e4hint\u00e4\u00e4n kolmen nelj\u00e4sosan (3\/4) enemmist\u00f6ll\u00e4 annetuista \u00e4\u00e4nist\u00e4. Kokouskutsussa on mainittava s\u00e4\u00e4nt\u00f6jen muuttamisesta tai yhdistyksen purkamisesta.<\/p>\n<p>Yhdistyksen purkautuessa luovutetaan sen varallisuus rekister\u00f6idylle yhdistykselle, jonka tarkoitus vastaa purkautuvan yhdistyksen tarkoitusta tai on t\u00e4t\u00e4 tarkoitusta l\u00e4hell\u00e4 purkamisesta p\u00e4\u00e4tt\u00e4v\u00e4n kokouksen m\u00e4\u00e4r\u00e4\u00e4m\u00e4ll\u00e4 tavalla. Yhdistyksen tullessa lakkautetuksi k\u00e4ytet\u00e4\u00e4n sen varat samaan tarkoitukseen.<\/p>\n<div class=\"art-postcontent\">\n<p>\u2014\u2014\u2014\u2014\u2014\u2014\u2014\u2014\u2013<br \/>\nS\u00e4\u00e4nn\u00f6t on hyv\u00e4ksytty Patentti- ja rekisterihallituksen toimesta 4.9.2014.<\/p>\n<\/div>\n<\/div>\n","protected":false},"excerpt":{"rendered":"<p>1\u00a7 Yhdistyksen nimi ja kotipaikka<\/p>\n<p>Yhdistyksen nimi on Tietoturva \u2013 Finnish Information Security Association ry ja sen kotipaikka on Helsingin kaupunki.<\/p>\n<p>2\u00a7 Tarkoitus ja toiminnan laatu<\/p>\n<p>Yhdistyksen tarkoituksena on edist\u00e4\u00e4 tietoturvallisuutta ja hyvien tietoturvatapojen noudattamista tietoturvallisuuden kaikilla eri osa-alueilla,<\/p>\n","protected":false},"author":2408,"featured_media":0,"parent":76,"menu_order":0,"comment_status":"closed","ping_status":"closed","template":"","meta":{"_acf_changed":false,"footnotes":""},"class_list":["post-36","page","type-page","status-publish","hentry"],"acf":[],"yoast_head":"<!-- This site is optimized with the Yoast SEO plugin v27.5 - https:\/\/yoast.com\/product\/yoast-seo-wordpress\/ -->\n<title>S\u00e4\u00e4nn\u00f6t - Tietoturva ry<\/title>\n<meta name=\"robots\" content=\"index, follow, max-snippet:-1, max-image-preview:large, max-video-preview:-1\" \/>\n<link rel=\"canonical\" href=\"https:\/\/tivia-jasenyhdistykset.fi\/tietoturva\/yhdistys\/saannot\/\" \/>\n<meta property=\"og:locale\" content=\"fi_FI\" \/>\n<meta property=\"og:type\" content=\"article\" \/>\n<meta property=\"og:title\" content=\"S\u00e4\u00e4nn\u00f6t - Tietoturva ry\" \/>\n<meta property=\"og:description\" content=\"1\u00a7 Yhdistyksen nimi ja kotipaikka Yhdistyksen nimi on Tietoturva \u2013 Finnish Information Security Association ry ja sen kotipaikka on Helsingin kaupunki. 2\u00a7 Tarkoitus ja toiminnan laatu Yhdistyksen tarkoituksena on edist\u00e4\u00e4 tietoturvallisuutta ja hyvien tietoturvatapojen noudattamista tietoturvallisuuden kaikilla eri osa-alueilla,\" \/>\n<meta property=\"og:url\" content=\"https:\/\/tivia-jasenyhdistykset.fi\/tietoturva\/yhdistys\/saannot\/\" \/>\n<meta property=\"og:site_name\" content=\"Tietoturva ry\" \/>\n<meta property=\"article:publisher\" content=\"https:\/\/www.facebook.com\/TietoturvaRy\/\" \/>\n<meta property=\"article:modified_time\" content=\"2024-05-31T10:43:37+00:00\" \/>\n<meta property=\"og:image\" content=\"https:\/\/tivia-jasenyhdistykset.fi\/tietoturva\/wp-content\/uploads\/sites\/7\/2021\/05\/Tietoturva-logo-2018-100.png\" \/>\n\t<meta property=\"og:image:width\" content=\"73\" \/>\n\t<meta property=\"og:image:height\" content=\"100\" \/>\n\t<meta property=\"og:image:type\" content=\"image\/png\" \/>\n<meta name=\"twitter:card\" content=\"summary_large_image\" \/>\n<meta name=\"twitter:site\" content=\"@tietoturva_ry\" \/>\n<meta name=\"twitter:label1\" content=\"Arvioitu lukuaika\" \/>\n\t<meta name=\"twitter:data1\" content=\"7 minuuttia\" \/>\n<script type=\"application\/ld+json\" class=\"yoast-schema-graph\">{\"@context\":\"https:\\\/\\\/schema.org\",\"@graph\":[{\"@type\":\"WebPage\",\"@id\":\"https:\\\/\\\/tivia-jasenyhdistykset.fi\\\/tietoturva\\\/yhdistys\\\/saannot\\\/\",\"url\":\"https:\\\/\\\/tivia-jasenyhdistykset.fi\\\/tietoturva\\\/yhdistys\\\/saannot\\\/\",\"name\":\"S\u00e4\u00e4nn\u00f6t - Tietoturva ry\",\"isPartOf\":{\"@id\":\"https:\\\/\\\/tivia-jasenyhdistykset.fi\\\/tietoturva\\\/#website\"},\"datePublished\":\"2018-10-08T13:01:37+00:00\",\"dateModified\":\"2024-05-31T10:43:37+00:00\",\"breadcrumb\":{\"@id\":\"https:\\\/\\\/tivia-jasenyhdistykset.fi\\\/tietoturva\\\/yhdistys\\\/saannot\\\/#breadcrumb\"},\"inLanguage\":\"fi\",\"potentialAction\":[{\"@type\":\"ReadAction\",\"target\":[\"https:\\\/\\\/tivia-jasenyhdistykset.fi\\\/tietoturva\\\/yhdistys\\\/saannot\\\/\"]}]},{\"@type\":\"BreadcrumbList\",\"@id\":\"https:\\\/\\\/tivia-jasenyhdistykset.fi\\\/tietoturva\\\/yhdistys\\\/saannot\\\/#breadcrumb\",\"itemListElement\":[{\"@type\":\"ListItem\",\"position\":1,\"name\":\"Etusivu\",\"item\":\"https:\\\/\\\/tivia-jasenyhdistykset.fi\\\/tietoturva\\\/\"},{\"@type\":\"ListItem\",\"position\":2,\"name\":\"Yhdistys\",\"item\":\"https:\\\/\\\/tivia-jasenyhdistykset.fi\\\/tietoturva\\\/yhdistys\\\/\"},{\"@type\":\"ListItem\",\"position\":3,\"name\":\"S\u00e4\u00e4nn\u00f6t\"}]},{\"@type\":\"WebSite\",\"@id\":\"https:\\\/\\\/tivia-jasenyhdistykset.fi\\\/tietoturva\\\/#website\",\"url\":\"https:\\\/\\\/tivia-jasenyhdistykset.fi\\\/tietoturva\\\/\",\"name\":\"Tietoturva ry\",\"description\":\"Suomen suurin tietoturva-ammattilaisten verkosto\",\"publisher\":{\"@id\":\"https:\\\/\\\/tivia-jasenyhdistykset.fi\\\/tietoturva\\\/#organization\"},\"potentialAction\":[{\"@type\":\"SearchAction\",\"target\":{\"@type\":\"EntryPoint\",\"urlTemplate\":\"https:\\\/\\\/tivia-jasenyhdistykset.fi\\\/tietoturva\\\/?s={search_term_string}\"},\"query-input\":{\"@type\":\"PropertyValueSpecification\",\"valueRequired\":true,\"valueName\":\"search_term_string\"}}],\"inLanguage\":\"fi\"},{\"@type\":\"Organization\",\"@id\":\"https:\\\/\\\/tivia-jasenyhdistykset.fi\\\/tietoturva\\\/#organization\",\"name\":\"Tietoturva ry\",\"url\":\"https:\\\/\\\/tivia-jasenyhdistykset.fi\\\/tietoturva\\\/\",\"logo\":{\"@type\":\"ImageObject\",\"inLanguage\":\"fi\",\"@id\":\"https:\\\/\\\/tivia-jasenyhdistykset.fi\\\/tietoturva\\\/#\\\/schema\\\/logo\\\/image\\\/\",\"url\":\"https:\\\/\\\/tietoturva.fi\\\/wp-content\\\/uploads\\\/sites\\\/7\\\/2021\\\/05\\\/Tietoturva-logo-2018-100.png\",\"contentUrl\":\"https:\\\/\\\/tietoturva.fi\\\/wp-content\\\/uploads\\\/sites\\\/7\\\/2021\\\/05\\\/Tietoturva-logo-2018-100.png\",\"width\":73,\"height\":100,\"caption\":\"Tietoturva ry\"},\"image\":{\"@id\":\"https:\\\/\\\/tivia-jasenyhdistykset.fi\\\/tietoturva\\\/#\\\/schema\\\/logo\\\/image\\\/\"},\"sameAs\":[\"https:\\\/\\\/www.facebook.com\\\/TietoturvaRy\\\/\",\"https:\\\/\\\/x.com\\\/tietoturva_ry\",\"https:\\\/\\\/www.linkedin.com\\\/company\\\/tietoturva\\\/\",\"https:\\\/\\\/www.youtube.com\\\/channel\\\/UCmXkytjYpJ4_N2msCNy69sw\\\/\"]}]}<\/script>\n<!-- \/ Yoast SEO plugin. -->","yoast_head_json":{"title":"S\u00e4\u00e4nn\u00f6t - Tietoturva ry","robots":{"index":"index","follow":"follow","max-snippet":"max-snippet:-1","max-image-preview":"max-image-preview:large","max-video-preview":"max-video-preview:-1"},"canonical":"https:\/\/tivia-jasenyhdistykset.fi\/tietoturva\/yhdistys\/saannot\/","og_locale":"fi_FI","og_type":"article","og_title":"S\u00e4\u00e4nn\u00f6t - Tietoturva ry","og_description":"1\u00a7 Yhdistyksen nimi ja kotipaikka Yhdistyksen nimi on Tietoturva \u2013 Finnish Information Security Association ry ja sen kotipaikka on Helsingin kaupunki. 2\u00a7 Tarkoitus ja toiminnan laatu Yhdistyksen tarkoituksena on edist\u00e4\u00e4 tietoturvallisuutta ja hyvien tietoturvatapojen noudattamista tietoturvallisuuden kaikilla eri osa-alueilla,","og_url":"https:\/\/tivia-jasenyhdistykset.fi\/tietoturva\/yhdistys\/saannot\/","og_site_name":"Tietoturva ry","article_publisher":"https:\/\/www.facebook.com\/TietoturvaRy\/","article_modified_time":"2024-05-31T10:43:37+00:00","og_image":[{"width":73,"height":100,"url":"https:\/\/tivia-jasenyhdistykset.fi\/tietoturva\/wp-content\/uploads\/sites\/7\/2021\/05\/Tietoturva-logo-2018-100.png","type":"image\/png"}],"twitter_card":"summary_large_image","twitter_site":"@tietoturva_ry","twitter_misc":{"Arvioitu lukuaika":"7 minuuttia"},"schema":{"@context":"https:\/\/schema.org","@graph":[{"@type":"WebPage","@id":"https:\/\/tivia-jasenyhdistykset.fi\/tietoturva\/yhdistys\/saannot\/","url":"https:\/\/tivia-jasenyhdistykset.fi\/tietoturva\/yhdistys\/saannot\/","name":"S\u00e4\u00e4nn\u00f6t - Tietoturva ry","isPartOf":{"@id":"https:\/\/tivia-jasenyhdistykset.fi\/tietoturva\/#website"},"datePublished":"2018-10-08T13:01:37+00:00","dateModified":"2024-05-31T10:43:37+00:00","breadcrumb":{"@id":"https:\/\/tivia-jasenyhdistykset.fi\/tietoturva\/yhdistys\/saannot\/#breadcrumb"},"inLanguage":"fi","potentialAction":[{"@type":"ReadAction","target":["https:\/\/tivia-jasenyhdistykset.fi\/tietoturva\/yhdistys\/saannot\/"]}]},{"@type":"BreadcrumbList","@id":"https:\/\/tivia-jasenyhdistykset.fi\/tietoturva\/yhdistys\/saannot\/#breadcrumb","itemListElement":[{"@type":"ListItem","position":1,"name":"Etusivu","item":"https:\/\/tivia-jasenyhdistykset.fi\/tietoturva\/"},{"@type":"ListItem","position":2,"name":"Yhdistys","item":"https:\/\/tivia-jasenyhdistykset.fi\/tietoturva\/yhdistys\/"},{"@type":"ListItem","position":3,"name":"S\u00e4\u00e4nn\u00f6t"}]},{"@type":"WebSite","@id":"https:\/\/tivia-jasenyhdistykset.fi\/tietoturva\/#website","url":"https:\/\/tivia-jasenyhdistykset.fi\/tietoturva\/","name":"Tietoturva ry","description":"Suomen suurin tietoturva-ammattilaisten verkosto","publisher":{"@id":"https:\/\/tivia-jasenyhdistykset.fi\/tietoturva\/#organization"},"potentialAction":[{"@type":"SearchAction","target":{"@type":"EntryPoint","urlTemplate":"https:\/\/tivia-jasenyhdistykset.fi\/tietoturva\/?s={search_term_string}"},"query-input":{"@type":"PropertyValueSpecification","valueRequired":true,"valueName":"search_term_string"}}],"inLanguage":"fi"},{"@type":"Organization","@id":"https:\/\/tivia-jasenyhdistykset.fi\/tietoturva\/#organization","name":"Tietoturva ry","url":"https:\/\/tivia-jasenyhdistykset.fi\/tietoturva\/","logo":{"@type":"ImageObject","inLanguage":"fi","@id":"https:\/\/tivia-jasenyhdistykset.fi\/tietoturva\/#\/schema\/logo\/image\/","url":"https:\/\/tietoturva.fi\/wp-content\/uploads\/sites\/7\/2021\/05\/Tietoturva-logo-2018-100.png","contentUrl":"https:\/\/tietoturva.fi\/wp-content\/uploads\/sites\/7\/2021\/05\/Tietoturva-logo-2018-100.png","width":73,"height":100,"caption":"Tietoturva ry"},"image":{"@id":"https:\/\/tivia-jasenyhdistykset.fi\/tietoturva\/#\/schema\/logo\/image\/"},"sameAs":["https:\/\/www.facebook.com\/TietoturvaRy\/","https:\/\/x.com\/tietoturva_ry","https:\/\/www.linkedin.com\/company\/tietoturva\/","https:\/\/www.youtube.com\/channel\/UCmXkytjYpJ4_N2msCNy69sw\/"]}]}},"_links":{"self":[{"href":"https:\/\/tivia-jasenyhdistykset.fi\/tietoturva\/wp-json\/wp\/v2\/pages\/36","targetHints":{"allow":["GET"]}}],"collection":[{"href":"https:\/\/tivia-jasenyhdistykset.fi\/tietoturva\/wp-json\/wp\/v2\/pages"}],"about":[{"href":"https:\/\/tivia-jasenyhdistykset.fi\/tietoturva\/wp-json\/wp\/v2\/types\/page"}],"author":[{"embeddable":true,"href":"https:\/\/tivia-jasenyhdistykset.fi\/tietoturva\/wp-json\/wp\/v2\/users\/2408"}],"replies":[{"embeddable":true,"href":"https:\/\/tivia-jasenyhdistykset.fi\/tietoturva\/wp-json\/wp\/v2\/comments?post=36"}],"version-history":[{"count":4,"href":"https:\/\/tivia-jasenyhdistykset.fi\/tietoturva\/wp-json\/wp\/v2\/pages\/36\/revisions"}],"predecessor-version":[{"id":128,"href":"https:\/\/tivia-jasenyhdistykset.fi\/tietoturva\/wp-json\/wp\/v2\/pages\/36\/revisions\/128"}],"up":[{"embeddable":true,"href":"https:\/\/tivia-jasenyhdistykset.fi\/tietoturva\/wp-json\/wp\/v2\/pages\/76"}],"wp:attachment":[{"href":"https:\/\/tivia-jasenyhdistykset.fi\/tietoturva\/wp-json\/wp\/v2\/media?parent=36"}],"curies":[{"name":"wp","href":"https:\/\/api.w.org\/{rel}","templated":true}]}}