{"id":405,"date":"2020-05-13T18:01:18","date_gmt":"2020-05-13T15:01:18","guid":{"rendered":"https:\/\/tietoturva.fi\/?page_id=405"},"modified":"2025-11-06T11:58:55","modified_gmt":"2025-11-06T09:58:55","slug":"opinnaytetyokilpailu","status":"publish","type":"page","link":"https:\/\/tivia-jasenyhdistykset.fi\/tietoturva\/toiminta\/opinnaytetyokilpailu\/","title":{"rendered":"Opinn\u00e4ytety\u00f6kilpailu"},"content":{"rendered":"<h2 style=\"text-align: center;\">Tietoturva ry:n opinn\u00e4ytety\u00f6kilpailu vuodelle 2026<\/h2>\n<p>Tietoturva ry my\u00f6nt\u00e4\u00e4 vuosittain opinn\u00e4ytety\u00f6palkinnon parhaimmasta tietoturva-aiheisesta opinn\u00e4ytety\u00f6st\u00e4. Sarjoja on kaksi, ylemmille ja alemmille korkeakoulututkinnoille.<\/p>\n<p>Kilpailuun voi osallistua aiheella, joka liittyy tietoturvallisuuden mihin tahansa eri osa-alueeseen, mukaan lukien tietosuojan ja kyberturvallisuuden. Palkinnon tarkoituksena on kannustaa opiskelijoita tekem\u00e4\u00e4n laadukkaita tietoturvaa k\u00e4sittelevi\u00e4 opinn\u00e4ytet\u00f6it\u00e4 ja n\u00e4in edist\u00e4\u00e4 suomalaista tietoturvaosaamista.<\/p>\n<p>Palkinto on jaettu vuodesta 2010 alkaen. Katso aiempien vuosien voittajat alta.<\/p>\n<hr \/>\n<h3>Sarjat<\/h3>\n<ul>\n<li>Ylemm\u00e4t korkeakoulututkinnot: Diplomity\u00f6t, pro gradu -tutkielmat ja ylempien ammattikorkeakoulututkintojen opinn\u00e4ytety\u00f6t<\/li>\n<li>Alemmat korkeakoulututkinnot: Kandidaatintutkielmat ja ammattikorkeakoulututkintojen opinn\u00e4ytety\u00f6t.<\/li>\n<\/ul>\n<h3>Arviointikriteerit<\/h3>\n<p>Opinn\u00e4ytety\u00f6n palkinnon saajaa valittaessa k\u00e4ytet\u00e4\u00e4n mm. seuraavia valintakriteerej\u00e4, joita voidaan soveltaa samanaikaisesti tai painottaen:<\/p>\n<ul>\n<li>Opinn\u00e4ytety\u00f6n tietoturvasis\u00e4lt\u00f6<\/li>\n<li>Opinn\u00e4ytety\u00f6n uutuusarvo ja k\u00e4ytt\u00f6kelpoisuus<\/li>\n<li>Opinn\u00e4ytety\u00f6n arvosana (arvosanan tulee l\u00e4ht\u00f6kohtaisesti olla kiitett\u00e4v\u00e4 tai eritt\u00e4in hyv\u00e4)<\/li>\n<li>Opinn\u00e4ytety\u00f6n muu sis\u00e4lt\u00f6 ja ty\u00f6n laajuus.<\/li>\n<\/ul>\n<p>Mik\u00e4li opinn\u00e4ytety\u00f6 on osittain salainen, t\u00e4ll\u00f6in arviointi tehd\u00e4\u00e4n julkisen osan perusteella.<\/p>\n<h3>Palkinnot<\/h3>\n<p>Kummassakin sarjassa palkintona on 500 euron suuruinen stipendi sek\u00e4 yhden vuoden mittainen Tietoturva ry:n j\u00e4senyys, joka oikeuttaa osallistumaan yhdistyksen j\u00e4rjest\u00e4miin tilaisuuksiin ja muihin j\u00e4senetuihin. Palkinnot jaetaan Tietoturva ry:n syyskokouksen yhteydess\u00e4. Lis\u00e4ksi palkinnon saajien haastattelut julkaistaan Tietoturva ry:n www-sivuilla ja palkituista tiedotetaan my\u00f6s muissa viestint\u00e4kanavissa.<\/p>\n<h2>Hakeminen (2026)<\/h2>\n<p>Vuoden Tietoturvaopinn\u00e4ytety\u00f6-palkintoa 2026 voi hakea sellaisella suomalaiseen korkeakoulututkintoon liittyv\u00e4ll\u00e4 opinn\u00e4ytety\u00f6ll\u00e4, joka on hyv\u00e4ksytty 1.9.2025 \u2013 31.8.2026 v\u00e4lisen\u00e4 aikana. Palkintoa haetaan vapaamuotoisella hakemuksella, johon tulee sis\u00e4llytt\u00e4\u00e4:<\/p>\n<ul>\n<li>Hakijan yhteystiedot<\/li>\n<li>Tiedot oppilaitoksesta ja tutkinnosta, johon opinn\u00e4ytety\u00f6 on tehty<\/li>\n<li>Opinn\u00e4ytety\u00f6n otsikko ja aihe<\/li>\n<li>Ty\u00f6n ohjaajan yhteystiedot<\/li>\n<li>Perustelut, miksi ehdotettu opinn\u00e4ytety\u00f6 on vuoden paras tietoturva-aiheinen opinn\u00e4ytety\u00f6.<\/li>\n<li>Liitteeksi:\n<ul>\n<li>opinn\u00e4ytety\u00f6st\u00e4 annettu arvostelulomake<\/li>\n<li>opinn\u00e4ytety\u00f6 s\u00e4hk\u00f6isess\u00e4 muodossa<\/li>\n<li>ty\u00f6n ohjaajan antama suositus\/lausunto.<\/li>\n<\/ul>\n<\/li>\n<\/ul>\n<p>Hakemukset tulee toimittaa liitteineen osoitteeseen <a href=\"mailto:info@tietoturva.fi\">info@tietoturva.fi<\/a> viimeist\u00e4\u00e4n 31.8.2026. Raatimme arvioi ty\u00f6t hakuajan p\u00e4\u00e4tytty\u00e4 ja kilpailun tulokset julkaistaan loppuvuodesta 2026.<\/p>\n<h3><strong>Lis\u00e4tiedot<\/strong><\/h3>\n<p>Tietoturva ry pid\u00e4tt\u00e4\u00e4 oikeuden muuttaa s\u00e4\u00e4nt\u00f6j\u00e4 perustellusta syyst\u00e4 tai j\u00e4tt\u00e4\u00e4 palkinnon jakamatta, mik\u00e4li riitt\u00e4v\u00e4n laadukkaita hakemuksia ei saada.<\/p>\n<hr \/>\n<h2>Aikaisempien vuosien voittajat<\/h2>\n<ul>\n<li><a href=\"https:\/\/tietoturva.fi\/2025\/11\/06\/vuoden-2025-opinnaytetyot\/\">Opinn\u00e4ytety\u00f6kilpailu 2025<\/a><\/li>\n<li><a href=\"https:\/\/tietoturva.fi\/2024\/11\/20\/vuoden-2024-opinnaytetyot\/\">Opinn\u00e4ytety\u00f6kilpailu 2024<\/a><\/li>\n<li><a href=\"https:\/\/tietoturva.fi\/2023\/11\/22\/opinnaytetyokilpailu_2023\/\">Opinn\u00e4ytety\u00f6kilpailu 2023<\/a><\/li>\n<li><a href=\"https:\/\/tietoturva.fi\/2022\/11\/14\/tietoturva-ry-palkitsi-vuoden-2022-parhaat-tietoturva-aiheiset-opinnaytetyot\/\">Opinn\u00e4ytety\u00f6kilpailu 2022<\/a><\/li>\n<li><a href=\"https:\/\/tietoturva.fi\/2021\/11\/25\/tietoturva-ry-palkitsi-vuoden-2021-parhaat-tietoturva-aiheiset-opinnaytetyot\/\">Opinn\u00e4ytety\u00f6kilpailu 2021<\/a><\/li>\n<li><a href=\"https:\/\/tietoturva.fi\/toiminta\/opinnaytetyokilpailu\/opinnaytetyokilpailu-2020\/\">Opinn\u00e4ytety\u00f6kilpailu 2020<\/a><\/li>\n<li><a href=\"https:\/\/tietoturva.fi\/toiminta\/opinnaytetyokilpailu\/opinnaytetyokilpailu-2019\/\">Opinn\u00e4ytety\u00f6kilpailu 2019<\/a><\/li>\n<li><a href=\"https:\/\/tietoturva.fi\/toiminta\/opinnaytetyokilpailu\/opinnaytetyo-2018\/\">Opinn\u00e4ytety\u00f6kilpailu 2018<\/a><\/li>\n<li><a href=\"https:\/\/tietoturva.fi\/toiminta\/opinnaytetyokilpailu\/opinnaytetyokilpailu-2017\/\">Opinn\u00e4ytety\u00f6kilpailu 2017<\/a><\/li>\n<li><a href=\"https:\/\/tietoturva.fi\/2016\/11\/10\/topi2016\/\">Opinn\u00e4ytety\u00f6kilpailu 2016<\/a><\/li>\n<li><a href=\"https:\/\/tietoturva.fi\/toiminta\/opinnaytetyokilpailu\/opinnaytetyokilpailu-2015\/\">Opinn\u00e4ytety\u00f6kilpailu 2015<\/a><\/li>\n<li><a href=\"https:\/\/tietoturva.fi\/2014\/11\/01\/topi2014\/\">Opinn\u00e4ytety\u00f6kilpailu 2014<\/a><\/li>\n<li><a href=\"https:\/\/tietoturva.fi\/2013\/11\/14\/topi2013\/\">Opinn\u00e4ytety\u00f6kilpailu 2013<\/a><\/li>\n<li><a href=\"https:\/\/tietoturva.fi\/2012\/10\/11\/topi2012\/\">Opinn\u00e4ytety\u00f6kilpailu 2012<\/a><\/li>\n<li><a href=\"https:\/\/tietoturva.fi\/2011\/09\/22\/topi2011\/\">Opinn\u00e4ytety\u00f6kilpailu 2011<\/a><\/li>\n<li><a href=\"https:\/\/tietoturva.fi\/2010\/09\/23\/topi2010\/\">Opinn\u00e4ytety\u00f6kilpailu 2010<\/a><\/li>\n<\/ul>\n","protected":false},"excerpt":{"rendered":"<p>Tietoturva ry:n opinn\u00e4ytety\u00f6kilpailu vuodelle 2026<\/p>\n<p>Tietoturva ry my\u00f6nt\u00e4\u00e4 vuosittain opinn\u00e4ytety\u00f6palkinnon parhaimmasta tietoturva-aiheisesta opinn\u00e4ytety\u00f6st\u00e4. Sarjoja on kaksi, ylemmille ja alemmille korkeakoulututkinnoille.<\/p>\n<p>Kilpailuun voi osallistua aiheella, joka liittyy tietoturvallisuuden mihin tahansa eri osa-alueeseen, mukaan lukien tietosuojan ja kyberturvallisuuden. Palkinnon tarkoituksena on kannustaa opiskelijoita tekem\u00e4\u00e4n laadukkaita tietoturvaa k\u00e4sittelevi\u00e4 opinn\u00e4ytet\u00f6it\u00e4 ja n\u00e4in edist\u00e4\u00e4 suomalaista tietoturvaosaamista.<\/p>\n","protected":false},"author":2408,"featured_media":539,"parent":436,"menu_order":1,"comment_status":"closed","ping_status":"closed","template":"","meta":{"_acf_changed":false,"footnotes":""},"class_list":["post-405","page","type-page","status-publish","has-post-thumbnail","hentry"],"acf":[],"yoast_head":"<!-- This site is optimized with the Yoast SEO plugin v27.5 - https:\/\/yoast.com\/product\/yoast-seo-wordpress\/ -->\n<title>Opinn\u00e4ytety\u00f6kilpailu - Tietoturva ry<\/title>\n<meta name=\"robots\" content=\"index, follow, max-snippet:-1, max-image-preview:large, max-video-preview:-1\" \/>\n<link rel=\"canonical\" href=\"https:\/\/tivia-jasenyhdistykset.fi\/tietoturva\/toiminta\/opinnaytetyokilpailu\/\" \/>\n<meta property=\"og:locale\" content=\"fi_FI\" \/>\n<meta property=\"og:type\" content=\"article\" \/>\n<meta property=\"og:title\" content=\"Opinn\u00e4ytety\u00f6kilpailu - Tietoturva ry\" \/>\n<meta property=\"og:description\" content=\"Tietoturva ry:n opinn\u00e4ytety\u00f6kilpailu vuodelle 2026 Tietoturva ry my\u00f6nt\u00e4\u00e4 vuosittain opinn\u00e4ytety\u00f6palkinnon parhaimmasta tietoturva-aiheisesta opinn\u00e4ytety\u00f6st\u00e4. Sarjoja on kaksi, ylemmille ja alemmille korkeakoulututkinnoille. Kilpailuun voi osallistua aiheella, joka liittyy tietoturvallisuuden mihin tahansa eri osa-alueeseen, mukaan lukien tietosuojan ja kyberturvallisuuden. Palkinnon tarkoituksena on kannustaa opiskelijoita tekem\u00e4\u00e4n laadukkaita tietoturvaa k\u00e4sittelevi\u00e4 opinn\u00e4ytet\u00f6it\u00e4 ja n\u00e4in edist\u00e4\u00e4 suomalaista tietoturvaosaamista.\" \/>\n<meta property=\"og:url\" content=\"https:\/\/tivia-jasenyhdistykset.fi\/tietoturva\/toiminta\/opinnaytetyokilpailu\/\" \/>\n<meta property=\"og:site_name\" content=\"Tietoturva ry\" \/>\n<meta property=\"article:publisher\" content=\"https:\/\/www.facebook.com\/TietoturvaRy\/\" \/>\n<meta property=\"article:modified_time\" content=\"2025-11-06T09:58:55+00:00\" \/>\n<meta property=\"og:image\" content=\"https:\/\/tivia-jasenyhdistykset.fi\/tietoturva\/wp-content\/uploads\/sites\/7\/2020\/11\/Opinnayte.jpg\" \/>\n\t<meta property=\"og:image:width\" content=\"754\" \/>\n\t<meta property=\"og:image:height\" content=\"687\" \/>\n\t<meta property=\"og:image:type\" content=\"image\/jpeg\" \/>\n<meta name=\"twitter:card\" content=\"summary_large_image\" \/>\n<meta name=\"twitter:site\" content=\"@tietoturva_ry\" \/>\n<meta name=\"twitter:label1\" content=\"Arvioitu lukuaika\" \/>\n\t<meta name=\"twitter:data1\" content=\"3 minuuttia\" \/>\n<script type=\"application\/ld+json\" class=\"yoast-schema-graph\">{\"@context\":\"https:\\\/\\\/schema.org\",\"@graph\":[{\"@type\":\"WebPage\",\"@id\":\"https:\\\/\\\/tivia-jasenyhdistykset.fi\\\/tietoturva\\\/toiminta\\\/opinnaytetyokilpailu\\\/\",\"url\":\"https:\\\/\\\/tivia-jasenyhdistykset.fi\\\/tietoturva\\\/toiminta\\\/opinnaytetyokilpailu\\\/\",\"name\":\"Opinn\u00e4ytety\u00f6kilpailu - Tietoturva ry\",\"isPartOf\":{\"@id\":\"https:\\\/\\\/tivia-jasenyhdistykset.fi\\\/tietoturva\\\/#website\"},\"primaryImageOfPage\":{\"@id\":\"https:\\\/\\\/tivia-jasenyhdistykset.fi\\\/tietoturva\\\/toiminta\\\/opinnaytetyokilpailu\\\/#primaryimage\"},\"image\":{\"@id\":\"https:\\\/\\\/tivia-jasenyhdistykset.fi\\\/tietoturva\\\/toiminta\\\/opinnaytetyokilpailu\\\/#primaryimage\"},\"thumbnailUrl\":\"https:\\\/\\\/tivia-jasenyhdistykset.fi\\\/tietoturva\\\/wp-content\\\/uploads\\\/sites\\\/7\\\/2020\\\/11\\\/Opinnayte.jpg\",\"datePublished\":\"2020-05-13T15:01:18+00:00\",\"dateModified\":\"2025-11-06T09:58:55+00:00\",\"breadcrumb\":{\"@id\":\"https:\\\/\\\/tivia-jasenyhdistykset.fi\\\/tietoturva\\\/toiminta\\\/opinnaytetyokilpailu\\\/#breadcrumb\"},\"inLanguage\":\"fi\",\"potentialAction\":[{\"@type\":\"ReadAction\",\"target\":[\"https:\\\/\\\/tivia-jasenyhdistykset.fi\\\/tietoturva\\\/toiminta\\\/opinnaytetyokilpailu\\\/\"]}]},{\"@type\":\"ImageObject\",\"inLanguage\":\"fi\",\"@id\":\"https:\\\/\\\/tivia-jasenyhdistykset.fi\\\/tietoturva\\\/toiminta\\\/opinnaytetyokilpailu\\\/#primaryimage\",\"url\":\"https:\\\/\\\/tivia-jasenyhdistykset.fi\\\/tietoturva\\\/wp-content\\\/uploads\\\/sites\\\/7\\\/2020\\\/11\\\/Opinnayte.jpg\",\"contentUrl\":\"https:\\\/\\\/tivia-jasenyhdistykset.fi\\\/tietoturva\\\/wp-content\\\/uploads\\\/sites\\\/7\\\/2020\\\/11\\\/Opinnayte.jpg\",\"width\":754,\"height\":687},{\"@type\":\"BreadcrumbList\",\"@id\":\"https:\\\/\\\/tivia-jasenyhdistykset.fi\\\/tietoturva\\\/toiminta\\\/opinnaytetyokilpailu\\\/#breadcrumb\",\"itemListElement\":[{\"@type\":\"ListItem\",\"position\":1,\"name\":\"Etusivu\",\"item\":\"https:\\\/\\\/tivia-jasenyhdistykset.fi\\\/tietoturva\\\/\"},{\"@type\":\"ListItem\",\"position\":2,\"name\":\"Toiminta\",\"item\":\"https:\\\/\\\/tivia-jasenyhdistykset.fi\\\/tietoturva\\\/toiminta\\\/\"},{\"@type\":\"ListItem\",\"position\":3,\"name\":\"Opinn\u00e4ytety\u00f6kilpailu\"}]},{\"@type\":\"WebSite\",\"@id\":\"https:\\\/\\\/tivia-jasenyhdistykset.fi\\\/tietoturva\\\/#website\",\"url\":\"https:\\\/\\\/tivia-jasenyhdistykset.fi\\\/tietoturva\\\/\",\"name\":\"Tietoturva ry\",\"description\":\"Suomen suurin tietoturva-ammattilaisten verkosto\",\"publisher\":{\"@id\":\"https:\\\/\\\/tivia-jasenyhdistykset.fi\\\/tietoturva\\\/#organization\"},\"potentialAction\":[{\"@type\":\"SearchAction\",\"target\":{\"@type\":\"EntryPoint\",\"urlTemplate\":\"https:\\\/\\\/tivia-jasenyhdistykset.fi\\\/tietoturva\\\/?s={search_term_string}\"},\"query-input\":{\"@type\":\"PropertyValueSpecification\",\"valueRequired\":true,\"valueName\":\"search_term_string\"}}],\"inLanguage\":\"fi\"},{\"@type\":\"Organization\",\"@id\":\"https:\\\/\\\/tivia-jasenyhdistykset.fi\\\/tietoturva\\\/#organization\",\"name\":\"Tietoturva ry\",\"url\":\"https:\\\/\\\/tivia-jasenyhdistykset.fi\\\/tietoturva\\\/\",\"logo\":{\"@type\":\"ImageObject\",\"inLanguage\":\"fi\",\"@id\":\"https:\\\/\\\/tivia-jasenyhdistykset.fi\\\/tietoturva\\\/#\\\/schema\\\/logo\\\/image\\\/\",\"url\":\"https:\\\/\\\/tietoturva.fi\\\/wp-content\\\/uploads\\\/sites\\\/7\\\/2021\\\/05\\\/Tietoturva-logo-2018-100.png\",\"contentUrl\":\"https:\\\/\\\/tietoturva.fi\\\/wp-content\\\/uploads\\\/sites\\\/7\\\/2021\\\/05\\\/Tietoturva-logo-2018-100.png\",\"width\":73,\"height\":100,\"caption\":\"Tietoturva ry\"},\"image\":{\"@id\":\"https:\\\/\\\/tivia-jasenyhdistykset.fi\\\/tietoturva\\\/#\\\/schema\\\/logo\\\/image\\\/\"},\"sameAs\":[\"https:\\\/\\\/www.facebook.com\\\/TietoturvaRy\\\/\",\"https:\\\/\\\/x.com\\\/tietoturva_ry\",\"https:\\\/\\\/www.linkedin.com\\\/company\\\/tietoturva\\\/\",\"https:\\\/\\\/www.youtube.com\\\/channel\\\/UCmXkytjYpJ4_N2msCNy69sw\\\/\"]}]}<\/script>\n<!-- \/ Yoast SEO plugin. -->","yoast_head_json":{"title":"Opinn\u00e4ytety\u00f6kilpailu - Tietoturva ry","robots":{"index":"index","follow":"follow","max-snippet":"max-snippet:-1","max-image-preview":"max-image-preview:large","max-video-preview":"max-video-preview:-1"},"canonical":"https:\/\/tivia-jasenyhdistykset.fi\/tietoturva\/toiminta\/opinnaytetyokilpailu\/","og_locale":"fi_FI","og_type":"article","og_title":"Opinn\u00e4ytety\u00f6kilpailu - Tietoturva ry","og_description":"Tietoturva ry:n opinn\u00e4ytety\u00f6kilpailu vuodelle 2026 Tietoturva ry my\u00f6nt\u00e4\u00e4 vuosittain opinn\u00e4ytety\u00f6palkinnon parhaimmasta tietoturva-aiheisesta opinn\u00e4ytety\u00f6st\u00e4. Sarjoja on kaksi, ylemmille ja alemmille korkeakoulututkinnoille. Kilpailuun voi osallistua aiheella, joka liittyy tietoturvallisuuden mihin tahansa eri osa-alueeseen, mukaan lukien tietosuojan ja kyberturvallisuuden. Palkinnon tarkoituksena on kannustaa opiskelijoita tekem\u00e4\u00e4n laadukkaita tietoturvaa k\u00e4sittelevi\u00e4 opinn\u00e4ytet\u00f6it\u00e4 ja n\u00e4in edist\u00e4\u00e4 suomalaista tietoturvaosaamista.","og_url":"https:\/\/tivia-jasenyhdistykset.fi\/tietoturva\/toiminta\/opinnaytetyokilpailu\/","og_site_name":"Tietoturva ry","article_publisher":"https:\/\/www.facebook.com\/TietoturvaRy\/","article_modified_time":"2025-11-06T09:58:55+00:00","og_image":[{"width":754,"height":687,"url":"https:\/\/tivia-jasenyhdistykset.fi\/tietoturva\/wp-content\/uploads\/sites\/7\/2020\/11\/Opinnayte.jpg","type":"image\/jpeg"}],"twitter_card":"summary_large_image","twitter_site":"@tietoturva_ry","twitter_misc":{"Arvioitu lukuaika":"3 minuuttia"},"schema":{"@context":"https:\/\/schema.org","@graph":[{"@type":"WebPage","@id":"https:\/\/tivia-jasenyhdistykset.fi\/tietoturva\/toiminta\/opinnaytetyokilpailu\/","url":"https:\/\/tivia-jasenyhdistykset.fi\/tietoturva\/toiminta\/opinnaytetyokilpailu\/","name":"Opinn\u00e4ytety\u00f6kilpailu - Tietoturva ry","isPartOf":{"@id":"https:\/\/tivia-jasenyhdistykset.fi\/tietoturva\/#website"},"primaryImageOfPage":{"@id":"https:\/\/tivia-jasenyhdistykset.fi\/tietoturva\/toiminta\/opinnaytetyokilpailu\/#primaryimage"},"image":{"@id":"https:\/\/tivia-jasenyhdistykset.fi\/tietoturva\/toiminta\/opinnaytetyokilpailu\/#primaryimage"},"thumbnailUrl":"https:\/\/tivia-jasenyhdistykset.fi\/tietoturva\/wp-content\/uploads\/sites\/7\/2020\/11\/Opinnayte.jpg","datePublished":"2020-05-13T15:01:18+00:00","dateModified":"2025-11-06T09:58:55+00:00","breadcrumb":{"@id":"https:\/\/tivia-jasenyhdistykset.fi\/tietoturva\/toiminta\/opinnaytetyokilpailu\/#breadcrumb"},"inLanguage":"fi","potentialAction":[{"@type":"ReadAction","target":["https:\/\/tivia-jasenyhdistykset.fi\/tietoturva\/toiminta\/opinnaytetyokilpailu\/"]}]},{"@type":"ImageObject","inLanguage":"fi","@id":"https:\/\/tivia-jasenyhdistykset.fi\/tietoturva\/toiminta\/opinnaytetyokilpailu\/#primaryimage","url":"https:\/\/tivia-jasenyhdistykset.fi\/tietoturva\/wp-content\/uploads\/sites\/7\/2020\/11\/Opinnayte.jpg","contentUrl":"https:\/\/tivia-jasenyhdistykset.fi\/tietoturva\/wp-content\/uploads\/sites\/7\/2020\/11\/Opinnayte.jpg","width":754,"height":687},{"@type":"BreadcrumbList","@id":"https:\/\/tivia-jasenyhdistykset.fi\/tietoturva\/toiminta\/opinnaytetyokilpailu\/#breadcrumb","itemListElement":[{"@type":"ListItem","position":1,"name":"Etusivu","item":"https:\/\/tivia-jasenyhdistykset.fi\/tietoturva\/"},{"@type":"ListItem","position":2,"name":"Toiminta","item":"https:\/\/tivia-jasenyhdistykset.fi\/tietoturva\/toiminta\/"},{"@type":"ListItem","position":3,"name":"Opinn\u00e4ytety\u00f6kilpailu"}]},{"@type":"WebSite","@id":"https:\/\/tivia-jasenyhdistykset.fi\/tietoturva\/#website","url":"https:\/\/tivia-jasenyhdistykset.fi\/tietoturva\/","name":"Tietoturva ry","description":"Suomen suurin tietoturva-ammattilaisten verkosto","publisher":{"@id":"https:\/\/tivia-jasenyhdistykset.fi\/tietoturva\/#organization"},"potentialAction":[{"@type":"SearchAction","target":{"@type":"EntryPoint","urlTemplate":"https:\/\/tivia-jasenyhdistykset.fi\/tietoturva\/?s={search_term_string}"},"query-input":{"@type":"PropertyValueSpecification","valueRequired":true,"valueName":"search_term_string"}}],"inLanguage":"fi"},{"@type":"Organization","@id":"https:\/\/tivia-jasenyhdistykset.fi\/tietoturva\/#organization","name":"Tietoturva ry","url":"https:\/\/tivia-jasenyhdistykset.fi\/tietoturva\/","logo":{"@type":"ImageObject","inLanguage":"fi","@id":"https:\/\/tivia-jasenyhdistykset.fi\/tietoturva\/#\/schema\/logo\/image\/","url":"https:\/\/tietoturva.fi\/wp-content\/uploads\/sites\/7\/2021\/05\/Tietoturva-logo-2018-100.png","contentUrl":"https:\/\/tietoturva.fi\/wp-content\/uploads\/sites\/7\/2021\/05\/Tietoturva-logo-2018-100.png","width":73,"height":100,"caption":"Tietoturva ry"},"image":{"@id":"https:\/\/tivia-jasenyhdistykset.fi\/tietoturva\/#\/schema\/logo\/image\/"},"sameAs":["https:\/\/www.facebook.com\/TietoturvaRy\/","https:\/\/x.com\/tietoturva_ry","https:\/\/www.linkedin.com\/company\/tietoturva\/","https:\/\/www.youtube.com\/channel\/UCmXkytjYpJ4_N2msCNy69sw\/"]}]}},"_links":{"self":[{"href":"https:\/\/tivia-jasenyhdistykset.fi\/tietoturva\/wp-json\/wp\/v2\/pages\/405","targetHints":{"allow":["GET"]}}],"collection":[{"href":"https:\/\/tivia-jasenyhdistykset.fi\/tietoturva\/wp-json\/wp\/v2\/pages"}],"about":[{"href":"https:\/\/tivia-jasenyhdistykset.fi\/tietoturva\/wp-json\/wp\/v2\/types\/page"}],"author":[{"embeddable":true,"href":"https:\/\/tivia-jasenyhdistykset.fi\/tietoturva\/wp-json\/wp\/v2\/users\/2408"}],"replies":[{"embeddable":true,"href":"https:\/\/tivia-jasenyhdistykset.fi\/tietoturva\/wp-json\/wp\/v2\/comments?post=405"}],"version-history":[{"count":69,"href":"https:\/\/tivia-jasenyhdistykset.fi\/tietoturva\/wp-json\/wp\/v2\/pages\/405\/revisions"}],"predecessor-version":[{"id":3417,"href":"https:\/\/tivia-jasenyhdistykset.fi\/tietoturva\/wp-json\/wp\/v2\/pages\/405\/revisions\/3417"}],"up":[{"embeddable":true,"href":"https:\/\/tivia-jasenyhdistykset.fi\/tietoturva\/wp-json\/wp\/v2\/pages\/436"}],"wp:featuredmedia":[{"embeddable":true,"href":"https:\/\/tivia-jasenyhdistykset.fi\/tietoturva\/wp-json\/wp\/v2\/media\/539"}],"wp:attachment":[{"href":"https:\/\/tivia-jasenyhdistykset.fi\/tietoturva\/wp-json\/wp\/v2\/media?parent=405"}],"curies":[{"name":"wp","href":"https:\/\/api.w.org\/{rel}","templated":true}]}}