{"id":436,"date":"2020-05-17T11:53:05","date_gmt":"2020-05-17T08:53:05","guid":{"rendered":"https:\/\/tietoturva.fi\/?page_id=436"},"modified":"2025-08-06T00:01:53","modified_gmt":"2025-08-05T21:01:53","slug":"toiminta","status":"publish","type":"page","link":"https:\/\/tivia-jasenyhdistykset.fi\/tietoturva\/toiminta\/","title":{"rendered":"Toiminta"},"content":{"rendered":"<p data-start=\"321\" data-end=\"620\">Tietoturva ry toimii siell\u00e4, miss\u00e4 tietoturva kehittyy ja tekee n\u00e4kyv\u00e4ksi ne, jotka sen eteen ty\u00f6skentelev\u00e4t. Yhteis\u00f6mme kautta jaamme asiantuntemusta, tuemme oppimista ja palkitsemme hyvi\u00e4 k\u00e4yt\u00e4nt\u00f6j\u00e4. Haluamme nostaa esiin tietoturvan merkityst\u00e4 sek\u00e4 ammattilaisten ett\u00e4 yhteiskunnan tasolla.<\/p>\n<h3>Lue lis\u00e4\u00e4:<\/h3>\n<ul>\n<li><a href=\"https:\/\/tietoturva.fi\/toiminta\/ciso\/\">Vuoden tietoturvap\u00e4\u00e4llikk\u00f6<\/a><\/li>\n<li><a href=\"https:\/\/tietoturva.fi\/toiminta\/opinnaytetyokilpailu\/\">Opinn\u00e4ytety\u00f6kilpailu<\/a><\/li>\n<li><a href=\"https:\/\/tietoturva.fi\/toiminta\/vuositunnustus\/\">Tietoturvatunnustus<\/a><\/li>\n<li><a href=\"https:\/\/tietoturva.fi\/toiminta\/tietosuojaverkosto\/\">Tietosuojaverkosto<\/a><\/li>\n<\/ul>\n","protected":false},"excerpt":{"rendered":"<p data-start=\"321\" data-end=\"620\">Tietoturva ry toimii siell\u00e4, miss\u00e4 tietoturva kehittyy ja tekee n\u00e4kyv\u00e4ksi ne, jotka sen eteen ty\u00f6skentelev\u00e4t. Yhteis\u00f6mme kautta jaamme asiantuntemusta, tuemme oppimista ja palkitsemme hyvi\u00e4 k\u00e4yt\u00e4nt\u00f6j\u00e4. Haluamme nostaa esiin tietoturvan merkityst\u00e4 sek\u00e4 ammattilaisten ett\u00e4 yhteiskunnan tasolla.<\/p>\n<p>Lue lis\u00e4\u00e4:<\/p>\n<ul>\n<li><a href=\"https:\/\/tietoturva.fi\/toiminta\/ciso\/\">Vuoden tietoturvap\u00e4\u00e4llikk\u00f6<\/a><\/li>\n<li><a href=\"https:\/\/tietoturva.fi\/toiminta\/opinnaytetyokilpailu\/\">Opinn\u00e4ytety\u00f6kilpailu<\/a><\/li>\n<li><a href=\"https:\/\/tietoturva.fi\/toiminta\/vuositunnustus\/\">Tietoturvatunnustus<\/a><\/li>\n<li><a href=\"https:\/\/tietoturva.fi\/toiminta\/tietosuojaverkosto\/\">Tietosuojaverkosto<\/a><\/li>\n<\/ul>\n","protected":false},"author":2408,"featured_media":3157,"parent":0,"menu_order":0,"comment_status":"closed","ping_status":"closed","template":"","meta":{"_acf_changed":false,"footnotes":""},"class_list":["post-436","page","type-page","status-publish","has-post-thumbnail","hentry"],"acf":[],"yoast_head":"<!-- This site is optimized with the Yoast SEO plugin v27.5 - https:\/\/yoast.com\/product\/yoast-seo-wordpress\/ -->\n<title>Toiminta - Tietoturva ry<\/title>\n<meta name=\"robots\" content=\"index, follow, max-snippet:-1, max-image-preview:large, max-video-preview:-1\" \/>\n<link rel=\"canonical\" href=\"https:\/\/tivia-jasenyhdistykset.fi\/tietoturva\/toiminta\/\" \/>\n<meta property=\"og:locale\" content=\"fi_FI\" \/>\n<meta property=\"og:type\" content=\"article\" \/>\n<meta property=\"og:title\" content=\"Toiminta - Tietoturva ry\" \/>\n<meta property=\"og:description\" content=\"Tietoturva ry toimii siell\u00e4, miss\u00e4 tietoturva kehittyy ja tekee n\u00e4kyv\u00e4ksi ne, jotka sen eteen ty\u00f6skentelev\u00e4t. Yhteis\u00f6mme kautta jaamme asiantuntemusta, tuemme oppimista ja palkitsemme hyvi\u00e4 k\u00e4yt\u00e4nt\u00f6j\u00e4. Haluamme nostaa esiin tietoturvan merkityst\u00e4 sek\u00e4 ammattilaisten ett\u00e4 yhteiskunnan tasolla. Lue lis\u00e4\u00e4: Vuoden tietoturvap\u00e4\u00e4llikk\u00f6 Opinn\u00e4ytety\u00f6kilpailu Tietoturvatunnustus Tietosuojaverkosto\" \/>\n<meta property=\"og:url\" content=\"https:\/\/tivia-jasenyhdistykset.fi\/tietoturva\/toiminta\/\" \/>\n<meta property=\"og:site_name\" content=\"Tietoturva ry\" \/>\n<meta property=\"article:publisher\" content=\"https:\/\/www.facebook.com\/TietoturvaRy\/\" \/>\n<meta property=\"article:modified_time\" content=\"2025-08-05T21:01:53+00:00\" \/>\n<meta property=\"og:image\" content=\"https:\/\/tivia-jasenyhdistykset.fi\/tietoturva\/wp-content\/uploads\/sites\/7\/2025\/03\/blogi-6.jpg\" \/>\n\t<meta property=\"og:image:width\" content=\"2240\" \/>\n\t<meta property=\"og:image:height\" content=\"1260\" \/>\n\t<meta property=\"og:image:type\" content=\"image\/jpeg\" \/>\n<meta name=\"twitter:card\" content=\"summary_large_image\" \/>\n<meta name=\"twitter:site\" content=\"@tietoturva_ry\" \/>\n<meta name=\"twitter:label1\" content=\"Arvioitu lukuaika\" \/>\n\t<meta name=\"twitter:data1\" content=\"1 minuutti\" \/>\n<script type=\"application\/ld+json\" class=\"yoast-schema-graph\">{\"@context\":\"https:\\\/\\\/schema.org\",\"@graph\":[{\"@type\":\"WebPage\",\"@id\":\"https:\\\/\\\/tivia-jasenyhdistykset.fi\\\/tietoturva\\\/toiminta\\\/\",\"url\":\"https:\\\/\\\/tivia-jasenyhdistykset.fi\\\/tietoturva\\\/toiminta\\\/\",\"name\":\"Toiminta - Tietoturva ry\",\"isPartOf\":{\"@id\":\"https:\\\/\\\/tivia-jasenyhdistykset.fi\\\/tietoturva\\\/#website\"},\"primaryImageOfPage\":{\"@id\":\"https:\\\/\\\/tivia-jasenyhdistykset.fi\\\/tietoturva\\\/toiminta\\\/#primaryimage\"},\"image\":{\"@id\":\"https:\\\/\\\/tivia-jasenyhdistykset.fi\\\/tietoturva\\\/toiminta\\\/#primaryimage\"},\"thumbnailUrl\":\"https:\\\/\\\/tivia-jasenyhdistykset.fi\\\/tietoturva\\\/wp-content\\\/uploads\\\/sites\\\/7\\\/2025\\\/03\\\/blogi-6.jpg\",\"datePublished\":\"2020-05-17T08:53:05+00:00\",\"dateModified\":\"2025-08-05T21:01:53+00:00\",\"breadcrumb\":{\"@id\":\"https:\\\/\\\/tivia-jasenyhdistykset.fi\\\/tietoturva\\\/toiminta\\\/#breadcrumb\"},\"inLanguage\":\"fi\",\"potentialAction\":[{\"@type\":\"ReadAction\",\"target\":[\"https:\\\/\\\/tivia-jasenyhdistykset.fi\\\/tietoturva\\\/toiminta\\\/\"]}]},{\"@type\":\"ImageObject\",\"inLanguage\":\"fi\",\"@id\":\"https:\\\/\\\/tivia-jasenyhdistykset.fi\\\/tietoturva\\\/toiminta\\\/#primaryimage\",\"url\":\"https:\\\/\\\/tivia-jasenyhdistykset.fi\\\/tietoturva\\\/wp-content\\\/uploads\\\/sites\\\/7\\\/2025\\\/03\\\/blogi-6.jpg\",\"contentUrl\":\"https:\\\/\\\/tivia-jasenyhdistykset.fi\\\/tietoturva\\\/wp-content\\\/uploads\\\/sites\\\/7\\\/2025\\\/03\\\/blogi-6.jpg\",\"width\":2240,\"height\":1260},{\"@type\":\"BreadcrumbList\",\"@id\":\"https:\\\/\\\/tivia-jasenyhdistykset.fi\\\/tietoturva\\\/toiminta\\\/#breadcrumb\",\"itemListElement\":[{\"@type\":\"ListItem\",\"position\":1,\"name\":\"Etusivu\",\"item\":\"https:\\\/\\\/tivia-jasenyhdistykset.fi\\\/tietoturva\\\/\"},{\"@type\":\"ListItem\",\"position\":2,\"name\":\"Toiminta\"}]},{\"@type\":\"WebSite\",\"@id\":\"https:\\\/\\\/tivia-jasenyhdistykset.fi\\\/tietoturva\\\/#website\",\"url\":\"https:\\\/\\\/tivia-jasenyhdistykset.fi\\\/tietoturva\\\/\",\"name\":\"Tietoturva ry\",\"description\":\"Suomen suurin tietoturva-ammattilaisten verkosto\",\"publisher\":{\"@id\":\"https:\\\/\\\/tivia-jasenyhdistykset.fi\\\/tietoturva\\\/#organization\"},\"potentialAction\":[{\"@type\":\"SearchAction\",\"target\":{\"@type\":\"EntryPoint\",\"urlTemplate\":\"https:\\\/\\\/tivia-jasenyhdistykset.fi\\\/tietoturva\\\/?s={search_term_string}\"},\"query-input\":{\"@type\":\"PropertyValueSpecification\",\"valueRequired\":true,\"valueName\":\"search_term_string\"}}],\"inLanguage\":\"fi\"},{\"@type\":\"Organization\",\"@id\":\"https:\\\/\\\/tivia-jasenyhdistykset.fi\\\/tietoturva\\\/#organization\",\"name\":\"Tietoturva ry\",\"url\":\"https:\\\/\\\/tivia-jasenyhdistykset.fi\\\/tietoturva\\\/\",\"logo\":{\"@type\":\"ImageObject\",\"inLanguage\":\"fi\",\"@id\":\"https:\\\/\\\/tivia-jasenyhdistykset.fi\\\/tietoturva\\\/#\\\/schema\\\/logo\\\/image\\\/\",\"url\":\"https:\\\/\\\/tietoturva.fi\\\/wp-content\\\/uploads\\\/sites\\\/7\\\/2021\\\/05\\\/Tietoturva-logo-2018-100.png\",\"contentUrl\":\"https:\\\/\\\/tietoturva.fi\\\/wp-content\\\/uploads\\\/sites\\\/7\\\/2021\\\/05\\\/Tietoturva-logo-2018-100.png\",\"width\":73,\"height\":100,\"caption\":\"Tietoturva ry\"},\"image\":{\"@id\":\"https:\\\/\\\/tivia-jasenyhdistykset.fi\\\/tietoturva\\\/#\\\/schema\\\/logo\\\/image\\\/\"},\"sameAs\":[\"https:\\\/\\\/www.facebook.com\\\/TietoturvaRy\\\/\",\"https:\\\/\\\/x.com\\\/tietoturva_ry\",\"https:\\\/\\\/www.linkedin.com\\\/company\\\/tietoturva\\\/\",\"https:\\\/\\\/www.youtube.com\\\/channel\\\/UCmXkytjYpJ4_N2msCNy69sw\\\/\"]}]}<\/script>\n<!-- \/ Yoast SEO plugin. -->","yoast_head_json":{"title":"Toiminta - Tietoturva ry","robots":{"index":"index","follow":"follow","max-snippet":"max-snippet:-1","max-image-preview":"max-image-preview:large","max-video-preview":"max-video-preview:-1"},"canonical":"https:\/\/tivia-jasenyhdistykset.fi\/tietoturva\/toiminta\/","og_locale":"fi_FI","og_type":"article","og_title":"Toiminta - Tietoturva ry","og_description":"Tietoturva ry toimii siell\u00e4, miss\u00e4 tietoturva kehittyy ja tekee n\u00e4kyv\u00e4ksi ne, jotka sen eteen ty\u00f6skentelev\u00e4t. Yhteis\u00f6mme kautta jaamme asiantuntemusta, tuemme oppimista ja palkitsemme hyvi\u00e4 k\u00e4yt\u00e4nt\u00f6j\u00e4. Haluamme nostaa esiin tietoturvan merkityst\u00e4 sek\u00e4 ammattilaisten ett\u00e4 yhteiskunnan tasolla. Lue lis\u00e4\u00e4: Vuoden tietoturvap\u00e4\u00e4llikk\u00f6 Opinn\u00e4ytety\u00f6kilpailu Tietoturvatunnustus Tietosuojaverkosto","og_url":"https:\/\/tivia-jasenyhdistykset.fi\/tietoturva\/toiminta\/","og_site_name":"Tietoturva ry","article_publisher":"https:\/\/www.facebook.com\/TietoturvaRy\/","article_modified_time":"2025-08-05T21:01:53+00:00","og_image":[{"width":2240,"height":1260,"url":"https:\/\/tivia-jasenyhdistykset.fi\/tietoturva\/wp-content\/uploads\/sites\/7\/2025\/03\/blogi-6.jpg","type":"image\/jpeg"}],"twitter_card":"summary_large_image","twitter_site":"@tietoturva_ry","twitter_misc":{"Arvioitu lukuaika":"1 minuutti"},"schema":{"@context":"https:\/\/schema.org","@graph":[{"@type":"WebPage","@id":"https:\/\/tivia-jasenyhdistykset.fi\/tietoturva\/toiminta\/","url":"https:\/\/tivia-jasenyhdistykset.fi\/tietoturva\/toiminta\/","name":"Toiminta - Tietoturva ry","isPartOf":{"@id":"https:\/\/tivia-jasenyhdistykset.fi\/tietoturva\/#website"},"primaryImageOfPage":{"@id":"https:\/\/tivia-jasenyhdistykset.fi\/tietoturva\/toiminta\/#primaryimage"},"image":{"@id":"https:\/\/tivia-jasenyhdistykset.fi\/tietoturva\/toiminta\/#primaryimage"},"thumbnailUrl":"https:\/\/tivia-jasenyhdistykset.fi\/tietoturva\/wp-content\/uploads\/sites\/7\/2025\/03\/blogi-6.jpg","datePublished":"2020-05-17T08:53:05+00:00","dateModified":"2025-08-05T21:01:53+00:00","breadcrumb":{"@id":"https:\/\/tivia-jasenyhdistykset.fi\/tietoturva\/toiminta\/#breadcrumb"},"inLanguage":"fi","potentialAction":[{"@type":"ReadAction","target":["https:\/\/tivia-jasenyhdistykset.fi\/tietoturva\/toiminta\/"]}]},{"@type":"ImageObject","inLanguage":"fi","@id":"https:\/\/tivia-jasenyhdistykset.fi\/tietoturva\/toiminta\/#primaryimage","url":"https:\/\/tivia-jasenyhdistykset.fi\/tietoturva\/wp-content\/uploads\/sites\/7\/2025\/03\/blogi-6.jpg","contentUrl":"https:\/\/tivia-jasenyhdistykset.fi\/tietoturva\/wp-content\/uploads\/sites\/7\/2025\/03\/blogi-6.jpg","width":2240,"height":1260},{"@type":"BreadcrumbList","@id":"https:\/\/tivia-jasenyhdistykset.fi\/tietoturva\/toiminta\/#breadcrumb","itemListElement":[{"@type":"ListItem","position":1,"name":"Etusivu","item":"https:\/\/tivia-jasenyhdistykset.fi\/tietoturva\/"},{"@type":"ListItem","position":2,"name":"Toiminta"}]},{"@type":"WebSite","@id":"https:\/\/tivia-jasenyhdistykset.fi\/tietoturva\/#website","url":"https:\/\/tivia-jasenyhdistykset.fi\/tietoturva\/","name":"Tietoturva ry","description":"Suomen suurin tietoturva-ammattilaisten verkosto","publisher":{"@id":"https:\/\/tivia-jasenyhdistykset.fi\/tietoturva\/#organization"},"potentialAction":[{"@type":"SearchAction","target":{"@type":"EntryPoint","urlTemplate":"https:\/\/tivia-jasenyhdistykset.fi\/tietoturva\/?s={search_term_string}"},"query-input":{"@type":"PropertyValueSpecification","valueRequired":true,"valueName":"search_term_string"}}],"inLanguage":"fi"},{"@type":"Organization","@id":"https:\/\/tivia-jasenyhdistykset.fi\/tietoturva\/#organization","name":"Tietoturva ry","url":"https:\/\/tivia-jasenyhdistykset.fi\/tietoturva\/","logo":{"@type":"ImageObject","inLanguage":"fi","@id":"https:\/\/tivia-jasenyhdistykset.fi\/tietoturva\/#\/schema\/logo\/image\/","url":"https:\/\/tietoturva.fi\/wp-content\/uploads\/sites\/7\/2021\/05\/Tietoturva-logo-2018-100.png","contentUrl":"https:\/\/tietoturva.fi\/wp-content\/uploads\/sites\/7\/2021\/05\/Tietoturva-logo-2018-100.png","width":73,"height":100,"caption":"Tietoturva ry"},"image":{"@id":"https:\/\/tivia-jasenyhdistykset.fi\/tietoturva\/#\/schema\/logo\/image\/"},"sameAs":["https:\/\/www.facebook.com\/TietoturvaRy\/","https:\/\/x.com\/tietoturva_ry","https:\/\/www.linkedin.com\/company\/tietoturva\/","https:\/\/www.youtube.com\/channel\/UCmXkytjYpJ4_N2msCNy69sw\/"]}]}},"_links":{"self":[{"href":"https:\/\/tivia-jasenyhdistykset.fi\/tietoturva\/wp-json\/wp\/v2\/pages\/436","targetHints":{"allow":["GET"]}}],"collection":[{"href":"https:\/\/tivia-jasenyhdistykset.fi\/tietoturva\/wp-json\/wp\/v2\/pages"}],"about":[{"href":"https:\/\/tivia-jasenyhdistykset.fi\/tietoturva\/wp-json\/wp\/v2\/types\/page"}],"author":[{"embeddable":true,"href":"https:\/\/tivia-jasenyhdistykset.fi\/tietoturva\/wp-json\/wp\/v2\/users\/2408"}],"replies":[{"embeddable":true,"href":"https:\/\/tivia-jasenyhdistykset.fi\/tietoturva\/wp-json\/wp\/v2\/comments?post=436"}],"version-history":[{"count":6,"href":"https:\/\/tivia-jasenyhdistykset.fi\/tietoturva\/wp-json\/wp\/v2\/pages\/436\/revisions"}],"predecessor-version":[{"id":3228,"href":"https:\/\/tivia-jasenyhdistykset.fi\/tietoturva\/wp-json\/wp\/v2\/pages\/436\/revisions\/3228"}],"wp:featuredmedia":[{"embeddable":true,"href":"https:\/\/tivia-jasenyhdistykset.fi\/tietoturva\/wp-json\/wp\/v2\/media\/3157"}],"wp:attachment":[{"href":"https:\/\/tivia-jasenyhdistykset.fi\/tietoturva\/wp-json\/wp\/v2\/media?parent=436"}],"curies":[{"name":"wp","href":"https:\/\/api.w.org\/{rel}","templated":true}]}}