{"id":442,"date":"2020-06-06T18:46:26","date_gmt":"2020-06-06T15:46:26","guid":{"rendered":"https:\/\/tietoturva.fi\/?page_id=442"},"modified":"2025-08-06T00:03:13","modified_gmt":"2025-08-05T21:03:13","slug":"tietosuojaverkosto","status":"publish","type":"page","link":"https:\/\/tivia-jasenyhdistykset.fi\/tietoturva\/toiminta\/tietosuojaverkosto\/","title":{"rendered":"Tietosuojaverkosto"},"content":{"rendered":"<h3>Tule mukaan tietosuojaverkostoon<\/h3>\n<p>Tietosuojaverkosto on\u00a0<a class=\"c-link\" href=\"https:\/\/tivia-jasenyhdistykset.fi\/tivia\/tivia-yhteiso\/\" target=\"_blank\" rel=\"noopener noreferrer\" data-stringify-link=\"https:\/\/tivia-jasenyhdistykset.fi\/tivia\/tivia-yhteiso\/\" data-sk=\"tooltip_parent\">TIVIA<\/a>n j\u00e4senyhdistyksien j\u00e4senille suunnattu\u00a0<a class=\"c-link\" href=\"https:\/\/tietoturva.fi\/\" target=\"_blank\" rel=\"noopener noreferrer\" data-stringify-link=\"https:\/\/tietoturva.fi\/\" data-sk=\"tooltip_parent\">Tietoturva ry<\/a>:n j\u00e4rjest\u00e4m\u00e4 verkosto kaikille tietosuojaosaajille tai siit\u00e4 muuten kiinnostuneille. Verkostossa keskustellaan tietosuojan ajankohtaisista asioista, jaetaan parhaita k\u00e4yt\u00e4nt\u00f6j\u00e4 sek\u00e4 annetaan vertaistukea.<\/p>\n<h3><strong>Kenelle?<\/strong><\/h3>\n<p>Kaikille Tivian j\u00e4senyhteis\u00f6jen j\u00e4senille, kuten Tietoturva ry:n j\u00e4senille. Mik\u00e4li et ole viel\u00e4 j\u00e4sen, voit halutessasi samalla sek\u00e4 ilmoittautua tapahtumaan, ett\u00e4 liitty\u00e4 j\u00e4seneksi. Mik\u00e4li liityt j\u00e4seneksi ilmoittautumisen yhteydess\u00e4, t\u00e4yt\u00e4 my\u00f6s syntym\u00e4aikasi ja muussa tapauksessa j\u00e4t\u00e4 tyhj\u00e4ksi.<\/p>\n<p>Tietoturva ry:n j\u00e4seneksi p\u00e4\u00e4set liittym\u00e4\u00e4n my\u00f6s <a href=\"https:\/\/tietoturva.fi\/jaseneksi\/\">sivustomme kautta<\/a>.<\/p>\n<h3><strong>Tapahtumat<\/strong><\/h3>\n<p>Julkaisemme tietosuojaverkoston tapaamiset ja tapahtumat nettisivuilllamme.<\/p>\n<h3><strong>Lis\u00e4tietoja<\/strong><\/h3>\n<p><strong>Aino Mikkonen<\/strong><br \/>\nTietoturva ry:n hallituksen j\u00e4sen<br \/>\n<a href=\"mailto:oona.matinpalo@tietoturva.fi\">aino.mikkonen@tietoturva.fi<\/a><\/p>\n<p>&nbsp;<\/p>\n","protected":false},"excerpt":{"rendered":"<p>Tule mukaan tietosuojaverkostoon<\/p>\n<p>Tietosuojaverkosto on\u00a0<a class=\"c-link\" href=\"https:\/\/tivia-jasenyhdistykset.fi\/tivia\/tivia-yhteiso\/\" target=\"_blank\" rel=\"noopener noreferrer\" data-stringify-link=\"https:\/\/tivia-jasenyhdistykset.fi\/tivia\/tivia-yhteiso\/\" data-sk=\"tooltip_parent\">TIVIA<\/a>n j\u00e4senyhdistyksien j\u00e4senille suunnattu\u00a0<a class=\"c-link\" href=\"https:\/\/tietoturva.fi\/\" target=\"_blank\" rel=\"noopener noreferrer\" data-stringify-link=\"https:\/\/tietoturva.fi\/\" data-sk=\"tooltip_parent\">Tietoturva ry<\/a>:n j\u00e4rjest\u00e4m\u00e4 verkosto kaikille tietosuojaosaajille tai siit\u00e4 muuten kiinnostuneille. Verkostossa keskustellaan tietosuojan ajankohtaisista asioista, jaetaan parhaita k\u00e4yt\u00e4nt\u00f6j\u00e4 sek\u00e4 annetaan vertaistukea.<\/p>\n<p>Kenelle?<\/p>\n<p>Kaikille Tivian j\u00e4senyhteis\u00f6jen j\u00e4senille,<\/p>\n","protected":false},"author":2408,"featured_media":3156,"parent":436,"menu_order":0,"comment_status":"closed","ping_status":"closed","template":"","meta":{"_acf_changed":false,"footnotes":""},"class_list":["post-442","page","type-page","status-publish","has-post-thumbnail","hentry"],"acf":[],"yoast_head":"<!-- This site is optimized with the Yoast SEO plugin v27.5 - https:\/\/yoast.com\/product\/yoast-seo-wordpress\/ -->\n<title>Tietosuojaverkosto - Tietoturva ry<\/title>\n<meta name=\"robots\" content=\"index, follow, max-snippet:-1, max-image-preview:large, max-video-preview:-1\" \/>\n<link rel=\"canonical\" href=\"https:\/\/tivia-jasenyhdistykset.fi\/tietoturva\/toiminta\/tietosuojaverkosto\/\" \/>\n<meta property=\"og:locale\" content=\"fi_FI\" \/>\n<meta property=\"og:type\" content=\"article\" \/>\n<meta property=\"og:title\" content=\"Tietosuojaverkosto - Tietoturva ry\" \/>\n<meta property=\"og:description\" content=\"Tule mukaan tietosuojaverkostoon Tietosuojaverkosto on\u00a0TIVIAn j\u00e4senyhdistyksien j\u00e4senille suunnattu\u00a0Tietoturva ry:n j\u00e4rjest\u00e4m\u00e4 verkosto kaikille tietosuojaosaajille tai siit\u00e4 muuten kiinnostuneille. Verkostossa keskustellaan tietosuojan ajankohtaisista asioista, jaetaan parhaita k\u00e4yt\u00e4nt\u00f6j\u00e4 sek\u00e4 annetaan vertaistukea. Kenelle? Kaikille Tivian j\u00e4senyhteis\u00f6jen j\u00e4senille,\" \/>\n<meta property=\"og:url\" content=\"https:\/\/tivia-jasenyhdistykset.fi\/tietoturva\/toiminta\/tietosuojaverkosto\/\" \/>\n<meta property=\"og:site_name\" content=\"Tietoturva ry\" \/>\n<meta property=\"article:publisher\" content=\"https:\/\/www.facebook.com\/TietoturvaRy\/\" \/>\n<meta property=\"article:modified_time\" content=\"2025-08-05T21:03:13+00:00\" \/>\n<meta property=\"og:image\" content=\"https:\/\/tivia-jasenyhdistykset.fi\/tietoturva\/wp-content\/uploads\/sites\/7\/2025\/03\/blogi-5.jpg\" \/>\n\t<meta property=\"og:image:width\" content=\"2240\" \/>\n\t<meta property=\"og:image:height\" content=\"1260\" \/>\n\t<meta property=\"og:image:type\" content=\"image\/jpeg\" \/>\n<meta name=\"twitter:card\" content=\"summary_large_image\" \/>\n<meta name=\"twitter:site\" content=\"@tietoturva_ry\" \/>\n<meta name=\"twitter:label1\" content=\"Arvioitu lukuaika\" \/>\n\t<meta name=\"twitter:data1\" content=\"1 minuutti\" \/>\n<script type=\"application\/ld+json\" class=\"yoast-schema-graph\">{\"@context\":\"https:\\\/\\\/schema.org\",\"@graph\":[{\"@type\":\"WebPage\",\"@id\":\"https:\\\/\\\/tivia-jasenyhdistykset.fi\\\/tietoturva\\\/toiminta\\\/tietosuojaverkosto\\\/\",\"url\":\"https:\\\/\\\/tivia-jasenyhdistykset.fi\\\/tietoturva\\\/toiminta\\\/tietosuojaverkosto\\\/\",\"name\":\"Tietosuojaverkosto - Tietoturva ry\",\"isPartOf\":{\"@id\":\"https:\\\/\\\/tivia-jasenyhdistykset.fi\\\/tietoturva\\\/#website\"},\"primaryImageOfPage\":{\"@id\":\"https:\\\/\\\/tivia-jasenyhdistykset.fi\\\/tietoturva\\\/toiminta\\\/tietosuojaverkosto\\\/#primaryimage\"},\"image\":{\"@id\":\"https:\\\/\\\/tivia-jasenyhdistykset.fi\\\/tietoturva\\\/toiminta\\\/tietosuojaverkosto\\\/#primaryimage\"},\"thumbnailUrl\":\"https:\\\/\\\/tivia-jasenyhdistykset.fi\\\/tietoturva\\\/wp-content\\\/uploads\\\/sites\\\/7\\\/2025\\\/03\\\/blogi-5.jpg\",\"datePublished\":\"2020-06-06T15:46:26+00:00\",\"dateModified\":\"2025-08-05T21:03:13+00:00\",\"breadcrumb\":{\"@id\":\"https:\\\/\\\/tivia-jasenyhdistykset.fi\\\/tietoturva\\\/toiminta\\\/tietosuojaverkosto\\\/#breadcrumb\"},\"inLanguage\":\"fi\",\"potentialAction\":[{\"@type\":\"ReadAction\",\"target\":[\"https:\\\/\\\/tivia-jasenyhdistykset.fi\\\/tietoturva\\\/toiminta\\\/tietosuojaverkosto\\\/\"]}]},{\"@type\":\"ImageObject\",\"inLanguage\":\"fi\",\"@id\":\"https:\\\/\\\/tivia-jasenyhdistykset.fi\\\/tietoturva\\\/toiminta\\\/tietosuojaverkosto\\\/#primaryimage\",\"url\":\"https:\\\/\\\/tivia-jasenyhdistykset.fi\\\/tietoturva\\\/wp-content\\\/uploads\\\/sites\\\/7\\\/2025\\\/03\\\/blogi-5.jpg\",\"contentUrl\":\"https:\\\/\\\/tivia-jasenyhdistykset.fi\\\/tietoturva\\\/wp-content\\\/uploads\\\/sites\\\/7\\\/2025\\\/03\\\/blogi-5.jpg\",\"width\":2240,\"height\":1260},{\"@type\":\"BreadcrumbList\",\"@id\":\"https:\\\/\\\/tivia-jasenyhdistykset.fi\\\/tietoturva\\\/toiminta\\\/tietosuojaverkosto\\\/#breadcrumb\",\"itemListElement\":[{\"@type\":\"ListItem\",\"position\":1,\"name\":\"Etusivu\",\"item\":\"https:\\\/\\\/tivia-jasenyhdistykset.fi\\\/tietoturva\\\/\"},{\"@type\":\"ListItem\",\"position\":2,\"name\":\"Toiminta\",\"item\":\"https:\\\/\\\/tivia-jasenyhdistykset.fi\\\/tietoturva\\\/toiminta\\\/\"},{\"@type\":\"ListItem\",\"position\":3,\"name\":\"Tietosuojaverkosto\"}]},{\"@type\":\"WebSite\",\"@id\":\"https:\\\/\\\/tivia-jasenyhdistykset.fi\\\/tietoturva\\\/#website\",\"url\":\"https:\\\/\\\/tivia-jasenyhdistykset.fi\\\/tietoturva\\\/\",\"name\":\"Tietoturva ry\",\"description\":\"Suomen suurin tietoturva-ammattilaisten verkosto\",\"publisher\":{\"@id\":\"https:\\\/\\\/tivia-jasenyhdistykset.fi\\\/tietoturva\\\/#organization\"},\"potentialAction\":[{\"@type\":\"SearchAction\",\"target\":{\"@type\":\"EntryPoint\",\"urlTemplate\":\"https:\\\/\\\/tivia-jasenyhdistykset.fi\\\/tietoturva\\\/?s={search_term_string}\"},\"query-input\":{\"@type\":\"PropertyValueSpecification\",\"valueRequired\":true,\"valueName\":\"search_term_string\"}}],\"inLanguage\":\"fi\"},{\"@type\":\"Organization\",\"@id\":\"https:\\\/\\\/tivia-jasenyhdistykset.fi\\\/tietoturva\\\/#organization\",\"name\":\"Tietoturva ry\",\"url\":\"https:\\\/\\\/tivia-jasenyhdistykset.fi\\\/tietoturva\\\/\",\"logo\":{\"@type\":\"ImageObject\",\"inLanguage\":\"fi\",\"@id\":\"https:\\\/\\\/tivia-jasenyhdistykset.fi\\\/tietoturva\\\/#\\\/schema\\\/logo\\\/image\\\/\",\"url\":\"https:\\\/\\\/tietoturva.fi\\\/wp-content\\\/uploads\\\/sites\\\/7\\\/2021\\\/05\\\/Tietoturva-logo-2018-100.png\",\"contentUrl\":\"https:\\\/\\\/tietoturva.fi\\\/wp-content\\\/uploads\\\/sites\\\/7\\\/2021\\\/05\\\/Tietoturva-logo-2018-100.png\",\"width\":73,\"height\":100,\"caption\":\"Tietoturva ry\"},\"image\":{\"@id\":\"https:\\\/\\\/tivia-jasenyhdistykset.fi\\\/tietoturva\\\/#\\\/schema\\\/logo\\\/image\\\/\"},\"sameAs\":[\"https:\\\/\\\/www.facebook.com\\\/TietoturvaRy\\\/\",\"https:\\\/\\\/x.com\\\/tietoturva_ry\",\"https:\\\/\\\/www.linkedin.com\\\/company\\\/tietoturva\\\/\",\"https:\\\/\\\/www.youtube.com\\\/channel\\\/UCmXkytjYpJ4_N2msCNy69sw\\\/\"]}]}<\/script>\n<!-- \/ Yoast SEO plugin. -->","yoast_head_json":{"title":"Tietosuojaverkosto - Tietoturva ry","robots":{"index":"index","follow":"follow","max-snippet":"max-snippet:-1","max-image-preview":"max-image-preview:large","max-video-preview":"max-video-preview:-1"},"canonical":"https:\/\/tivia-jasenyhdistykset.fi\/tietoturva\/toiminta\/tietosuojaverkosto\/","og_locale":"fi_FI","og_type":"article","og_title":"Tietosuojaverkosto - Tietoturva ry","og_description":"Tule mukaan tietosuojaverkostoon Tietosuojaverkosto on\u00a0TIVIAn j\u00e4senyhdistyksien j\u00e4senille suunnattu\u00a0Tietoturva ry:n j\u00e4rjest\u00e4m\u00e4 verkosto kaikille tietosuojaosaajille tai siit\u00e4 muuten kiinnostuneille. Verkostossa keskustellaan tietosuojan ajankohtaisista asioista, jaetaan parhaita k\u00e4yt\u00e4nt\u00f6j\u00e4 sek\u00e4 annetaan vertaistukea. Kenelle? Kaikille Tivian j\u00e4senyhteis\u00f6jen j\u00e4senille,","og_url":"https:\/\/tivia-jasenyhdistykset.fi\/tietoturva\/toiminta\/tietosuojaverkosto\/","og_site_name":"Tietoturva ry","article_publisher":"https:\/\/www.facebook.com\/TietoturvaRy\/","article_modified_time":"2025-08-05T21:03:13+00:00","og_image":[{"width":2240,"height":1260,"url":"https:\/\/tivia-jasenyhdistykset.fi\/tietoturva\/wp-content\/uploads\/sites\/7\/2025\/03\/blogi-5.jpg","type":"image\/jpeg"}],"twitter_card":"summary_large_image","twitter_site":"@tietoturva_ry","twitter_misc":{"Arvioitu lukuaika":"1 minuutti"},"schema":{"@context":"https:\/\/schema.org","@graph":[{"@type":"WebPage","@id":"https:\/\/tivia-jasenyhdistykset.fi\/tietoturva\/toiminta\/tietosuojaverkosto\/","url":"https:\/\/tivia-jasenyhdistykset.fi\/tietoturva\/toiminta\/tietosuojaverkosto\/","name":"Tietosuojaverkosto - Tietoturva ry","isPartOf":{"@id":"https:\/\/tivia-jasenyhdistykset.fi\/tietoturva\/#website"},"primaryImageOfPage":{"@id":"https:\/\/tivia-jasenyhdistykset.fi\/tietoturva\/toiminta\/tietosuojaverkosto\/#primaryimage"},"image":{"@id":"https:\/\/tivia-jasenyhdistykset.fi\/tietoturva\/toiminta\/tietosuojaverkosto\/#primaryimage"},"thumbnailUrl":"https:\/\/tivia-jasenyhdistykset.fi\/tietoturva\/wp-content\/uploads\/sites\/7\/2025\/03\/blogi-5.jpg","datePublished":"2020-06-06T15:46:26+00:00","dateModified":"2025-08-05T21:03:13+00:00","breadcrumb":{"@id":"https:\/\/tivia-jasenyhdistykset.fi\/tietoturva\/toiminta\/tietosuojaverkosto\/#breadcrumb"},"inLanguage":"fi","potentialAction":[{"@type":"ReadAction","target":["https:\/\/tivia-jasenyhdistykset.fi\/tietoturva\/toiminta\/tietosuojaverkosto\/"]}]},{"@type":"ImageObject","inLanguage":"fi","@id":"https:\/\/tivia-jasenyhdistykset.fi\/tietoturva\/toiminta\/tietosuojaverkosto\/#primaryimage","url":"https:\/\/tivia-jasenyhdistykset.fi\/tietoturva\/wp-content\/uploads\/sites\/7\/2025\/03\/blogi-5.jpg","contentUrl":"https:\/\/tivia-jasenyhdistykset.fi\/tietoturva\/wp-content\/uploads\/sites\/7\/2025\/03\/blogi-5.jpg","width":2240,"height":1260},{"@type":"BreadcrumbList","@id":"https:\/\/tivia-jasenyhdistykset.fi\/tietoturva\/toiminta\/tietosuojaverkosto\/#breadcrumb","itemListElement":[{"@type":"ListItem","position":1,"name":"Etusivu","item":"https:\/\/tivia-jasenyhdistykset.fi\/tietoturva\/"},{"@type":"ListItem","position":2,"name":"Toiminta","item":"https:\/\/tivia-jasenyhdistykset.fi\/tietoturva\/toiminta\/"},{"@type":"ListItem","position":3,"name":"Tietosuojaverkosto"}]},{"@type":"WebSite","@id":"https:\/\/tivia-jasenyhdistykset.fi\/tietoturva\/#website","url":"https:\/\/tivia-jasenyhdistykset.fi\/tietoturva\/","name":"Tietoturva ry","description":"Suomen suurin tietoturva-ammattilaisten verkosto","publisher":{"@id":"https:\/\/tivia-jasenyhdistykset.fi\/tietoturva\/#organization"},"potentialAction":[{"@type":"SearchAction","target":{"@type":"EntryPoint","urlTemplate":"https:\/\/tivia-jasenyhdistykset.fi\/tietoturva\/?s={search_term_string}"},"query-input":{"@type":"PropertyValueSpecification","valueRequired":true,"valueName":"search_term_string"}}],"inLanguage":"fi"},{"@type":"Organization","@id":"https:\/\/tivia-jasenyhdistykset.fi\/tietoturva\/#organization","name":"Tietoturva ry","url":"https:\/\/tivia-jasenyhdistykset.fi\/tietoturva\/","logo":{"@type":"ImageObject","inLanguage":"fi","@id":"https:\/\/tivia-jasenyhdistykset.fi\/tietoturva\/#\/schema\/logo\/image\/","url":"https:\/\/tietoturva.fi\/wp-content\/uploads\/sites\/7\/2021\/05\/Tietoturva-logo-2018-100.png","contentUrl":"https:\/\/tietoturva.fi\/wp-content\/uploads\/sites\/7\/2021\/05\/Tietoturva-logo-2018-100.png","width":73,"height":100,"caption":"Tietoturva ry"},"image":{"@id":"https:\/\/tivia-jasenyhdistykset.fi\/tietoturva\/#\/schema\/logo\/image\/"},"sameAs":["https:\/\/www.facebook.com\/TietoturvaRy\/","https:\/\/x.com\/tietoturva_ry","https:\/\/www.linkedin.com\/company\/tietoturva\/","https:\/\/www.youtube.com\/channel\/UCmXkytjYpJ4_N2msCNy69sw\/"]}]}},"_links":{"self":[{"href":"https:\/\/tivia-jasenyhdistykset.fi\/tietoturva\/wp-json\/wp\/v2\/pages\/442","targetHints":{"allow":["GET"]}}],"collection":[{"href":"https:\/\/tivia-jasenyhdistykset.fi\/tietoturva\/wp-json\/wp\/v2\/pages"}],"about":[{"href":"https:\/\/tivia-jasenyhdistykset.fi\/tietoturva\/wp-json\/wp\/v2\/types\/page"}],"author":[{"embeddable":true,"href":"https:\/\/tivia-jasenyhdistykset.fi\/tietoturva\/wp-json\/wp\/v2\/users\/2408"}],"replies":[{"embeddable":true,"href":"https:\/\/tivia-jasenyhdistykset.fi\/tietoturva\/wp-json\/wp\/v2\/comments?post=442"}],"version-history":[{"count":36,"href":"https:\/\/tivia-jasenyhdistykset.fi\/tietoturva\/wp-json\/wp\/v2\/pages\/442\/revisions"}],"predecessor-version":[{"id":3231,"href":"https:\/\/tivia-jasenyhdistykset.fi\/tietoturva\/wp-json\/wp\/v2\/pages\/442\/revisions\/3231"}],"up":[{"embeddable":true,"href":"https:\/\/tivia-jasenyhdistykset.fi\/tietoturva\/wp-json\/wp\/v2\/pages\/436"}],"wp:featuredmedia":[{"embeddable":true,"href":"https:\/\/tivia-jasenyhdistykset.fi\/tietoturva\/wp-json\/wp\/v2\/media\/3156"}],"wp:attachment":[{"href":"https:\/\/tivia-jasenyhdistykset.fi\/tietoturva\/wp-json\/wp\/v2\/media?parent=442"}],"curies":[{"name":"wp","href":"https:\/\/api.w.org\/{rel}","templated":true}]}}