{"id":79,"date":"2019-04-05T16:51:17","date_gmt":"2019-04-05T13:51:17","guid":{"rendered":"https:\/\/tiviafi.test.cchosting.fi\/tiviafi-2\/?page_id=79"},"modified":"2025-12-15T13:37:18","modified_gmt":"2025-12-15T11:37:18","slug":"jaseneksi","status":"publish","type":"page","link":"https:\/\/tivia-jasenyhdistykset.fi\/tietoturva\/jaseneksi\/","title":{"rendered":"J\u00e4senyys"},"content":{"rendered":"<h1>Liity Suomen suurimpaan tietoturva-asiantuntijoiden verkostoon<\/h1>\n<p><strong>Tietoturva ry<\/strong> on Suomen suurin tietoturva-ammattilaisten verkosto, joka kokoaa yhteen alan asiantuntijoita, opiskelijoita ja tietoturvasta kiinnostuneita henkil\u00f6it\u00e4. Riippumatta siit\u00e4, oletko alan konkari, aloitteleva opiskelija tai vain aiheesta kiinnostunut, olet l\u00e4mpim\u00e4sti tervetullut liittym\u00e4\u00e4n joukkoomme.<\/p>\n<p>J\u00e4senen\u00e4mme p\u00e4\u00e4set osaksi aktiivista yhteis\u00f6\u00e4, jossa voit jakaa tietoa, oppia uutta ja kasvaa tietoturvan ammattilaisena. Tule osaksi yhteis\u00f6\u00e4, joka ei vain seuraa kyberturvallisuuden kehityst\u00e4, vaan on aktiivisesti muokkaamassa sit\u00e4.<\/p>\n<hr \/>\n<h2>J\u00e4senmaksut vuodelle 2026<\/h2>\n<p>J\u00e4senmaksut vahvistetaan vuosittain. L\u00f6yd\u00e4t ajantasaiset hinnat verkkokaupastamme. J\u00e4senyytesi jatkuu toistaiseksi voimassa olevana.<\/p>\n<ul>\n<li>Henkil\u00f6j\u00e4sen 71 \u20ac<\/li>\n<li>El\u00e4kel\u00e4inen 48 \u20ac<\/li>\n<li>Opiskelija 22 \u20ac<\/li>\n<li>Nuoriso 11 \u20ac<\/li>\n<li>Mik\u00e4li olet jo jonkin<span style=\"color: #000080;\"><a style=\"color: #000080;\" href=\"https:\/\/tivia.fi\/tivia\/tivia-yhteiso\" target=\"_blank\" rel=\"noopener\"> TIVIA-yhteis\u00f6n<\/a> <\/span>j\u00e4senyhdistyksen j\u00e4sen, voit liitty\u00e4 j\u00e4seneksemme lis\u00e4j\u00e4senyyden hinnalla, 18 euroa \/ vuosi.<\/li>\n<\/ul>\n<p>Valitse j\u00e4senyytesi tyyppi ja t\u00e4yt\u00e4 liittymislomake. Liittyminen on helppoa ja nopeaa \u2013 <strong>Tervetuloa mukaan yhteis\u00f6\u00f6mme!<\/strong><\/p>\n<h3><span style=\"color: #ff0000;\"><a style=\"color: #ff0000;\" href=\"https:\/\/tivia.fi\/shop\/henkilojasen-4#attr=346\" target=\"_blank\" rel=\"noopener\">&gt;&gt; Aloita j\u00e4senyytesi t\u00e4n\u00e4\u00e4n<\/a><\/span><\/h3>\n<hr \/>\n<h2>Mit\u00e4 saat Tietoturva ry:n j\u00e4senen\u00e4?<\/h2>\n<ul>\n<li>Maksuttomia webinaareja ja tapahtumia, kuten esim. kev\u00e4\u00e4n Tietoturvakatsaus 2025 ilmaiseksi (muille 85\u20ac).<\/li>\n<li>Seminaarit edullisempaan j\u00e4senhintaan, esimerkiksi Tietoturvakatsaus 2024-seminaarin lippu vain 65 \u20ac j\u00e4senille, muille 249 \u20ac.<\/li>\n<li>Alennuksia Tietototurva ry:n j\u00e4rjest\u00e4mist\u00e4 <a href=\"https:\/\/tietoturva.fi\/ajankohtaista\/?fwp_categories=koulutus\">tietoturvakoulutuksista<\/a>.<\/li>\n<li>Alennuksia yhteisty\u00f6kumppaniemme <a href=\"https:\/\/tietoturva.fi\/ajankohtaista\/?fwp_categories=koulutus\">tietoturvakoulutuksista<\/a> ja -tapahtumista.<\/li>\n<li>Arrow ECS:n j\u00e4rjest\u00e4m\u00e4t EC-Councilin kurssit jopa 20% edullisemmin.<\/li>\n<li>J\u00e4senhintainen osallistuminen valittuihin <span style=\"color: #000080;\"><a style=\"color: #000080;\" href=\"https:\/\/engage.isaca.org\/finlandchapter\/home\" target=\"_blank\" rel=\"noopener\">ISACA Finland Chapter<\/a>, <a style=\"color: #000080;\" href=\"https:\/\/theiia.fi\/\" target=\"_blank\" rel=\"noopener\">IIA Finland<\/a><\/span> sek\u00e4 <span style=\"color: #000080;\"><a style=\"color: #000080;\" href=\"https:\/\/owasp.org\/www-chapter-helsinki\/\" target=\"_blank\" rel=\"noopener\">OWASP Helsinki Chapter<\/a> <\/span>koulutuksiin.<\/li>\n<li>P\u00e4\u00e4set osaksi aktiivista ja monipuolista yhteis\u00f6\u00e4, joka jakaa tietoa, kokemuksia ja parhaita k\u00e4yt\u00e4nt\u00f6j\u00e4.<\/li>\n<\/ul>\n<p><span style=\"color: #ff0000;\"><a style=\"color: #ff0000;\" href=\"https:\/\/tivia.fi\/shop\/henkilojasen-4#attr=346\" target=\"_blank\" rel=\"noopener\">&gt;&gt; Liity henkil\u00f6j\u00e4seneksi t\u00e4st\u00e4<\/a><\/span><\/p>\n<h3><b>+ TIVIA-yhteis\u00f6n henkil\u00f6j\u00e4senen\u00e4 pystyt hy\u00f6dynt\u00e4m\u00e4\u00e4n monia rahanarvoisia j\u00e4senenetuja<\/b><\/h3>\n<ul>\n<li><span style=\"color: #000080;\"><a style=\"color: #000080;\" href=\"https:\/\/tivia.fi\/jasenyys\/jasenedut#tapahtumat\">Tapahtumat<\/a><\/span><\/li>\n<li><span style=\"color: #000080;\"><a style=\"color: #000080;\" href=\"https:\/\/tivia.fi\/jasenyys\/jasenedut#verkkosisallot\">Verkkosis\u00e4ll\u00f6t<\/a><\/span><\/li>\n<li><span style=\"color: #000080;\"><a style=\"color: #000080;\" href=\"https:\/\/tivia.fi\/jasenyys\/jasenedut#TIVIA-etupaketit\">TIVIA-etupaketit<\/a><\/span><\/li>\n<li><span style=\"color: #000080;\"><a style=\"color: #000080;\" href=\"https:\/\/tivia.fi\/jasenyys\/jasenedut#IT-insider\">IT Insider<\/a><\/span><\/li>\n<li><span style=\"color: #000080;\"><a style=\"color: #000080;\" href=\"https:\/\/tivia.fi\/jasenyys\/jasenedut#koulutukset\">Koulutukset<\/a><\/span><\/li>\n<li><span style=\"color: #000080;\"><a style=\"color: #000080;\" href=\"https:\/\/tivia.fi\/jasenyys\/jasenedut#ICT-tuotteet-ja-palvelut\">ICT-tuotteet ja -palvelut<\/a><\/span><\/li>\n<li><span style=\"color: #000080;\"><a style=\"color: #000080;\" href=\"https:\/\/tivia.fi\/jasenyys\/jasenedut#lehdet-ja-kirjat\">Lehdet ja kirjat<\/a><\/span><\/li>\n<li><span style=\"color: #000080;\"><a style=\"color: #000080;\" href=\"https:\/\/tivia.fi\/jasenyys\/jasenedut#matka-ja-hotellipalvelut\">Matka- ja hotellipalvelut<\/a><\/span><\/li>\n<li><span style=\"color: #000080;\"><a style=\"color: #000080;\" href=\"https:\/\/tivia.fi\/jasenyys\/jasenedut#muut-tuotteet-ja-palvelut\">Muut tuotteet ja palvelut (liikunta, vakuutukset)<\/a><\/span><\/li>\n<\/ul>\n<p>Tarkemman listauksen j\u00e4seneduista l\u00f6yd\u00e4t<span style=\"color: #000080;\"> <a style=\"color: #000080;\" href=\"http:\/\/tivia.fi\/jasenyys\/jasenedut\">TIVIAn verkkosivulta<\/a><\/span>!<\/p>\n<hr \/>\n<h2>Liity nyt!<\/h2>\n<p>\u00c4l\u00e4 j\u00e4\u00e4 paitsi mahdollisuudesta kasvaa, oppia ja verkostoitua. Liity Tietoturva ry:n j\u00e4seneksi t\u00e4n\u00e4\u00e4n ja ota seuraava askel urallasi tietoturvan parissa.<\/p>\n<h3><span style=\"color: #ff0000;\"><a style=\"color: #ff0000;\" href=\"https:\/\/tivia.fi\/shop\/henkilojasen-4#attr=346\" target=\"_blank\" rel=\"noopener\">&gt;&gt; Liity joukkoomme<\/a><\/span><\/h3>\n<hr \/>\n<h3>Yhteisty\u00f6kumppanit ja sponsorit<\/h3>\n<p>Haluatko tukea toimintaamme ja saada samalla n\u00e4kyvyytt\u00e4 yrityksellesi? Tutustu kumppanuus- ja sponsorointimahdollisuuksiin <span style=\"color: #ff0000;\"><a style=\"color: #ff0000;\" href=\"https:\/\/tietoturva.fi\/liity-yhteisojaseneksi-tai-kumppaniksi\/\" target=\"_blank\" rel=\"noopener\">&gt;&gt; Kurkkaa t\u00e4nne<\/a><\/span><\/p>\n","protected":false},"excerpt":{"rendered":"<p>Liity Suomen suurimpaan tietoturva-asiantuntijoiden verkostoon<\/p>\n<p>Tietoturva ry on Suomen suurin tietoturva-ammattilaisten verkosto, joka kokoaa yhteen alan asiantuntijoita, opiskelijoita ja tietoturvasta kiinnostuneita henkil\u00f6it\u00e4. Riippumatta siit\u00e4, oletko alan konkari, aloitteleva opiskelija tai vain aiheesta kiinnostunut, olet l\u00e4mpim\u00e4sti tervetullut liittym\u00e4\u00e4n joukkoomme.<\/p>\n<p>J\u00e4senen\u00e4mme p\u00e4\u00e4set osaksi aktiivista yhteis\u00f6\u00e4,<\/p>\n","protected":false},"author":2408,"featured_media":0,"parent":0,"menu_order":0,"comment_status":"closed","ping_status":"closed","template":"","meta":{"_acf_changed":false,"footnotes":""},"class_list":["post-79","page","type-page","status-publish","hentry"],"acf":[],"yoast_head":"<!-- This site is optimized with the Yoast SEO plugin v27.5 - https:\/\/yoast.com\/product\/yoast-seo-wordpress\/ -->\n<title>J\u00e4senyys - Tietoturva ry<\/title>\n<meta name=\"robots\" content=\"index, follow, max-snippet:-1, max-image-preview:large, max-video-preview:-1\" \/>\n<link rel=\"canonical\" href=\"https:\/\/tivia-jasenyhdistykset.fi\/tietoturva\/jaseneksi\/\" \/>\n<meta property=\"og:locale\" content=\"fi_FI\" \/>\n<meta property=\"og:type\" content=\"article\" \/>\n<meta property=\"og:title\" content=\"J\u00e4senyys - Tietoturva ry\" \/>\n<meta property=\"og:description\" content=\"Liity Suomen suurimpaan tietoturva-asiantuntijoiden verkostoon Tietoturva ry on Suomen suurin tietoturva-ammattilaisten verkosto, joka kokoaa yhteen alan asiantuntijoita, opiskelijoita ja tietoturvasta kiinnostuneita henkil\u00f6it\u00e4. Riippumatta siit\u00e4, oletko alan konkari, aloitteleva opiskelija tai vain aiheesta kiinnostunut, olet l\u00e4mpim\u00e4sti tervetullut liittym\u00e4\u00e4n joukkoomme. J\u00e4senen\u00e4mme p\u00e4\u00e4set osaksi aktiivista yhteis\u00f6\u00e4,\" \/>\n<meta property=\"og:url\" content=\"https:\/\/tivia-jasenyhdistykset.fi\/tietoturva\/jaseneksi\/\" \/>\n<meta property=\"og:site_name\" content=\"Tietoturva ry\" \/>\n<meta property=\"article:publisher\" content=\"https:\/\/www.facebook.com\/TietoturvaRy\/\" \/>\n<meta property=\"article:modified_time\" content=\"2025-12-15T11:37:18+00:00\" \/>\n<meta property=\"og:image\" content=\"https:\/\/tivia-jasenyhdistykset.fi\/tietoturva\/wp-content\/uploads\/sites\/7\/2021\/05\/Tietoturva-logo-2018-100.png\" \/>\n\t<meta property=\"og:image:width\" content=\"73\" \/>\n\t<meta property=\"og:image:height\" content=\"100\" \/>\n\t<meta property=\"og:image:type\" content=\"image\/png\" \/>\n<meta name=\"twitter:card\" content=\"summary_large_image\" \/>\n<meta name=\"twitter:site\" content=\"@tietoturva_ry\" \/>\n<meta name=\"twitter:label1\" content=\"Arvioitu lukuaika\" \/>\n\t<meta name=\"twitter:data1\" content=\"2 minuuttia\" \/>\n<script type=\"application\/ld+json\" class=\"yoast-schema-graph\">{\"@context\":\"https:\\\/\\\/schema.org\",\"@graph\":[{\"@type\":\"WebPage\",\"@id\":\"https:\\\/\\\/tivia-jasenyhdistykset.fi\\\/tietoturva\\\/jaseneksi\\\/\",\"url\":\"https:\\\/\\\/tivia-jasenyhdistykset.fi\\\/tietoturva\\\/jaseneksi\\\/\",\"name\":\"J\u00e4senyys - Tietoturva ry\",\"isPartOf\":{\"@id\":\"https:\\\/\\\/tivia-jasenyhdistykset.fi\\\/tietoturva\\\/#website\"},\"datePublished\":\"2019-04-05T13:51:17+00:00\",\"dateModified\":\"2025-12-15T11:37:18+00:00\",\"breadcrumb\":{\"@id\":\"https:\\\/\\\/tivia-jasenyhdistykset.fi\\\/tietoturva\\\/jaseneksi\\\/#breadcrumb\"},\"inLanguage\":\"fi\",\"potentialAction\":[{\"@type\":\"ReadAction\",\"target\":[\"https:\\\/\\\/tivia-jasenyhdistykset.fi\\\/tietoturva\\\/jaseneksi\\\/\"]}]},{\"@type\":\"BreadcrumbList\",\"@id\":\"https:\\\/\\\/tivia-jasenyhdistykset.fi\\\/tietoturva\\\/jaseneksi\\\/#breadcrumb\",\"itemListElement\":[{\"@type\":\"ListItem\",\"position\":1,\"name\":\"Etusivu\",\"item\":\"https:\\\/\\\/tivia-jasenyhdistykset.fi\\\/tietoturva\\\/\"},{\"@type\":\"ListItem\",\"position\":2,\"name\":\"J\u00e4senyys\"}]},{\"@type\":\"WebSite\",\"@id\":\"https:\\\/\\\/tivia-jasenyhdistykset.fi\\\/tietoturva\\\/#website\",\"url\":\"https:\\\/\\\/tivia-jasenyhdistykset.fi\\\/tietoturva\\\/\",\"name\":\"Tietoturva ry\",\"description\":\"Suomen suurin tietoturva-ammattilaisten verkosto\",\"publisher\":{\"@id\":\"https:\\\/\\\/tivia-jasenyhdistykset.fi\\\/tietoturva\\\/#organization\"},\"potentialAction\":[{\"@type\":\"SearchAction\",\"target\":{\"@type\":\"EntryPoint\",\"urlTemplate\":\"https:\\\/\\\/tivia-jasenyhdistykset.fi\\\/tietoturva\\\/?s={search_term_string}\"},\"query-input\":{\"@type\":\"PropertyValueSpecification\",\"valueRequired\":true,\"valueName\":\"search_term_string\"}}],\"inLanguage\":\"fi\"},{\"@type\":\"Organization\",\"@id\":\"https:\\\/\\\/tivia-jasenyhdistykset.fi\\\/tietoturva\\\/#organization\",\"name\":\"Tietoturva ry\",\"url\":\"https:\\\/\\\/tivia-jasenyhdistykset.fi\\\/tietoturva\\\/\",\"logo\":{\"@type\":\"ImageObject\",\"inLanguage\":\"fi\",\"@id\":\"https:\\\/\\\/tivia-jasenyhdistykset.fi\\\/tietoturva\\\/#\\\/schema\\\/logo\\\/image\\\/\",\"url\":\"https:\\\/\\\/tietoturva.fi\\\/wp-content\\\/uploads\\\/sites\\\/7\\\/2021\\\/05\\\/Tietoturva-logo-2018-100.png\",\"contentUrl\":\"https:\\\/\\\/tietoturva.fi\\\/wp-content\\\/uploads\\\/sites\\\/7\\\/2021\\\/05\\\/Tietoturva-logo-2018-100.png\",\"width\":73,\"height\":100,\"caption\":\"Tietoturva ry\"},\"image\":{\"@id\":\"https:\\\/\\\/tivia-jasenyhdistykset.fi\\\/tietoturva\\\/#\\\/schema\\\/logo\\\/image\\\/\"},\"sameAs\":[\"https:\\\/\\\/www.facebook.com\\\/TietoturvaRy\\\/\",\"https:\\\/\\\/x.com\\\/tietoturva_ry\",\"https:\\\/\\\/www.linkedin.com\\\/company\\\/tietoturva\\\/\",\"https:\\\/\\\/www.youtube.com\\\/channel\\\/UCmXkytjYpJ4_N2msCNy69sw\\\/\"]}]}<\/script>\n<!-- \/ Yoast SEO plugin. -->","yoast_head_json":{"title":"J\u00e4senyys - Tietoturva ry","robots":{"index":"index","follow":"follow","max-snippet":"max-snippet:-1","max-image-preview":"max-image-preview:large","max-video-preview":"max-video-preview:-1"},"canonical":"https:\/\/tivia-jasenyhdistykset.fi\/tietoturva\/jaseneksi\/","og_locale":"fi_FI","og_type":"article","og_title":"J\u00e4senyys - Tietoturva ry","og_description":"Liity Suomen suurimpaan tietoturva-asiantuntijoiden verkostoon Tietoturva ry on Suomen suurin tietoturva-ammattilaisten verkosto, joka kokoaa yhteen alan asiantuntijoita, opiskelijoita ja tietoturvasta kiinnostuneita henkil\u00f6it\u00e4. Riippumatta siit\u00e4, oletko alan konkari, aloitteleva opiskelija tai vain aiheesta kiinnostunut, olet l\u00e4mpim\u00e4sti tervetullut liittym\u00e4\u00e4n joukkoomme. J\u00e4senen\u00e4mme p\u00e4\u00e4set osaksi aktiivista yhteis\u00f6\u00e4,","og_url":"https:\/\/tivia-jasenyhdistykset.fi\/tietoturva\/jaseneksi\/","og_site_name":"Tietoturva ry","article_publisher":"https:\/\/www.facebook.com\/TietoturvaRy\/","article_modified_time":"2025-12-15T11:37:18+00:00","og_image":[{"width":73,"height":100,"url":"https:\/\/tivia-jasenyhdistykset.fi\/tietoturva\/wp-content\/uploads\/sites\/7\/2021\/05\/Tietoturva-logo-2018-100.png","type":"image\/png"}],"twitter_card":"summary_large_image","twitter_site":"@tietoturva_ry","twitter_misc":{"Arvioitu lukuaika":"2 minuuttia"},"schema":{"@context":"https:\/\/schema.org","@graph":[{"@type":"WebPage","@id":"https:\/\/tivia-jasenyhdistykset.fi\/tietoturva\/jaseneksi\/","url":"https:\/\/tivia-jasenyhdistykset.fi\/tietoturva\/jaseneksi\/","name":"J\u00e4senyys - Tietoturva ry","isPartOf":{"@id":"https:\/\/tivia-jasenyhdistykset.fi\/tietoturva\/#website"},"datePublished":"2019-04-05T13:51:17+00:00","dateModified":"2025-12-15T11:37:18+00:00","breadcrumb":{"@id":"https:\/\/tivia-jasenyhdistykset.fi\/tietoturva\/jaseneksi\/#breadcrumb"},"inLanguage":"fi","potentialAction":[{"@type":"ReadAction","target":["https:\/\/tivia-jasenyhdistykset.fi\/tietoturva\/jaseneksi\/"]}]},{"@type":"BreadcrumbList","@id":"https:\/\/tivia-jasenyhdistykset.fi\/tietoturva\/jaseneksi\/#breadcrumb","itemListElement":[{"@type":"ListItem","position":1,"name":"Etusivu","item":"https:\/\/tivia-jasenyhdistykset.fi\/tietoturva\/"},{"@type":"ListItem","position":2,"name":"J\u00e4senyys"}]},{"@type":"WebSite","@id":"https:\/\/tivia-jasenyhdistykset.fi\/tietoturva\/#website","url":"https:\/\/tivia-jasenyhdistykset.fi\/tietoturva\/","name":"Tietoturva ry","description":"Suomen suurin tietoturva-ammattilaisten verkosto","publisher":{"@id":"https:\/\/tivia-jasenyhdistykset.fi\/tietoturva\/#organization"},"potentialAction":[{"@type":"SearchAction","target":{"@type":"EntryPoint","urlTemplate":"https:\/\/tivia-jasenyhdistykset.fi\/tietoturva\/?s={search_term_string}"},"query-input":{"@type":"PropertyValueSpecification","valueRequired":true,"valueName":"search_term_string"}}],"inLanguage":"fi"},{"@type":"Organization","@id":"https:\/\/tivia-jasenyhdistykset.fi\/tietoturva\/#organization","name":"Tietoturva ry","url":"https:\/\/tivia-jasenyhdistykset.fi\/tietoturva\/","logo":{"@type":"ImageObject","inLanguage":"fi","@id":"https:\/\/tivia-jasenyhdistykset.fi\/tietoturva\/#\/schema\/logo\/image\/","url":"https:\/\/tietoturva.fi\/wp-content\/uploads\/sites\/7\/2021\/05\/Tietoturva-logo-2018-100.png","contentUrl":"https:\/\/tietoturva.fi\/wp-content\/uploads\/sites\/7\/2021\/05\/Tietoturva-logo-2018-100.png","width":73,"height":100,"caption":"Tietoturva ry"},"image":{"@id":"https:\/\/tivia-jasenyhdistykset.fi\/tietoturva\/#\/schema\/logo\/image\/"},"sameAs":["https:\/\/www.facebook.com\/TietoturvaRy\/","https:\/\/x.com\/tietoturva_ry","https:\/\/www.linkedin.com\/company\/tietoturva\/","https:\/\/www.youtube.com\/channel\/UCmXkytjYpJ4_N2msCNy69sw\/"]}]}},"_links":{"self":[{"href":"https:\/\/tivia-jasenyhdistykset.fi\/tietoturva\/wp-json\/wp\/v2\/pages\/79","targetHints":{"allow":["GET"]}}],"collection":[{"href":"https:\/\/tivia-jasenyhdistykset.fi\/tietoturva\/wp-json\/wp\/v2\/pages"}],"about":[{"href":"https:\/\/tivia-jasenyhdistykset.fi\/tietoturva\/wp-json\/wp\/v2\/types\/page"}],"author":[{"embeddable":true,"href":"https:\/\/tivia-jasenyhdistykset.fi\/tietoturva\/wp-json\/wp\/v2\/users\/2408"}],"replies":[{"embeddable":true,"href":"https:\/\/tivia-jasenyhdistykset.fi\/tietoturva\/wp-json\/wp\/v2\/comments?post=79"}],"version-history":[{"count":41,"href":"https:\/\/tivia-jasenyhdistykset.fi\/tietoturva\/wp-json\/wp\/v2\/pages\/79\/revisions"}],"predecessor-version":[{"id":3491,"href":"https:\/\/tivia-jasenyhdistykset.fi\/tietoturva\/wp-json\/wp\/v2\/pages\/79\/revisions\/3491"}],"wp:attachment":[{"href":"https:\/\/tivia-jasenyhdistykset.fi\/tietoturva\/wp-json\/wp\/v2\/media?parent=79"}],"curies":[{"name":"wp","href":"https:\/\/api.w.org\/{rel}","templated":true}]}}